{"id":4188,"date":"2025-06-29T05:18:25","date_gmt":"2025-06-29T05:18:25","guid":{"rendered":"https:\/\/mhuagroup.com\/?page_id=4188"},"modified":"2025-11-25T07:24:12","modified_gmt":"2025-11-25T07:24:12","slug":"factory","status":"publish","type":"page","link":"https:\/\/mhuagroup.com\/es\/factory\/","title":{"rendered":"F\u00e1brica"},"content":{"rendered":"<div data-elementor-type=\"wp-page\" data-elementor-id=\"4188\" class=\"elementor elementor-4188\" data-elementor-post-type=\"page\">\n\t\t\t\t<div class=\"elementor-element elementor-element-84ec61f e-con-full e-flex e-con e-parent\" data-id=\"84ec61f\" data-element_type=\"container\" data-e-type=\"container\">\n\t\t\t\t<div class=\"elementor-element elementor-element-227ef36 elementor-widget elementor-widget-image\" data-id=\"227ef36\" data-element_type=\"widget\" data-e-type=\"widget\" data-widget_type=\"image.default\">\n\t\t\t\t<div class=\"elementor-widget-container\">\n\t\t\t\t\t\t\t\t\t\t\t\t\t\t\t<img alt=\"\" fetchpriority=\"high\" decoding=\"async\" width=\"1920\" height=\"400\" src=\"https:\/\/mhuagroup.com\/wp-content\/uploads\/2025\/11\/\u672a\u6807\u9898-4-1.jpg\" class=\"attachment-full size-full wp-image-5546\" srcset=\"https:\/\/mhuagroup.com\/wp-content\/uploads\/2025\/11\/\u672a\u6807\u9898-4-1.jpg 1920w, https:\/\/mhuagroup.com\/wp-content\/uploads\/2025\/11\/\u672a\u6807\u9898-4-1-300x63.jpg 300w, https:\/\/mhuagroup.com\/wp-content\/uploads\/2025\/11\/\u672a\u6807\u9898-4-1-1024x213.jpg 1024w, https:\/\/mhuagroup.com\/wp-content\/uploads\/2025\/11\/\u672a\u6807\u9898-4-1-768x160.jpg 768w, https:\/\/mhuagroup.com\/wp-content\/uploads\/2025\/11\/\u672a\u6807\u9898-4-1-1536x320.jpg 1536w, https:\/\/mhuagroup.com\/wp-content\/uploads\/2025\/11\/\u672a\u6807\u9898-4-1-18x4.jpg 18w, https:\/\/mhuagroup.com\/wp-content\/uploads\/2025\/11\/\u672a\u6807\u9898-4-1-600x125.jpg 600w\" sizes=\"(max-width: 1920px) 100vw, 1920px\" \/>\t\t\t\t\t\t\t\t\t\t\t\t\t\t\t<\/div>\n\t\t\t\t<\/div>\n\t\t\t\t<\/div>\n\t\t<div class=\"elementor-element elementor-element-4c78184 e-flex e-con-boxed e-con e-parent\" data-id=\"4c78184\" data-element_type=\"container\" data-e-type=\"container\">\n\t\t\t\t\t<div class=\"e-con-inner\">\n\t\t\t\t<div class=\"elementor-element elementor-element-b3e1eb0 elementor-widget elementor-widget-heading\" data-id=\"b3e1eb0\" data-element_type=\"widget\" data-e-type=\"widget\" data-widget_type=\"heading.default\">\n\t\t\t\t<div class=\"elementor-widget-container\">\n\t\t\t\t\t<h2 class=\"elementor-heading-title elementor-size-default\">Grupo Mhua<\/h2>\t\t\t\t<\/div>\n\t\t\t\t<\/div>\n\t\t\t\t<div class=\"elementor-element elementor-element-03cf54e elementor-widget elementor-widget-text-editor\" data-id=\"03cf54e\" data-element_type=\"widget\" data-e-type=\"widget\" data-widget_type=\"text-editor.default\">\n\t\t\t\t<div class=\"elementor-widget-container\">\n\t\t\t\t\t\t\t\t\t<p>Situada en Jinan, conocida como la \"F\u00e1brica del Mundo\", nuestra empresa es una compa\u00f1\u00eda profesional que integra I+D, producci\u00f3n y venta de sombrillas para exteriores. Contamos con una plantilla de m\u00e1s de 100 empleados y una base de producci\u00f3n de m\u00e1s de 5.000 metros cuadrados. Tras a\u00f1os de esfuerzos incansables y desarrollo continuo, ahora contamos con avanzados equipos de producci\u00f3n y un equipo de I+D altamente cualificado.<\/p>\t\t\t\t\t\t\t\t<\/div>\n\t\t\t\t<\/div>\n\t\t\t\t\t<\/div>\n\t\t\t\t<\/div>\n\t\t<div class=\"elementor-element elementor-element-b998b83 e-flex e-con-boxed e-con e-parent\" data-id=\"b998b83\" data-element_type=\"container\" data-e-type=\"container\">\n\t\t\t\t\t<div class=\"e-con-inner\">\n\t\t\t\t<div class=\"elementor-element elementor-element-ddad330 elementor-widget elementor-widget-ucaddon_uc_tiles_grid_image\" data-id=\"ddad330\" data-element_type=\"widget\" data-e-type=\"widget\" data-widget_type=\"ucaddon_uc_tiles_grid_image.default\">\n\t\t\t\t<div class=\"elementor-widget-container\">\n\t\t\t\t\t\n<!-- start Tile Gallery -->\n\t\t<link id='unitegallery-css' href='https:\/\/mhuagroup.com\/wp-content\/plugins\/unlimited-elements-for-elementor-premium\/assets_libraries\/unitegallery\/css\/unite-gallery.css' type='text\/css' rel='stylesheet' >\n\n\n<div id=\"uc_uc_tiles_grid_image_elementor_ddad330\" style=\"display:none;direction:ltr;\" dir=\"ltr\" class=\"uc-items-wrapper\" data-custom-sethtml=\"true\" >\n\n\n<img decoding=\"async\" alt=\"1\"\n   src=\"https:\/\/mhuagroup.com\/wp-content\/uploads\/2025\/11\/1.jpg\"\n    data-image=\"https:\/\/mhuagroup.com\/wp-content\/uploads\/2025\/11\/1.jpg\"\n    data-title=\"1\">\n\n<img decoding=\"async\" alt=\"2\"\n   src=\"https:\/\/mhuagroup.com\/wp-content\/uploads\/2025\/11\/2.jpg\"\n    data-image=\"https:\/\/mhuagroup.com\/wp-content\/uploads\/2025\/11\/2.jpg\"\n    data-title=\"2\">\n\n<img decoding=\"async\" alt=\"3\"\n   src=\"https:\/\/mhuagroup.com\/wp-content\/uploads\/2025\/11\/3.jpg\"\n    data-image=\"https:\/\/mhuagroup.com\/wp-content\/uploads\/2025\/11\/3.jpg\"\n    data-title=\"3\">\n\n<img decoding=\"async\" alt=\"4\"\n   src=\"https:\/\/mhuagroup.com\/wp-content\/uploads\/2025\/11\/4.jpg\"\n    data-image=\"https:\/\/mhuagroup.com\/wp-content\/uploads\/2025\/11\/4.jpg\"\n    data-title=\"4\">\n\n<img decoding=\"async\" alt=\"5\"\n   src=\"https:\/\/mhuagroup.com\/wp-content\/uploads\/2025\/11\/5.jpg\"\n    data-image=\"https:\/\/mhuagroup.com\/wp-content\/uploads\/2025\/11\/5.jpg\"\n    data-title=\"5\">\n\n<img decoding=\"async\" alt=\"6\"\n   src=\"https:\/\/mhuagroup.com\/wp-content\/uploads\/2025\/11\/6.jpg\"\n    data-image=\"https:\/\/mhuagroup.com\/wp-content\/uploads\/2025\/11\/6.jpg\"\n    data-title=\"6\">\n\n  \n<\/div>\n<!-- end Tile Gallery -->\t\t\t\t<\/div>\n\t\t\t\t<\/div>\n\t\t\t\t\t<\/div>\n\t\t\t\t<\/div>\n\t\t\t\t<\/div>","protected":false},"excerpt":{"rendered":"<p>Mhua Group Located in Jinan, known as the &#8220;World Factory&#8221;, our company is a professional enterprise integrating the R&amp;D, production [&hellip;]<\/p>\n","protected":false},"author":1,"featured_media":0,"parent":0,"menu_order":0,"comment_status":"closed","ping_status":"closed","template":"","meta":{"_seopress_robots_primary_cat":"","_seopress_titles_title":"","_seopress_titles_desc":"","_seopress_robots_index":"","_uag_custom_page_level_css":"","site-sidebar-layout":"no-sidebar","site-content-layout":"page-builder","ast-site-content-layout":"full-width-container","site-content-style":"default","site-sidebar-style":"default","ast-global-header-display":"","ast-banner-title-visibility":"","ast-main-header-display":"","ast-hfb-above-header-display":"","ast-hfb-below-header-display":"","ast-hfb-mobile-header-display":"","site-post-title":"disabled","ast-breadcrumbs-content":"","ast-featured-img":"disabled","footer-sml-layout":"","ast-disable-related-posts":"","theme-transparent-header-meta":"","adv-header-id-meta":"","stick-header-meta":"","header-above-stick-meta":"","header-main-stick-meta":"","header-below-stick-meta":"","astra-migrate-meta-layouts":"set","ast-page-background-enabled":"default","ast-page-background-meta":{"desktop":{"background-color":"","background-image":"","background-repeat":"repeat","background-position":"center center","background-size":"auto","background-attachment":"scroll","background-type":"","background-media":"","overlay-type":"","overlay-color":"","overlay-opacity":"","overlay-gradient":""},"tablet":{"background-color":"","background-image":"","background-repeat":"repeat","background-position":"center center","background-size":"auto","background-attachment":"scroll","background-type":"","background-media":"","overlay-type":"","overlay-color":"","overlay-opacity":"","overlay-gradient":""},"mobile":{"background-color":"","background-image":"","background-repeat":"repeat","background-position":"center center","background-size":"auto","background-attachment":"scroll","background-type":"","background-media":"","overlay-type":"","overlay-color":"","overlay-opacity":"","overlay-gradient":""}},"ast-content-background-meta":{"desktop":{"background-color":"var(--ast-global-color-5)","background-image":"","background-repeat":"repeat","background-position":"center center","background-size":"auto","background-attachment":"scroll","background-type":"","background-media":"","overlay-type":"","overlay-color":"","overlay-opacity":"","overlay-gradient":""},"tablet":{"background-color":"var(--ast-global-color-5)","background-image":"","background-repeat":"repeat","background-position":"center center","background-size":"auto","background-attachment":"scroll","background-type":"","background-media":"","overlay-type":"","overlay-color":"","overlay-opacity":"","overlay-gradient":""},"mobile":{"background-color":"var(--ast-global-color-5)","background-image":"","background-repeat":"repeat","background-position":"center center","background-size":"auto","background-attachment":"scroll","background-type":"","background-media":"","overlay-type":"","overlay-color":"","overlay-opacity":"","overlay-gradient":""}},"footnotes":""},"class_list":["post-4188","page","type-page","status-publish","hentry"],"uagb_featured_image_src":{"full":false,"thumbnail":false,"medium":false,"medium_large":false,"large":false,"1536x1536":false,"2048x2048":false,"trp-custom-language-flag":false,"woocommerce_thumbnail":false,"woocommerce_single":false,"woocommerce_gallery_thumbnail":false},"uagb_author_info":{"display_name":"jinxing6611@gmail.com","author_link":"https:\/\/mhuagroup.com\/es\/author\/jinxing6611gmail-com\/"},"uagb_comment_info":0,"uagb_excerpt":"Mhua Group Located in Jinan, known as the &#8220;World Factory&#8221;, our company is a professional enterprise integrating the R&amp;D, production [&hellip;]","_links":{"self":[{"href":"https:\/\/mhuagroup.com\/es\/wp-json\/wp\/v2\/pages\/4188","targetHints":{"allow":["GET"]}}],"collection":[{"href":"https:\/\/mhuagroup.com\/es\/wp-json\/wp\/v2\/pages"}],"about":[{"href":"https:\/\/mhuagroup.com\/es\/wp-json\/wp\/v2\/types\/page"}],"author":[{"embeddable":true,"href":"https:\/\/mhuagroup.com\/es\/wp-json\/wp\/v2\/users\/1"}],"replies":[{"embeddable":true,"href":"https:\/\/mhuagroup.com\/es\/wp-json\/wp\/v2\/comments?post=4188"}],"version-history":[{"count":64,"href":"https:\/\/mhuagroup.com\/es\/wp-json\/wp\/v2\/pages\/4188\/revisions"}],"predecessor-version":[{"id":5549,"href":"https:\/\/mhuagroup.com\/es\/wp-json\/wp\/v2\/pages\/4188\/revisions\/5549"}],"wp:attachment":[{"href":"https:\/\/mhuagroup.com\/es\/wp-json\/wp\/v2\/media?parent=4188"}],"curies":[{"name":"wp","href":"https:\/\/api.w.org\/{rel}","templated":true}]}}