{"id":4380,"date":"2025-06-30T14:29:28","date_gmt":"2025-06-30T14:29:28","guid":{"rendered":"https:\/\/mhuagroup.com\/?page_id=4380"},"modified":"2025-11-26T05:46:30","modified_gmt":"2025-11-26T05:46:30","slug":"faq","status":"publish","type":"page","link":"https:\/\/mhuagroup.com\/es\/faq\/","title":{"rendered":"PREGUNTAS FRECUENTES"},"content":{"rendered":"<div data-elementor-type=\"wp-page\" data-elementor-id=\"4380\" class=\"elementor elementor-4380\" data-elementor-post-type=\"page\">\n\t\t\t\t<div class=\"elementor-element elementor-element-cc3e04e e-con-full e-flex e-con e-parent\" data-id=\"cc3e04e\" data-element_type=\"container\" data-e-type=\"container\">\n\t\t\t\t<div class=\"elementor-element elementor-element-0b033a0 elementor-widget elementor-widget-image\" data-id=\"0b033a0\" data-element_type=\"widget\" data-e-type=\"widget\" data-widget_type=\"image.default\">\n\t\t\t\t<div class=\"elementor-widget-container\">\n\t\t\t\t\t\t\t\t\t\t\t\t\t\t\t<img alt=\"\" fetchpriority=\"high\" decoding=\"async\" width=\"1920\" height=\"400\" src=\"https:\/\/mhuagroup.com\/wp-content\/uploads\/2025\/11\/\u672a\u6807\u9898-1-2.jpg\" class=\"attachment-full size-full wp-image-5542\" srcset=\"https:\/\/mhuagroup.com\/wp-content\/uploads\/2025\/11\/\u672a\u6807\u9898-1-2.jpg 1920w, https:\/\/mhuagroup.com\/wp-content\/uploads\/2025\/11\/\u672a\u6807\u9898-1-2-300x63.jpg 300w, https:\/\/mhuagroup.com\/wp-content\/uploads\/2025\/11\/\u672a\u6807\u9898-1-2-1024x213.jpg 1024w, https:\/\/mhuagroup.com\/wp-content\/uploads\/2025\/11\/\u672a\u6807\u9898-1-2-768x160.jpg 768w, https:\/\/mhuagroup.com\/wp-content\/uploads\/2025\/11\/\u672a\u6807\u9898-1-2-1536x320.jpg 1536w, https:\/\/mhuagroup.com\/wp-content\/uploads\/2025\/11\/\u672a\u6807\u9898-1-2-18x4.jpg 18w, https:\/\/mhuagroup.com\/wp-content\/uploads\/2025\/11\/\u672a\u6807\u9898-1-2-600x125.jpg 600w\" sizes=\"(max-width: 1920px) 100vw, 1920px\" \/>\t\t\t\t\t\t\t\t\t\t\t\t\t\t\t<\/div>\n\t\t\t\t<\/div>\n\t\t\t\t<\/div>\n\t\t<div class=\"elementor-element elementor-element-e5c9c45 e-flex e-con-boxed e-con e-parent\" data-id=\"e5c9c45\" data-element_type=\"container\" data-e-type=\"container\">\n\t\t\t\t\t<div class=\"e-con-inner\">\n\t\t\t\t<div class=\"elementor-element elementor-element-43b62aa elementor-widget elementor-widget-elementskit-faq\" data-id=\"43b62aa\" data-element_type=\"widget\" data-e-type=\"widget\" data-widget_type=\"elementskit-faq.default\">\n\t\t\t\t<div class=\"elementor-widget-container\">\n\t\t\t\t\t<div class=\"ekit-wid-con\" >\n                <div class=\"elementskit-single-faq elementor-repeater-item-dc2d9f1\">\n            <div class=\"elementskit-faq-header\">\n                <h2 class=\"elementskit-faq-title\"> 1.\u00bfEs usted una f\u00e1brica o una agencia?<\/h2>\n            <\/div>\n            <div class=\"elementskit-faq-body\">\n                Nuestra f\u00e1brica se fund\u00f3 en 2010 y cuenta con m\u00e1s de 15 a\u00f1os de experiencia en la fabricaci\u00f3n de toldos de exterior.            <\/div>\n        <\/div>\n                <div class=\"elementskit-single-faq elementor-repeater-item-398a44f\">\n            <div class=\"elementskit-faq-header\">\n                <h2 class=\"elementskit-faq-title\">2.\u00bfC\u00f3mo se puede hacer un control de calidad?<\/h2>\n            <\/div>\n            <div class=\"elementskit-faq-body\">\n                La empresa cuenta con avanzados equipos de prueba y un estricto proceso de control de calidad desde la materia prima hasta el producto final, tenemos 100% prueba antes de la entrega.            <\/div>\n        <\/div>\n                <div class=\"elementskit-single-faq elementor-repeater-item-d53b88f\">\n            <div class=\"elementskit-faq-header\">\n                <h2 class=\"elementskit-faq-title\"> 3. \u00bfCu\u00e1les son sus condiciones de pago?<\/h2>\n            <\/div>\n            <div class=\"elementskit-faq-body\">\n                T\/T 30% como dep\u00f3sito, y 70% antes de la entrega. Le mostraremos las fotos de los productos y paquetes antes de pagar el saldo, sin duda podemos aceptar L \/ C a la vista a trav\u00e9s de la negociaci\u00f3n.            <\/div>\n        <\/div>\n                <div class=\"elementskit-single-faq elementor-repeater-item-ebfc495\">\n            <div class=\"elementskit-faq-header\">\n                <h2 class=\"elementskit-faq-title\">4. \u00bfCu\u00e1les son sus condiciones de entrega?<\/h2>\n            <\/div>\n            <div class=\"elementskit-faq-body\">\n                FOB, CFR, CIF, etc.            <\/div>\n        <\/div>\n                <div class=\"elementskit-single-faq elementor-repeater-item-feba479\">\n            <div class=\"elementskit-faq-header\">\n                <h2 class=\"elementskit-faq-title\">5. \u00bfQu\u00e9 le parece el plazo de entrega?<\/h2>\n            <\/div>\n            <div class=\"elementskit-faq-body\">\n                Por lo general, el plazo de entrega es de 7 a 10 d\u00edas tras recibir el pago por adelantado. El plazo de entrega concreto depende de los art\u00edculos y la cantidad de su pedido.            <\/div>\n        <\/div>\n                <div class=\"elementskit-single-faq elementor-repeater-item-c9f46f1\">\n            <div class=\"elementskit-faq-header\">\n                <h2 class=\"elementskit-faq-title\">6. \u00bfC\u00f3mo conseguir que nuestra relaci\u00f3n comercial sea buena y duradera?<\/h2>\n            <\/div>\n            <div class=\"elementskit-faq-body\">\n                A: Mantenemos buena calidad y precio competitivo para asegurar a nuestros clientes se benefician ;<br>\nB: Respetamos a cada cliente como a un amigo y hacemos negocios y amistades con ellos sinceramente, vengan de donde vengan.            <\/div>\n        <\/div>\n                \n    <\/div>\t\t\t\t<\/div>\n\t\t\t\t<\/div>\n\t\t\t\t\t<\/div>\n\t\t\t\t<\/div>\n\t\t\t\t<\/div>","protected":false},"excerpt":{"rendered":"<p>1.Are you a factory or agency ? Our factory was founded in 2010 and has over 15 years of experience [&hellip;]<\/p>\n","protected":false},"author":1,"featured_media":0,"parent":0,"menu_order":0,"comment_status":"closed","ping_status":"closed","template":"","meta":{"_seopress_robots_primary_cat":"","_seopress_titles_title":"","_seopress_titles_desc":"","_seopress_robots_index":"","_uag_custom_page_level_css":"","site-sidebar-layout":"no-sidebar","site-content-layout":"page-builder","ast-site-content-layout":"full-width-container","site-content-style":"default","site-sidebar-style":"default","ast-global-header-display":"","ast-banner-title-visibility":"","ast-main-header-display":"","ast-hfb-above-header-display":"","ast-hfb-below-header-display":"","ast-hfb-mobile-header-display":"","site-post-title":"disabled","ast-breadcrumbs-content":"","ast-featured-img":"disabled","footer-sml-layout":"","ast-disable-related-posts":"","theme-transparent-header-meta":"","adv-header-id-meta":"","stick-header-meta":"","header-above-stick-meta":"","header-main-stick-meta":"","header-below-stick-meta":"","astra-migrate-meta-layouts":"set","ast-page-background-enabled":"default","ast-page-background-meta":{"desktop":{"background-color":"","background-image":"","background-repeat":"repeat","background-position":"center center","background-size":"auto","background-attachment":"scroll","background-type":"","background-media":"","overlay-type":"","overlay-color":"","overlay-opacity":"","overlay-gradient":""},"tablet":{"background-color":"","background-image":"","background-repeat":"repeat","background-position":"center center","background-size":"auto","background-attachment":"scroll","background-type":"","background-media":"","overlay-type":"","overlay-color":"","overlay-opacity":"","overlay-gradient":""},"mobile":{"background-color":"","background-image":"","background-repeat":"repeat","background-position":"center center","background-size":"auto","background-attachment":"scroll","background-type":"","background-media":"","overlay-type":"","overlay-color":"","overlay-opacity":"","overlay-gradient":""}},"ast-content-background-meta":{"desktop":{"background-color":"var(--ast-global-color-5)","background-image":"","background-repeat":"repeat","background-position":"center center","background-size":"auto","background-attachment":"scroll","background-type":"","background-media":"","overlay-type":"","overlay-color":"","overlay-opacity":"","overlay-gradient":""},"tablet":{"background-color":"var(--ast-global-color-5)","background-image":"","background-repeat":"repeat","background-position":"center center","background-size":"auto","background-attachment":"scroll","background-type":"","background-media":"","overlay-type":"","overlay-color":"","overlay-opacity":"","overlay-gradient":""},"mobile":{"background-color":"var(--ast-global-color-5)","background-image":"","background-repeat":"repeat","background-position":"center center","background-size":"auto","background-attachment":"scroll","background-type":"","background-media":"","overlay-type":"","overlay-color":"","overlay-opacity":"","overlay-gradient":""}},"footnotes":""},"class_list":["post-4380","page","type-page","status-publish","hentry"],"uagb_featured_image_src":{"full":false,"thumbnail":false,"medium":false,"medium_large":false,"large":false,"1536x1536":false,"2048x2048":false,"trp-custom-language-flag":false,"woocommerce_thumbnail":false,"woocommerce_single":false,"woocommerce_gallery_thumbnail":false},"uagb_author_info":{"display_name":"jinxing6611@gmail.com","author_link":"https:\/\/mhuagroup.com\/es\/author\/jinxing6611gmail-com\/"},"uagb_comment_info":0,"uagb_excerpt":"1.Are you a factory or agency ? Our factory was founded in 2010 and has over 15 years of experience [&hellip;]","_links":{"self":[{"href":"https:\/\/mhuagroup.com\/es\/wp-json\/wp\/v2\/pages\/4380","targetHints":{"allow":["GET"]}}],"collection":[{"href":"https:\/\/mhuagroup.com\/es\/wp-json\/wp\/v2\/pages"}],"about":[{"href":"https:\/\/mhuagroup.com\/es\/wp-json\/wp\/v2\/types\/page"}],"author":[{"embeddable":true,"href":"https:\/\/mhuagroup.com\/es\/wp-json\/wp\/v2\/users\/1"}],"replies":[{"embeddable":true,"href":"https:\/\/mhuagroup.com\/es\/wp-json\/wp\/v2\/comments?post=4380"}],"version-history":[{"count":22,"href":"https:\/\/mhuagroup.com\/es\/wp-json\/wp\/v2\/pages\/4380\/revisions"}],"predecessor-version":[{"id":5619,"href":"https:\/\/mhuagroup.com\/es\/wp-json\/wp\/v2\/pages\/4380\/revisions\/5619"}],"wp:attachment":[{"href":"https:\/\/mhuagroup.com\/es\/wp-json\/wp\/v2\/media?parent=4380"}],"curies":[{"name":"wp","href":"https:\/\/api.w.org\/{rel}","templated":true}]}}