{"id":59,"date":"2025-04-27T02:22:14","date_gmt":"2025-04-27T02:22:14","guid":{"rendered":"https:\/\/mhuagroup.com\/about\/"},"modified":"2025-11-26T02:29:45","modified_gmt":"2025-11-26T02:29:45","slug":"about","status":"publish","type":"page","link":"https:\/\/mhuagroup.com\/es\/about\/","title":{"rendered":"Acerca de"},"content":{"rendered":"<div data-elementor-type=\"wp-page\" data-elementor-id=\"59\" class=\"elementor elementor-59\" data-elementor-post-type=\"page\">\n\t\t\t\t<div class=\"elementor-element elementor-element-38e7c0f e-con-full e-flex e-con e-parent\" data-id=\"38e7c0f\" data-element_type=\"container\" data-e-type=\"container\">\n\t\t\t\t<div class=\"elementor-element elementor-element-cc103ca elementor-widget elementor-widget-image\" data-id=\"cc103ca\" data-element_type=\"widget\" data-e-type=\"widget\" data-widget_type=\"image.default\">\n\t\t\t\t<div class=\"elementor-widget-container\">\n\t\t\t\t\t\t\t\t\t\t\t\t\t\t\t<img alt=\"\" fetchpriority=\"high\" decoding=\"async\" width=\"1920\" height=\"400\" src=\"https:\/\/mhuagroup.com\/wp-content\/uploads\/2025\/11\/\u672a\u6807\u9898-3-1.jpg\" class=\"attachment-full size-full wp-image-5534\" srcset=\"https:\/\/mhuagroup.com\/wp-content\/uploads\/2025\/11\/\u672a\u6807\u9898-3-1.jpg 1920w, https:\/\/mhuagroup.com\/wp-content\/uploads\/2025\/11\/\u672a\u6807\u9898-3-1-300x63.jpg 300w, https:\/\/mhuagroup.com\/wp-content\/uploads\/2025\/11\/\u672a\u6807\u9898-3-1-1024x213.jpg 1024w, https:\/\/mhuagroup.com\/wp-content\/uploads\/2025\/11\/\u672a\u6807\u9898-3-1-768x160.jpg 768w, https:\/\/mhuagroup.com\/wp-content\/uploads\/2025\/11\/\u672a\u6807\u9898-3-1-1536x320.jpg 1536w, https:\/\/mhuagroup.com\/wp-content\/uploads\/2025\/11\/\u672a\u6807\u9898-3-1-18x4.jpg 18w, https:\/\/mhuagroup.com\/wp-content\/uploads\/2025\/11\/\u672a\u6807\u9898-3-1-600x125.jpg 600w\" sizes=\"(max-width: 1920px) 100vw, 1920px\" \/>\t\t\t\t\t\t\t\t\t\t\t\t\t\t\t<\/div>\n\t\t\t\t<\/div>\n\t\t\t\t<\/div>\n\t\t<div class=\"elementor-element elementor-element-842798e e-flex e-con-boxed e-con e-parent\" data-id=\"842798e\" data-element_type=\"container\" data-e-type=\"container\" data-settings=\"{&quot;background_background&quot;:&quot;classic&quot;}\">\n\t\t\t\t\t<div class=\"e-con-inner\">\n\t\t\t\t<div class=\"elementor-element elementor-element-c808e79 elementor-widget elementor-widget-heading\" data-id=\"c808e79\" data-element_type=\"widget\" data-e-type=\"widget\" data-widget_type=\"heading.default\">\n\t\t\t\t<div class=\"elementor-widget-container\">\n\t\t\t\t\t<h3 class=\"elementor-heading-title elementor-size-default\">Grupo Mhua<\/h3>\t\t\t\t<\/div>\n\t\t\t\t<\/div>\n\t\t<div class=\"elementor-element elementor-element-aaec576 e-con-full e-flex e-con e-child\" data-id=\"aaec576\" data-element_type=\"container\" data-e-type=\"container\">\n\t\t<div class=\"elementor-element elementor-element-167f1a6 e-con-full e-flex e-con e-child\" data-id=\"167f1a6\" data-element_type=\"container\" data-e-type=\"container\">\n\t\t\t\t<div class=\"elementor-element elementor-element-8ef9569 elementor-widget elementor-widget-image\" data-id=\"8ef9569\" data-element_type=\"widget\" data-e-type=\"widget\" data-widget_type=\"image.default\">\n\t\t\t\t<div class=\"elementor-widget-container\">\n\t\t\t\t\t\t\t\t\t\t\t\t\t\t\t<img alt=\"\" decoding=\"async\" width=\"800\" height=\"700\" src=\"https:\/\/mhuagroup.com\/wp-content\/uploads\/2025\/11\/\u672a\u6807\u9898-2-2.jpg\" class=\"attachment-large size-large wp-image-5520\" srcset=\"https:\/\/mhuagroup.com\/wp-content\/uploads\/2025\/11\/\u672a\u6807\u9898-2-2.jpg 800w, https:\/\/mhuagroup.com\/wp-content\/uploads\/2025\/11\/\u672a\u6807\u9898-2-2-300x263.jpg 300w, https:\/\/mhuagroup.com\/wp-content\/uploads\/2025\/11\/\u672a\u6807\u9898-2-2-768x672.jpg 768w, https:\/\/mhuagroup.com\/wp-content\/uploads\/2025\/11\/\u672a\u6807\u9898-2-2-14x12.jpg 14w, https:\/\/mhuagroup.com\/wp-content\/uploads\/2025\/11\/\u672a\u6807\u9898-2-2-600x525.jpg 600w\" sizes=\"(max-width: 800px) 100vw, 800px\" \/>\t\t\t\t\t\t\t\t\t\t\t\t\t\t\t<\/div>\n\t\t\t\t<\/div>\n\t\t\t\t<\/div>\n\t\t<div class=\"elementor-element elementor-element-fe05c72 e-con-full e-flex e-con e-child\" data-id=\"fe05c72\" data-element_type=\"container\" data-e-type=\"container\">\n\t\t\t\t<div class=\"elementor-element elementor-element-362c04f elementor-widget elementor-widget-text-editor\" data-id=\"362c04f\" data-element_type=\"widget\" data-e-type=\"widget\" data-widget_type=\"text-editor.default\">\n\t\t\t\t<div class=\"elementor-widget-container\">\n\t\t\t\t\t\t\t\t\t<p>El Grupo Mhua es un proveedor profesional integral de materiales de construcci\u00f3n situado en Jinan, conocida como la \"F\u00e1brica del Mundo\". Somos una empresa especializada en I+D, producci\u00f3n y venta de sombrillas para exteriores.<\/p><p>Con m\u00e1s de 100 empleados y una base de producci\u00f3n de m\u00e1s de 5.000 metros cuadrados, hemos desarrollado equipos de producci\u00f3n avanzados y un equipo de I+D altamente cualificado a lo largo de a\u00f1os de esfuerzos incansables y desarrollo constante. Desde nuestra fundaci\u00f3n, nos hemos adherido al principio de \"la calidad ante todo, la integridad como base, el servicio de primera y la satisfacci\u00f3n del cliente\", al tiempo que hemos ampliado continuamente la I+D y la innovaci\u00f3n de nuevos productos. Nuestros principales productos son: sombrillas, persianas de aluminio, toldos, carpas para bodas al aire libre, carpas con estructura de aluminio, cortinas parasol, pabellones para exteriores y cocheras para exteriores.<\/p><p>Todos nuestros productos se venden a provincias, municipios y regiones aut\u00f3nomas de toda China, y se exportan a docenas de pa\u00edses y regiones de Europa, Am\u00e9rica, Oriente Medio, Sudeste Asi\u00e1tico, Australia y \u00c1frica, gozando de una gran confianza por parte de los clientes nacionales y extranjeros.<\/p><p>\"Donde hay sol, all\u00ed est\u00e1 nuestro producto\". Damos la bienvenida a clientes nuevos y antiguos para que cooperen con nosotros por un ma\u00f1ana brillante.<\/p>\t\t\t\t\t\t\t\t<\/div>\n\t\t\t\t<\/div>\n\t\t\t\t<\/div>\n\t\t\t\t<\/div>\n\t\t\t\t<div class=\"elementor-element elementor-element-1686c47 elementor-widget elementor-widget-heading\" data-id=\"1686c47\" data-element_type=\"widget\" data-e-type=\"widget\" data-widget_type=\"heading.default\">\n\t\t\t\t<div class=\"elementor-widget-container\">\n\t\t\t\t\t<h2 class=\"elementor-heading-title elementor-size-default\">Por qu\u00e9 elegirnos<\/h2>\t\t\t\t<\/div>\n\t\t\t\t<\/div>\n\t\t\t\t<div class=\"elementor-element elementor-element-02de311 elementor-widget elementor-widget-text-editor\" data-id=\"02de311\" data-element_type=\"widget\" data-e-type=\"widget\" data-widget_type=\"text-editor.default\">\n\t\t\t\t<div class=\"elementor-widget-container\">\n\t\t\t\t\t\t\t\t\t<p><b>1. Experiencia industrial<\/b><br \/>Mhua tiene muchos a\u00f1os de experiencia en la comercializaci\u00f3n de productos de aleaci\u00f3n de aluminio y la industria de la experiencia de producci\u00f3n. La rica experiencia puede garantizar la calidad del producto confiable.<\/p>\t\t\t\t\t\t\t\t<\/div>\n\t\t\t\t<\/div>\n\t\t\t\t<div class=\"elementor-element elementor-element-cbf54cc elementor-widget elementor-widget-text-editor\" data-id=\"cbf54cc\" data-element_type=\"widget\" data-e-type=\"widget\" data-widget_type=\"text-editor.default\">\n\t\t\t\t<div class=\"elementor-widget-container\">\n\t\t\t\t\t\t\t\t\t<p><b>2. Equipamiento avanzado<\/b><br \/>Contamos con equipos l\u00edderes en la industria, como l\u00edneas de pulverizaci\u00f3n de pintura en polvo, fresadoras CNC, punzonadoras autom\u00e1ticas, sierras CNC de doble cara, m\u00e1quinas de corte por l\u00e1ser, etc.<\/p>\t\t\t\t\t\t\t\t<\/div>\n\t\t\t\t<\/div>\n\t\t\t\t<div class=\"elementor-element elementor-element-535a24c elementor-widget elementor-widget-text-editor\" data-id=\"535a24c\" data-element_type=\"widget\" data-e-type=\"widget\" data-widget_type=\"text-editor.default\">\n\t\t\t\t<div class=\"elementor-widget-container\">\n\t\t\t\t\t\t\t\t\t<p><b>3.Embalaje<\/b><br \/>Utilizamos cart\u00f3n con espuma EPE de protecci\u00f3n y film retr\u00e1ctil impermeable profesional entre los componentes.<\/p>\t\t\t\t\t\t\t\t<\/div>\n\t\t\t\t<\/div>\n\t\t\t\t<div class=\"elementor-element elementor-element-bd3b9bb elementor-widget elementor-widget-text-editor\" data-id=\"bd3b9bb\" data-element_type=\"widget\" data-e-type=\"widget\" data-widget_type=\"text-editor.default\">\n\t\t\t\t<div class=\"elementor-widget-container\">\n\t\t\t\t\t\t\t\t\t<p><b>4. \u00bfCu\u00e1l es su plazo de entrega?<\/b><br \/>Normalmente 10-15 d\u00edas tras la recepci\u00f3n del dep\u00f3sito 30%.<\/p>\t\t\t\t\t\t\t\t<\/div>\n\t\t\t\t<\/div>\n\t\t\t\t<div class=\"elementor-element elementor-element-fea6377 elementor-widget elementor-widget-text-editor\" data-id=\"fea6377\" data-element_type=\"widget\" data-e-type=\"widget\" data-widget_type=\"text-editor.default\">\n\t\t\t\t<div class=\"elementor-widget-container\">\n\t\t\t\t\t\t\t\t\t<p><b>5.aceptar pedidos OEM<\/b><br \/>Se acepta OEM.<\/p>\t\t\t\t\t\t\t\t<\/div>\n\t\t\t\t<\/div>\n\t\t\t\t\t<\/div>\n\t\t\t\t<\/div>\n\t\t<div class=\"elementor-element elementor-element-b3024c5 e-flex e-con-boxed e-con e-parent\" data-id=\"b3024c5\" data-element_type=\"container\" data-e-type=\"container\">\n\t\t\t\t\t<div class=\"e-con-inner\">\n\t\t\t\t<div class=\"elementor-element elementor-element-44f5622 elementor-widget elementor-widget-heading\" data-id=\"44f5622\" data-element_type=\"widget\" data-e-type=\"widget\" data-widget_type=\"heading.default\">\n\t\t\t\t<div class=\"elementor-widget-container\">\n\t\t\t\t\t<h3 class=\"elementor-heading-title elementor-size-default\">Control de calidad<\/h3>\t\t\t\t<\/div>\n\t\t\t\t<\/div>\n\t\t<div class=\"elementor-element elementor-element-57ca6b8 e-con-full e-flex e-con e-child\" data-id=\"57ca6b8\" data-element_type=\"container\" data-e-type=\"container\">\n\t\t<div class=\"elementor-element elementor-element-bb05f2c e-con-full e-flex e-con e-child\" data-id=\"bb05f2c\" data-element_type=\"container\" data-e-type=\"container\">\n\t\t<div class=\"elementor-element elementor-element-8d36c2e e-con-full e-flex e-con e-child\" data-id=\"8d36c2e\" data-element_type=\"container\" data-e-type=\"container\">\n\t\t\t\t<div class=\"elementor-element elementor-element-82ba237 elementor-widget elementor-widget-image\" data-id=\"82ba237\" data-element_type=\"widget\" data-e-type=\"widget\" data-widget_type=\"image.default\">\n\t\t\t\t<div class=\"elementor-widget-container\">\n\t\t\t\t\t\t\t\t\t\t\t\t\t\t\t<img alt=\"\" decoding=\"async\" width=\"428\" height=\"280\" src=\"https:\/\/mhuagroup.com\/wp-content\/uploads\/2025\/11\/\u8be6\u60c5-14_03-2.png\" class=\"attachment-large size-large wp-image-4942\" srcset=\"https:\/\/mhuagroup.com\/wp-content\/uploads\/2025\/11\/\u8be6\u60c5-14_03-2.png 428w, https:\/\/mhuagroup.com\/wp-content\/uploads\/2025\/11\/\u8be6\u60c5-14_03-2-300x196.png 300w, https:\/\/mhuagroup.com\/wp-content\/uploads\/2025\/11\/\u8be6\u60c5-14_03-2-18x12.png 18w\" sizes=\"(max-width: 428px) 100vw, 428px\" \/>\t\t\t\t\t\t\t\t\t\t\t\t\t\t\t<\/div>\n\t\t\t\t<\/div>\n\t\t\t\t<div class=\"elementor-element elementor-element-61121cd elementor-widget elementor-widget-heading\" data-id=\"61121cd\" data-element_type=\"widget\" data-e-type=\"widget\" data-widget_type=\"heading.default\">\n\t\t\t\t<div class=\"elementor-widget-container\">\n\t\t\t\t\t<h2 class=\"elementor-heading-title elementor-size-default\">Dise\u00f1o de caja completa<\/h2>\t\t\t\t<\/div>\n\t\t\t\t<\/div>\n\t\t\t\t<div class=\"elementor-element elementor-element-6d68771 elementor-widget elementor-widget-text-editor\" data-id=\"6d68771\" data-element_type=\"widget\" data-e-type=\"widget\" data-widget_type=\"text-editor.default\">\n\t\t\t\t<div class=\"elementor-widget-container\">\n\t\t\t\t\t\t\t\t\t<p>Dise\u00f1o cerrado integrado, protege mejor la pieza y el tejido, forma simple y bonita, no necesita instalar un tablero de lluvia adicional, ocupa poco espacio.<\/p>\t\t\t\t\t\t\t\t<\/div>\n\t\t\t\t<\/div>\n\t\t\t\t<\/div>\n\t\t\t\t<\/div>\n\t\t<div class=\"elementor-element elementor-element-373dc8c e-con-full e-flex e-con e-child\" data-id=\"373dc8c\" data-element_type=\"container\" data-e-type=\"container\">\n\t\t<div class=\"elementor-element elementor-element-1c154a4 e-con-full e-flex e-con e-child\" data-id=\"1c154a4\" data-element_type=\"container\" data-e-type=\"container\">\n\t\t\t\t<div class=\"elementor-element elementor-element-d9a1e93 elementor-widget elementor-widget-image\" data-id=\"d9a1e93\" data-element_type=\"widget\" data-e-type=\"widget\" data-widget_type=\"image.default\">\n\t\t\t\t<div class=\"elementor-widget-container\">\n\t\t\t\t\t\t\t\t\t\t\t\t\t\t\t<img alt=\"\" loading=\"lazy\" decoding=\"async\" width=\"426\" height=\"280\" src=\"https:\/\/mhuagroup.com\/wp-content\/uploads\/2025\/11\/\u8be6\u60c5-14_05-1.png\" class=\"attachment-large size-large wp-image-4964\" srcset=\"https:\/\/mhuagroup.com\/wp-content\/uploads\/2025\/11\/\u8be6\u60c5-14_05-1.png 426w, https:\/\/mhuagroup.com\/wp-content\/uploads\/2025\/11\/\u8be6\u60c5-14_05-1-300x197.png 300w, https:\/\/mhuagroup.com\/wp-content\/uploads\/2025\/11\/\u8be6\u60c5-14_05-1-18x12.png 18w\" sizes=\"(max-width: 426px) 100vw, 426px\" \/>\t\t\t\t\t\t\t\t\t\t\t\t\t\t\t<\/div>\n\t\t\t\t<\/div>\n\t\t\t\t<div class=\"elementor-element elementor-element-f89f667 elementor-widget elementor-widget-heading\" data-id=\"f89f667\" data-element_type=\"widget\" data-e-type=\"widget\" data-widget_type=\"heading.default\">\n\t\t\t\t<div class=\"elementor-widget-container\">\n\t\t\t\t\t<h2 class=\"elementor-heading-title elementor-size-default\">Bisagras de acero inoxidable engrosadas<\/h2>\t\t\t\t<\/div>\n\t\t\t\t<\/div>\n\t\t\t\t<div class=\"elementor-element elementor-element-99ca357 elementor-widget elementor-widget-text-editor\" data-id=\"99ca357\" data-element_type=\"widget\" data-e-type=\"widget\" data-widget_type=\"text-editor.default\">\n\t\t\t\t<div class=\"elementor-widget-container\">\n\t\t\t\t\t\t\t\t\t<p>La articulaci\u00f3n del brazo curvo adopta una bisagra de acero inoxidable engrosada y un muelle engrosado, lo que hace que la fuerza el\u00e1stica sea m\u00e1s fuerte y duradera.<\/p>\t\t\t\t\t\t\t\t<\/div>\n\t\t\t\t<\/div>\n\t\t\t\t<\/div>\n\t\t\t\t<\/div>\n\t\t<div class=\"elementor-element elementor-element-bd92e13 e-con-full e-flex e-con e-child\" data-id=\"bd92e13\" data-element_type=\"container\" data-e-type=\"container\">\n\t\t\t\t<div class=\"elementor-element elementor-element-0bd8cdb elementor-widget elementor-widget-image\" data-id=\"0bd8cdb\" data-element_type=\"widget\" data-e-type=\"widget\" data-widget_type=\"image.default\">\n\t\t\t\t<div class=\"elementor-widget-container\">\n\t\t\t\t\t\t\t\t\t\t\t\t\t\t\t<img alt=\"\" loading=\"lazy\" decoding=\"async\" width=\"426\" height=\"280\" src=\"https:\/\/mhuagroup.com\/wp-content\/uploads\/2025\/11\/\u8be6\u60c5-14_07-1.png\" class=\"attachment-large size-large wp-image-4968\" srcset=\"https:\/\/mhuagroup.com\/wp-content\/uploads\/2025\/11\/\u8be6\u60c5-14_07-1.png 426w, https:\/\/mhuagroup.com\/wp-content\/uploads\/2025\/11\/\u8be6\u60c5-14_07-1-300x197.png 300w, https:\/\/mhuagroup.com\/wp-content\/uploads\/2025\/11\/\u8be6\u60c5-14_07-1-18x12.png 18w\" sizes=\"(max-width: 426px) 100vw, 426px\" \/>\t\t\t\t\t\t\t\t\t\t\t\t\t\t\t<\/div>\n\t\t\t\t<\/div>\n\t\t\t\t<div class=\"elementor-element elementor-element-c52cc34 elementor-widget elementor-widget-heading\" data-id=\"c52cc34\" data-element_type=\"widget\" data-e-type=\"widget\" data-widget_type=\"heading.default\">\n\t\t\t\t<div class=\"elementor-widget-container\">\n\t\t\t\t\t<h2 class=\"elementor-heading-title elementor-size-default\">Tejido espa\u00f1ol<\/h2>\t\t\t\t<\/div>\n\t\t\t\t<\/div>\n\t\t\t\t<div class=\"elementor-element elementor-element-bc1ac41 elementor-widget elementor-widget-text-editor\" data-id=\"bc1ac41\" data-element_type=\"widget\" data-e-type=\"widget\" data-widget_type=\"text-editor.default\">\n\t\t\t\t<div class=\"elementor-widget-container\">\n\t\t\t\t\t\t\t\t\t<p>Alta solidez del color, 10 a\u00f1os sin deste\u00f1ir.<\/p>\t\t\t\t\t\t\t\t<\/div>\n\t\t\t\t<\/div>\n\t\t\t\t<\/div>\n\t\t\t\t<\/div>\n\t\t<div class=\"elementor-element elementor-element-6322bc8 e-con-full e-flex e-con e-child\" data-id=\"6322bc8\" data-element_type=\"container\" data-e-type=\"container\">\n\t\t<div class=\"elementor-element elementor-element-e3c5336 e-con-full e-flex e-con e-child\" data-id=\"e3c5336\" data-element_type=\"container\" data-e-type=\"container\">\n\t\t<div class=\"elementor-element elementor-element-331b876 e-con-full e-flex e-con e-child\" data-id=\"331b876\" data-element_type=\"container\" data-e-type=\"container\">\n\t\t\t\t<div class=\"elementor-element elementor-element-9201c68 elementor-widget elementor-widget-image\" data-id=\"9201c68\" data-element_type=\"widget\" data-e-type=\"widget\" data-widget_type=\"image.default\">\n\t\t\t\t<div class=\"elementor-widget-container\">\n\t\t\t\t\t\t\t\t\t\t\t\t\t\t\t<img alt=\"\" loading=\"lazy\" decoding=\"async\" width=\"428\" height=\"282\" src=\"https:\/\/mhuagroup.com\/wp-content\/uploads\/2025\/11\/\u8be6\u60c5-14_13-05-1.png\" class=\"attachment-large size-large wp-image-4976\" srcset=\"https:\/\/mhuagroup.com\/wp-content\/uploads\/2025\/11\/\u8be6\u60c5-14_13-05-1.png 428w, https:\/\/mhuagroup.com\/wp-content\/uploads\/2025\/11\/\u8be6\u60c5-14_13-05-1-300x198.png 300w, https:\/\/mhuagroup.com\/wp-content\/uploads\/2025\/11\/\u8be6\u60c5-14_13-05-1-18x12.png 18w\" sizes=\"(max-width: 428px) 100vw, 428px\" \/>\t\t\t\t\t\t\t\t\t\t\t\t\t\t\t<\/div>\n\t\t\t\t<\/div>\n\t\t\t\t<div class=\"elementor-element elementor-element-06ce294 elementor-widget elementor-widget-heading\" data-id=\"06ce294\" data-element_type=\"widget\" data-e-type=\"widget\" data-widget_type=\"heading.default\">\n\t\t\t\t<div class=\"elementor-widget-container\">\n\t\t\t\t\t<h2 class=\"elementor-heading-title elementor-size-default\">Cintur\u00f3n luminoso impermeable LED<\/h2>\t\t\t\t<\/div>\n\t\t\t\t<\/div>\n\t\t\t\t<div class=\"elementor-element elementor-element-2fb0697 elementor-widget elementor-widget-text-editor\" data-id=\"2fb0697\" data-element_type=\"widget\" data-e-type=\"widget\" data-widget_type=\"text-editor.default\">\n\t\t\t\t<div class=\"elementor-widget-container\">\n\t\t\t\t\t\t\t\t\t<p>Iluminaci\u00f3n de control independiente utilizando LED cintur\u00f3n de luz a prueba de agua, bajo consumo de energ\u00eda y m\u00e1s energysaving, 5000kbrightness, tres velocidades ajustables<\/p>\t\t\t\t\t\t\t\t<\/div>\n\t\t\t\t<\/div>\n\t\t\t\t<\/div>\n\t\t\t\t<\/div>\n\t\t<div class=\"elementor-element elementor-element-25988e1 e-con-full e-flex e-con e-child\" data-id=\"25988e1\" data-element_type=\"container\" data-e-type=\"container\">\n\t\t<div class=\"elementor-element elementor-element-b16a397 e-con-full e-flex e-con e-child\" data-id=\"b16a397\" data-element_type=\"container\" data-e-type=\"container\">\n\t\t\t\t<div class=\"elementor-element elementor-element-1b50f51 elementor-widget elementor-widget-image\" data-id=\"1b50f51\" data-element_type=\"widget\" data-e-type=\"widget\" data-widget_type=\"image.default\">\n\t\t\t\t<div class=\"elementor-widget-container\">\n\t\t\t\t\t\t\t\t\t\t\t\t\t\t\t<img alt=\"\" loading=\"lazy\" decoding=\"async\" width=\"426\" height=\"282\" src=\"https:\/\/mhuagroup.com\/wp-content\/uploads\/2025\/11\/\u8be6\u60c5-14_19-1.png\" class=\"attachment-large size-large wp-image-4980\" srcset=\"https:\/\/mhuagroup.com\/wp-content\/uploads\/2025\/11\/\u8be6\u60c5-14_19-1.png 426w, https:\/\/mhuagroup.com\/wp-content\/uploads\/2025\/11\/\u8be6\u60c5-14_19-1-300x199.png 300w, https:\/\/mhuagroup.com\/wp-content\/uploads\/2025\/11\/\u8be6\u60c5-14_19-1-18x12.png 18w\" sizes=\"(max-width: 426px) 100vw, 426px\" \/>\t\t\t\t\t\t\t\t\t\t\t\t\t\t\t<\/div>\n\t\t\t\t<\/div>\n\t\t\t\t<div class=\"elementor-element elementor-element-9902486 elementor-widget elementor-widget-heading\" data-id=\"9902486\" data-element_type=\"widget\" data-e-type=\"widget\" data-widget_type=\"heading.default\">\n\t\t\t\t<div class=\"elementor-widget-container\">\n\t\t\t\t\t<h2 class=\"elementor-heading-title elementor-size-default\">Dep\u00f3sito de drenaje oculto<\/h2>\t\t\t\t<\/div>\n\t\t\t\t<\/div>\n\t\t\t\t<div class=\"elementor-element elementor-element-66d371c elementor-widget elementor-widget-text-editor\" data-id=\"66d371c\" data-element_type=\"widget\" data-e-type=\"widget\" data-widget_type=\"text-editor.default\">\n\t\t\t\t<div class=\"elementor-widget-container\">\n\t\t\t\t\t\t\t\t\t<p>Los dos extremos de la parte delantera tienen orificios de drenaje, para solucionar el problema de la flotaci\u00f3n del agua en la parte delantera del toldo.<\/p>\t\t\t\t\t\t\t\t<\/div>\n\t\t\t\t<\/div>\n\t\t\t\t<\/div>\n\t\t\t\t<\/div>\n\t\t<div class=\"elementor-element elementor-element-554ae35 e-con-full e-flex e-con e-child\" data-id=\"554ae35\" data-element_type=\"container\" data-e-type=\"container\">\n\t\t\t\t<div class=\"elementor-element elementor-element-4a5f2ef elementor-widget elementor-widget-image\" data-id=\"4a5f2ef\" data-element_type=\"widget\" data-e-type=\"widget\" data-widget_type=\"image.default\">\n\t\t\t\t<div class=\"elementor-widget-container\">\n\t\t\t\t\t\t\t\t\t\t\t\t\t\t\t<img alt=\"\" loading=\"lazy\" decoding=\"async\" width=\"427\" height=\"286\" src=\"https:\/\/mhuagroup.com\/wp-content\/uploads\/2025\/11\/\u8be6\u60c5-14_13-1.png\" class=\"attachment-large size-large wp-image-4972\" srcset=\"https:\/\/mhuagroup.com\/wp-content\/uploads\/2025\/11\/\u8be6\u60c5-14_13-1.png 427w, https:\/\/mhuagroup.com\/wp-content\/uploads\/2025\/11\/\u8be6\u60c5-14_13-1-300x201.png 300w, https:\/\/mhuagroup.com\/wp-content\/uploads\/2025\/11\/\u8be6\u60c5-14_13-1-18x12.png 18w\" sizes=\"(max-width: 427px) 100vw, 427px\" \/>\t\t\t\t\t\t\t\t\t\t\t\t\t\t\t<\/div>\n\t\t\t\t<\/div>\n\t\t\t\t<div class=\"elementor-element elementor-element-686fe8e elementor-widget elementor-widget-heading\" data-id=\"686fe8e\" data-element_type=\"widget\" data-e-type=\"widget\" data-widget_type=\"heading.default\">\n\t\t\t\t<div class=\"elementor-widget-container\">\n\t\t\t\t\t<h2 class=\"elementor-heading-title elementor-size-default\">Sistema de equilibrio<\/h2>\t\t\t\t<\/div>\n\t\t\t\t<\/div>\n\t\t\t\t<div class=\"elementor-element elementor-element-717d22a elementor-widget elementor-widget-text-editor\" data-id=\"717d22a\" data-element_type=\"widget\" data-e-type=\"widget\" data-widget_type=\"text-editor.default\">\n\t\t\t\t<div class=\"elementor-widget-container\">\n\t\t\t\t\t\t\t\t\t<p>Equipado con sistema de equilibrio, se puede posicionar con precisi\u00f3n, y la fuerza es soportada por el soporte de pared, por lo que la firmeza y la seguridad est\u00e1n garantizadas.<\/p>\t\t\t\t\t\t\t\t<\/div>\n\t\t\t\t<\/div>\n\t\t\t\t<\/div>\n\t\t\t\t<\/div>\n\t\t\t\t\t<\/div>\n\t\t\t\t<\/div>\n\t\t\t\t<\/div>","protected":false},"excerpt":{"rendered":"<p>Mhua Group Mhua Group is a professional one-stop building materials supplier located in Jinan, known as the &#8220;World&#8217;s Factory&#8221;. We [&hellip;]<\/p>\n","protected":false},"author":0,"featured_media":0,"parent":0,"menu_order":0,"comment_status":"closed","ping_status":"closed","template":"","meta":{"_seopress_robots_primary_cat":"","_seopress_titles_title":"","_seopress_titles_desc":"","_seopress_robots_index":"","_uag_custom_page_level_css":"","site-sidebar-layout":"no-sidebar","site-content-layout":"plain-container","ast-site-content-layout":"full-width-container","site-content-style":"default","site-sidebar-style":"default","ast-global-header-display":"","ast-banner-title-visibility":"","ast-main-header-display":"","ast-hfb-above-header-display":"","ast-hfb-below-header-display":"","ast-hfb-mobile-header-display":"","site-post-title":"disabled","ast-breadcrumbs-content":"","ast-featured-img":"disabled","footer-sml-layout":"","ast-disable-related-posts":"","theme-transparent-header-meta":"enabled","adv-header-id-meta":"","stick-header-meta":"","header-above-stick-meta":"","header-main-stick-meta":"","header-below-stick-meta":"","astra-migrate-meta-layouts":"set","ast-page-background-enabled":"default","ast-page-background-meta":{"desktop":{"background-color":"","background-image":"","background-repeat":"repeat","background-position":"center center","background-size":"auto","background-attachment":"scroll","background-type":"","background-media":"","overlay-type":"","overlay-color":"","overlay-opacity":"","overlay-gradient":""},"tablet":{"background-color":"","background-image":"","background-repeat":"repeat","background-position":"center center","background-size":"auto","background-attachment":"scroll","background-type":"","background-media":"","overlay-type":"","overlay-color":"","overlay-opacity":"","overlay-gradient":""},"mobile":{"background-color":"","background-image":"","background-repeat":"repeat","background-position":"center center","background-size":"auto","background-attachment":"scroll","background-type":"","background-media":"","overlay-type":"","overlay-color":"","overlay-opacity":"","overlay-gradient":""}},"ast-content-background-meta":{"desktop":{"background-color":"var(--ast-global-color-5)","background-image":"","background-repeat":"repeat","background-position":"center center","background-size":"auto","background-attachment":"scroll","background-type":"","background-media":"","overlay-type":"","overlay-color":"","overlay-opacity":"","overlay-gradient":""},"tablet":{"background-color":"var(--ast-global-color-5)","background-image":"","background-repeat":"repeat","background-position":"center center","background-size":"auto","background-attachment":"scroll","background-type":"","background-media":"","overlay-type":"","overlay-color":"","overlay-opacity":"","overlay-gradient":""},"mobile":{"background-color":"var(--ast-global-color-5)","background-image":"","background-repeat":"repeat","background-position":"center center","background-size":"auto","background-attachment":"scroll","background-type":"","background-media":"","overlay-type":"","overlay-color":"","overlay-opacity":"","overlay-gradient":""}},"footnotes":""},"class_list":["post-59","page","type-page","status-publish","hentry"],"uagb_featured_image_src":{"full":false,"thumbnail":false,"medium":false,"medium_large":false,"large":false,"1536x1536":false,"2048x2048":false,"trp-custom-language-flag":false,"woocommerce_thumbnail":false,"woocommerce_single":false,"woocommerce_gallery_thumbnail":false},"uagb_author_info":{"display_name":"","author_link":"https:\/\/mhuagroup.com\/es\/author\/"},"uagb_comment_info":0,"uagb_excerpt":"Mhua Group Mhua Group is a professional one-stop building materials supplier located in Jinan, known as the &#8220;World&#8217;s Factory&#8221;. We [&hellip;]","_links":{"self":[{"href":"https:\/\/mhuagroup.com\/es\/wp-json\/wp\/v2\/pages\/59","targetHints":{"allow":["GET"]}}],"collection":[{"href":"https:\/\/mhuagroup.com\/es\/wp-json\/wp\/v2\/pages"}],"about":[{"href":"https:\/\/mhuagroup.com\/es\/wp-json\/wp\/v2\/types\/page"}],"replies":[{"embeddable":true,"href":"https:\/\/mhuagroup.com\/es\/wp-json\/wp\/v2\/comments?post=59"}],"version-history":[{"count":185,"href":"https:\/\/mhuagroup.com\/es\/wp-json\/wp\/v2\/pages\/59\/revisions"}],"predecessor-version":[{"id":5587,"href":"https:\/\/mhuagroup.com\/es\/wp-json\/wp\/v2\/pages\/59\/revisions\/5587"}],"wp:attachment":[{"href":"https:\/\/mhuagroup.com\/es\/wp-json\/wp\/v2\/media?parent=59"}],"curies":[{"name":"wp","href":"https:\/\/api.w.org\/{rel}","templated":true}]}}