{"id":5267,"date":"2025-11-21T03:28:15","date_gmt":"2025-11-21T03:28:15","guid":{"rendered":"https:\/\/mhuagroup.com\/?post_type=product&#038;p=5267"},"modified":"2025-12-04T01:57:24","modified_gmt":"2025-12-04T01:57:24","slug":"watermelon-sun-shelter","status":"publish","type":"product","link":"https:\/\/mhuagroup.com\/es\/producto\/watermelon-sun-shelter\/","title":{"rendered":"Refugio Solar Sand\u00eda"},"content":{"rendered":"<h5>Informaci\u00f3n b\u00e1sica<\/h5>\n<table>\n<tbody>\n<tr>\n<td width=\"264\">Modelo NO.<\/td>\n<td width=\"425\">Aw006<\/td>\n<td width=\"425\">\u00cdndice de impermeabilidad de la tienda exterior<\/td>\n<td width=\"425\">&gt;3000 mm<\/td>\n<\/tr>\n<tr>\n<td width=\"264\">Color<\/td>\n<td width=\"425\">Personalizado<\/td>\n<td width=\"264\">Acabado de velas<\/td>\n<td width=\"425\">Recubierto de PVC<\/td>\n<\/tr>\n<tr>\n<td width=\"264\">Utilizaci\u00f3n<\/td>\n<td width=\"425\">Hotel, Exterior, Camping, Playa,Comercial, Jard\u00edn<\/td>\n<td width=\"264\">Temporada<\/td>\n<td width=\"425\">Todas las estaciones<\/td>\n<\/tr>\n<tr>\n<td width=\"264\">Funci\u00f3n<\/td>\n<td width=\"425\">Protecci\u00f3n solar<\/td>\n<td width=\"264\">Caracter\u00edstica<\/td>\n<td width=\"425\">Extensible<\/td>\n<\/tr>\n<tr>\n<td width=\"264\">Apariencia<\/td>\n<td width=\"425\">Varios estilos<\/td>\n<td width=\"264\">Aplicaci\u00f3n<\/td>\n<td width=\"425\">Industria, construcci\u00f3n, etc.<\/td>\n<\/tr>\n<tr>\n<td width=\"264\">Paquete de transporte<\/td>\n<td width=\"425\">Embalaje de cart\u00f3n o madera<\/td>\n<td width=\"264\">Marca<\/td>\n<td width=\"425\">Mhua<\/td>\n<\/tr>\n<\/tbody>\n<\/table>\n<h3 style=\"text-align: center;\">Marquesina de estilo franc\u00e9s<\/h3>\n<p><img alt=\"\" fetchpriority=\"high\" decoding=\"async\" class=\"size-large wp-image-5280 aligncenter\" src=\"https:\/\/mhuagroup.com\/wp-content\/uploads\/2025\/11\/\u897f\u74dc\u68da\u8be6\u60c5-01_03-1024x300.jpg\" width=\"1024\" height=\"300\" srcset=\"https:\/\/mhuagroup.com\/wp-content\/uploads\/2025\/11\/\u897f\u74dc\u68da\u8be6\u60c5-01_03-1024x300.jpg 1024w, https:\/\/mhuagroup.com\/wp-content\/uploads\/2025\/11\/\u897f\u74dc\u68da\u8be6\u60c5-01_03-300x88.jpg 300w, https:\/\/mhuagroup.com\/wp-content\/uploads\/2025\/11\/\u897f\u74dc\u68da\u8be6\u60c5-01_03-768x225.jpg 768w, https:\/\/mhuagroup.com\/wp-content\/uploads\/2025\/11\/\u897f\u74dc\u68da\u8be6\u60c5-01_03-1536x449.jpg 1536w, https:\/\/mhuagroup.com\/wp-content\/uploads\/2025\/11\/\u897f\u74dc\u68da\u8be6\u60c5-01_03-18x5.jpg 18w, https:\/\/mhuagroup.com\/wp-content\/uploads\/2025\/11\/\u897f\u74dc\u68da\u8be6\u60c5-01_03-600x176.jpg 600w, https:\/\/mhuagroup.com\/wp-content\/uploads\/2025\/11\/\u897f\u74dc\u68da\u8be6\u60c5-01_03.jpg 1600w\" sizes=\"(max-width: 1024px) 100vw, 1024px\" \/><\/p>\n<h3 style=\"text-align: center;\">Toldo tipo sand\u00eda<\/h3>\n<p><img alt=\"\" decoding=\"async\" class=\"size-large wp-image-5281 aligncenter\" src=\"https:\/\/mhuagroup.com\/wp-content\/uploads\/2025\/11\/\u897f\u74dc\u68da\u8be6\u60c5-01_06-1024x282.png\" width=\"1024\" height=\"282\" srcset=\"https:\/\/mhuagroup.com\/wp-content\/uploads\/2025\/11\/\u897f\u74dc\u68da\u8be6\u60c5-01_06-1024x282.png 1024w, https:\/\/mhuagroup.com\/wp-content\/uploads\/2025\/11\/\u897f\u74dc\u68da\u8be6\u60c5-01_06-300x83.png 300w, https:\/\/mhuagroup.com\/wp-content\/uploads\/2025\/11\/\u897f\u74dc\u68da\u8be6\u60c5-01_06-768x211.png 768w, https:\/\/mhuagroup.com\/wp-content\/uploads\/2025\/11\/\u897f\u74dc\u68da\u8be6\u60c5-01_06-1536x422.png 1536w, https:\/\/mhuagroup.com\/wp-content\/uploads\/2025\/11\/\u897f\u74dc\u68da\u8be6\u60c5-01_06-18x5.png 18w, https:\/\/mhuagroup.com\/wp-content\/uploads\/2025\/11\/\u897f\u74dc\u68da\u8be6\u60c5-01_06-600x165.png 600w, https:\/\/mhuagroup.com\/wp-content\/uploads\/2025\/11\/\u897f\u74dc\u68da\u8be6\u60c5-01_06.png 1600w\" sizes=\"(max-width: 1024px) 100vw, 1024px\" \/><\/p>\n<h3 style=\"text-align: center;\">Cuidar los detalles<\/h3>\n<p><img alt=\"\" decoding=\"async\" class=\"size-large wp-image-5282 aligncenter\" src=\"https:\/\/mhuagroup.com\/wp-content\/uploads\/2025\/11\/\u897f\u74dc\u68da\u8be6\u60c5-02_03-1024x472.jpg\" width=\"1024\" height=\"472\" srcset=\"https:\/\/mhuagroup.com\/wp-content\/uploads\/2025\/11\/\u897f\u74dc\u68da\u8be6\u60c5-02_03-1024x472.jpg 1024w, https:\/\/mhuagroup.com\/wp-content\/uploads\/2025\/11\/\u897f\u74dc\u68da\u8be6\u60c5-02_03-300x138.jpg 300w, https:\/\/mhuagroup.com\/wp-content\/uploads\/2025\/11\/\u897f\u74dc\u68da\u8be6\u60c5-02_03-768x354.jpg 768w, https:\/\/mhuagroup.com\/wp-content\/uploads\/2025\/11\/\u897f\u74dc\u68da\u8be6\u60c5-02_03-18x8.jpg 18w, https:\/\/mhuagroup.com\/wp-content\/uploads\/2025\/11\/\u897f\u74dc\u68da\u8be6\u60c5-02_03-600x277.jpg 600w, https:\/\/mhuagroup.com\/wp-content\/uploads\/2025\/11\/\u897f\u74dc\u68da\u8be6\u60c5-02_03.jpg 1114w\" sizes=\"(max-width: 1024px) 100vw, 1024px\" \/><\/p>\n<p><img alt=\"\" loading=\"lazy\" decoding=\"async\" class=\"size-large wp-image-5283 aligncenter\" src=\"https:\/\/mhuagroup.com\/wp-content\/uploads\/2025\/11\/\u897f\u74dc\u68da\u8be6\u60c5-02_06-1024x454.jpg\" width=\"1024\" height=\"454\" srcset=\"https:\/\/mhuagroup.com\/wp-content\/uploads\/2025\/11\/\u897f\u74dc\u68da\u8be6\u60c5-02_06-1024x454.jpg 1024w, https:\/\/mhuagroup.com\/wp-content\/uploads\/2025\/11\/\u897f\u74dc\u68da\u8be6\u60c5-02_06-300x133.jpg 300w, https:\/\/mhuagroup.com\/wp-content\/uploads\/2025\/11\/\u897f\u74dc\u68da\u8be6\u60c5-02_06-768x341.jpg 768w, https:\/\/mhuagroup.com\/wp-content\/uploads\/2025\/11\/\u897f\u74dc\u68da\u8be6\u60c5-02_06-18x8.jpg 18w, https:\/\/mhuagroup.com\/wp-content\/uploads\/2025\/11\/\u897f\u74dc\u68da\u8be6\u60c5-02_06-600x266.jpg 600w, https:\/\/mhuagroup.com\/wp-content\/uploads\/2025\/11\/\u897f\u74dc\u68da\u8be6\u60c5-02_06.jpg 1165w\" sizes=\"(max-width: 1024px) 100vw, 1024px\" \/> <img alt=\"\" loading=\"lazy\" decoding=\"async\" class=\"size-large wp-image-5284 aligncenter\" src=\"https:\/\/mhuagroup.com\/wp-content\/uploads\/2025\/11\/\u897f\u74dc\u68da\u8be6\u60c5-02_10-1024x442.png\" width=\"1024\" height=\"442\" srcset=\"https:\/\/mhuagroup.com\/wp-content\/uploads\/2025\/11\/\u897f\u74dc\u68da\u8be6\u60c5-02_10-1024x442.png 1024w, https:\/\/mhuagroup.com\/wp-content\/uploads\/2025\/11\/\u897f\u74dc\u68da\u8be6\u60c5-02_10-300x130.png 300w, https:\/\/mhuagroup.com\/wp-content\/uploads\/2025\/11\/\u897f\u74dc\u68da\u8be6\u60c5-02_10-768x332.png 768w, https:\/\/mhuagroup.com\/wp-content\/uploads\/2025\/11\/\u897f\u74dc\u68da\u8be6\u60c5-02_10-18x8.png 18w, https:\/\/mhuagroup.com\/wp-content\/uploads\/2025\/11\/\u897f\u74dc\u68da\u8be6\u60c5-02_10-600x259.png 600w, https:\/\/mhuagroup.com\/wp-content\/uploads\/2025\/11\/\u897f\u74dc\u68da\u8be6\u60c5-02_10.png 1186w\" sizes=\"(max-width: 1024px) 100vw, 1024px\" \/><\/p>\n<h3 style=\"text-align: center;\">Dise\u00f1o resistente al viento<\/h3>\n<p style=\"text-align: center;\">Basado en el concepto de dise\u00f1o de la mec\u00e1nica de direcci\u00f3n del viento, el marco est\u00e1 reforzado, con resistencia al viento, aspecto elegante, parasol y funciones impermeables.<\/p>\n<p><img alt=\"\" loading=\"lazy\" decoding=\"async\" class=\"size-large wp-image-5285 aligncenter\" src=\"https:\/\/mhuagroup.com\/wp-content\/uploads\/2025\/11\/\u897f\u74dc\u68da\u8be6\u60c5-03_02-1024x861.png\" width=\"1024\" height=\"861\" srcset=\"https:\/\/mhuagroup.com\/wp-content\/uploads\/2025\/11\/\u897f\u74dc\u68da\u8be6\u60c5-03_02-1024x861.png 1024w, https:\/\/mhuagroup.com\/wp-content\/uploads\/2025\/11\/\u897f\u74dc\u68da\u8be6\u60c5-03_02-300x252.png 300w, https:\/\/mhuagroup.com\/wp-content\/uploads\/2025\/11\/\u897f\u74dc\u68da\u8be6\u60c5-03_02-768x646.png 768w, https:\/\/mhuagroup.com\/wp-content\/uploads\/2025\/11\/\u897f\u74dc\u68da\u8be6\u60c5-03_02-14x12.png 14w, https:\/\/mhuagroup.com\/wp-content\/uploads\/2025\/11\/\u897f\u74dc\u68da\u8be6\u60c5-03_02-600x504.png 600w, https:\/\/mhuagroup.com\/wp-content\/uploads\/2025\/11\/\u897f\u74dc\u68da\u8be6\u60c5-03_02.png 1344w\" sizes=\"(max-width: 1024px) 100vw, 1024px\" \/><\/p>\n<h3 style=\"text-align: center;\">Parasol de alta gama y toldo impermeable estilo sand\u00eda<\/h3>\n<p style=\"text-align: center;\">Parasol compacto y port\u00e1til con protecci\u00f3n UV duradera y de larga duraci\u00f3n<\/p>\n<p><img alt=\"\" loading=\"lazy\" decoding=\"async\" class=\"size-large wp-image-5286 aligncenter\" src=\"https:\/\/mhuagroup.com\/wp-content\/uploads\/2025\/11\/\u897f\u74dc\u68da\u8be6\u60c5-04_02-1024x981.png\" width=\"1024\" height=\"981\" srcset=\"https:\/\/mhuagroup.com\/wp-content\/uploads\/2025\/11\/\u897f\u74dc\u68da\u8be6\u60c5-04_02-1024x981.png 1024w, https:\/\/mhuagroup.com\/wp-content\/uploads\/2025\/11\/\u897f\u74dc\u68da\u8be6\u60c5-04_02-300x287.png 300w, https:\/\/mhuagroup.com\/wp-content\/uploads\/2025\/11\/\u897f\u74dc\u68da\u8be6\u60c5-04_02-768x735.png 768w, https:\/\/mhuagroup.com\/wp-content\/uploads\/2025\/11\/\u897f\u74dc\u68da\u8be6\u60c5-04_02-13x12.png 13w, https:\/\/mhuagroup.com\/wp-content\/uploads\/2025\/11\/\u897f\u74dc\u68da\u8be6\u60c5-04_02-600x575.png 600w, https:\/\/mhuagroup.com\/wp-content\/uploads\/2025\/11\/\u897f\u74dc\u68da\u8be6\u60c5-04_02.png 1344w\" sizes=\"(max-width: 1024px) 100vw, 1024px\" \/><\/p>\n<h3 style=\"text-align: center;\">Parasol Protecci\u00f3n UV<\/h3>\n<p style=\"text-align: center;\">Se adoptan materiales profesionales de protecci\u00f3n solar para resistir eficazmente la radiaci\u00f3n UV<\/p>\n<p><img alt=\"\" loading=\"lazy\" decoding=\"async\" class=\"size-large wp-image-5287 aligncenter\" src=\"https:\/\/mhuagroup.com\/wp-content\/uploads\/2025\/11\/\u897f\u74dc\u68da\u8be6\u60c5-05_02-947x1024.png\" width=\"947\" height=\"1024\" srcset=\"https:\/\/mhuagroup.com\/wp-content\/uploads\/2025\/11\/\u897f\u74dc\u68da\u8be6\u60c5-05_02-947x1024.png 947w, https:\/\/mhuagroup.com\/wp-content\/uploads\/2025\/11\/\u897f\u74dc\u68da\u8be6\u60c5-05_02-277x300.png 277w, https:\/\/mhuagroup.com\/wp-content\/uploads\/2025\/11\/\u897f\u74dc\u68da\u8be6\u60c5-05_02-768x831.png 768w, https:\/\/mhuagroup.com\/wp-content\/uploads\/2025\/11\/\u897f\u74dc\u68da\u8be6\u60c5-05_02-11x12.png 11w, https:\/\/mhuagroup.com\/wp-content\/uploads\/2025\/11\/\u897f\u74dc\u68da\u8be6\u60c5-05_02-600x649.png 600w, https:\/\/mhuagroup.com\/wp-content\/uploads\/2025\/11\/\u897f\u74dc\u68da\u8be6\u60c5-05_02.png 1344w\" sizes=\"(max-width: 947px) 100vw, 947px\" \/><\/p>\n<h3 style=\"text-align: center;\">Tejido de alta densidad para exteriores<\/h3>\n<p style=\"text-align: center;\">Resistente y duradero Forma elegante L\u00edneas suaves y buena resistencia a la luz Resistente al moho Resistente a la polilla y a la decoloraci\u00f3n<\/p>\n<p><img alt=\"\" loading=\"lazy\" decoding=\"async\" class=\"size-large wp-image-5288 aligncenter\" src=\"https:\/\/mhuagroup.com\/wp-content\/uploads\/2025\/11\/\u897f\u74dc\u68da\u8be6\u60c5-06_03-1024x893.png\" width=\"1024\" height=\"893\" srcset=\"https:\/\/mhuagroup.com\/wp-content\/uploads\/2025\/11\/\u897f\u74dc\u68da\u8be6\u60c5-06_03-1024x893.png 1024w, https:\/\/mhuagroup.com\/wp-content\/uploads\/2025\/11\/\u897f\u74dc\u68da\u8be6\u60c5-06_03-300x262.png 300w, https:\/\/mhuagroup.com\/wp-content\/uploads\/2025\/11\/\u897f\u74dc\u68da\u8be6\u60c5-06_03-768x670.png 768w, https:\/\/mhuagroup.com\/wp-content\/uploads\/2025\/11\/\u897f\u74dc\u68da\u8be6\u60c5-06_03-14x12.png 14w, https:\/\/mhuagroup.com\/wp-content\/uploads\/2025\/11\/\u897f\u74dc\u68da\u8be6\u60c5-06_03-600x523.png 600w, https:\/\/mhuagroup.com\/wp-content\/uploads\/2025\/11\/\u897f\u74dc\u68da\u8be6\u60c5-06_03.png 1204w\" sizes=\"(max-width: 1024px) 100vw, 1024px\" \/> <img alt=\"\" loading=\"lazy\" decoding=\"async\" class=\"size-large wp-image-5289 aligncenter\" src=\"https:\/\/mhuagroup.com\/wp-content\/uploads\/2025\/11\/\u897f\u74dc\u68da\u8be6\u60c5-06_07-1024x638.png\" width=\"1024\" height=\"638\" srcset=\"https:\/\/mhuagroup.com\/wp-content\/uploads\/2025\/11\/\u897f\u74dc\u68da\u8be6\u60c5-06_07-1024x638.png 1024w, https:\/\/mhuagroup.com\/wp-content\/uploads\/2025\/11\/\u897f\u74dc\u68da\u8be6\u60c5-06_07-300x187.png 300w, https:\/\/mhuagroup.com\/wp-content\/uploads\/2025\/11\/\u897f\u74dc\u68da\u8be6\u60c5-06_07-768x478.png 768w, https:\/\/mhuagroup.com\/wp-content\/uploads\/2025\/11\/\u897f\u74dc\u68da\u8be6\u60c5-06_07-18x12.png 18w, https:\/\/mhuagroup.com\/wp-content\/uploads\/2025\/11\/\u897f\u74dc\u68da\u8be6\u60c5-06_07-600x374.png 600w, https:\/\/mhuagroup.com\/wp-content\/uploads\/2025\/11\/\u897f\u74dc\u68da\u8be6\u60c5-06_07.png 1246w\" sizes=\"(max-width: 1024px) 100vw, 1024px\" \/><\/p>\n<h3 style=\"text-align: center;\">Prestar atenci\u00f3n a cada detalle es garant\u00eda de calidad<\/h3>\n<p style=\"text-align: center;\">Cada detalle refleja plenamente el ingenio de un dise\u00f1o meticuloso<\/p>\n<p><img alt=\"\" loading=\"lazy\" decoding=\"async\" class=\"size-large wp-image-5290 aligncenter\" src=\"https:\/\/mhuagroup.com\/wp-content\/uploads\/2025\/11\/\u897f\u74dc\u68da\u8be6\u60c5-07_03-1024x1016.png\" width=\"1024\" height=\"1016\" srcset=\"https:\/\/mhuagroup.com\/wp-content\/uploads\/2025\/11\/\u897f\u74dc\u68da\u8be6\u60c5-07_03-1024x1016.png 1024w, https:\/\/mhuagroup.com\/wp-content\/uploads\/2025\/11\/\u897f\u74dc\u68da\u8be6\u60c5-07_03-300x298.png 300w, https:\/\/mhuagroup.com\/wp-content\/uploads\/2025\/11\/\u897f\u74dc\u68da\u8be6\u60c5-07_03-150x150.png 150w, https:\/\/mhuagroup.com\/wp-content\/uploads\/2025\/11\/\u897f\u74dc\u68da\u8be6\u60c5-07_03-768x762.png 768w, https:\/\/mhuagroup.com\/wp-content\/uploads\/2025\/11\/\u897f\u74dc\u68da\u8be6\u60c5-07_03-12x12.png 12w, https:\/\/mhuagroup.com\/wp-content\/uploads\/2025\/11\/\u897f\u74dc\u68da\u8be6\u60c5-07_03-600x595.png 600w, https:\/\/mhuagroup.com\/wp-content\/uploads\/2025\/11\/\u897f\u74dc\u68da\u8be6\u60c5-07_03-100x100.png 100w, https:\/\/mhuagroup.com\/wp-content\/uploads\/2025\/11\/\u897f\u74dc\u68da\u8be6\u60c5-07_03.png 1284w\" sizes=\"(max-width: 1024px) 100vw, 1024px\" \/><\/p>\n<h3 style=\"text-align: center;\">Funci\u00f3n autom\u00e1tica de tensado del tejido<\/h3>\n<p style=\"text-align: center;\">Estructura interna precisa: resistente al desgaste y robusta que evita la deformaci\u00f3n causada por la presi\u00f3n del agua de lluvia.<\/p>\n<p><img alt=\"\" loading=\"lazy\" decoding=\"async\" class=\"size-large wp-image-5293 aligncenter\" src=\"https:\/\/mhuagroup.com\/wp-content\/uploads\/2025\/11\/\u897f\u74dc\u68da\u8be6\u60c5-08_02-1024x393.png\" width=\"1024\" height=\"393\" srcset=\"https:\/\/mhuagroup.com\/wp-content\/uploads\/2025\/11\/\u897f\u74dc\u68da\u8be6\u60c5-08_02-1024x393.png 1024w, https:\/\/mhuagroup.com\/wp-content\/uploads\/2025\/11\/\u897f\u74dc\u68da\u8be6\u60c5-08_02-300x115.png 300w, https:\/\/mhuagroup.com\/wp-content\/uploads\/2025\/11\/\u897f\u74dc\u68da\u8be6\u60c5-08_02-768x295.png 768w, https:\/\/mhuagroup.com\/wp-content\/uploads\/2025\/11\/\u897f\u74dc\u68da\u8be6\u60c5-08_02-18x7.png 18w, https:\/\/mhuagroup.com\/wp-content\/uploads\/2025\/11\/\u897f\u74dc\u68da\u8be6\u60c5-08_02-600x230.png 600w, https:\/\/mhuagroup.com\/wp-content\/uploads\/2025\/11\/\u897f\u74dc\u68da\u8be6\u60c5-08_02.png 1344w\" sizes=\"(max-width: 1024px) 100vw, 1024px\" \/> <img alt=\"\" loading=\"lazy\" decoding=\"async\" class=\"size-large wp-image-5294 aligncenter\" src=\"https:\/\/mhuagroup.com\/wp-content\/uploads\/2025\/11\/\u897f\u74dc\u68da\u8be6\u60c5-08_03-1024x392.png\" width=\"1024\" height=\"392\" srcset=\"https:\/\/mhuagroup.com\/wp-content\/uploads\/2025\/11\/\u897f\u74dc\u68da\u8be6\u60c5-08_03-1024x392.png 1024w, https:\/\/mhuagroup.com\/wp-content\/uploads\/2025\/11\/\u897f\u74dc\u68da\u8be6\u60c5-08_03-300x115.png 300w, https:\/\/mhuagroup.com\/wp-content\/uploads\/2025\/11\/\u897f\u74dc\u68da\u8be6\u60c5-08_03-768x294.png 768w, https:\/\/mhuagroup.com\/wp-content\/uploads\/2025\/11\/\u897f\u74dc\u68da\u8be6\u60c5-08_03-18x7.png 18w, https:\/\/mhuagroup.com\/wp-content\/uploads\/2025\/11\/\u897f\u74dc\u68da\u8be6\u60c5-08_03-600x230.png 600w, https:\/\/mhuagroup.com\/wp-content\/uploads\/2025\/11\/\u897f\u74dc\u68da\u8be6\u60c5-08_03.png 1344w\" sizes=\"(max-width: 1024px) 100vw, 1024px\" \/> <img alt=\"\" loading=\"lazy\" decoding=\"async\" class=\"size-large wp-image-5295 aligncenter\" src=\"https:\/\/mhuagroup.com\/wp-content\/uploads\/2025\/11\/\u897f\u74dc\u68da\u8be6\u60c5-08_04-1024x393.png\" width=\"1024\" height=\"393\" srcset=\"https:\/\/mhuagroup.com\/wp-content\/uploads\/2025\/11\/\u897f\u74dc\u68da\u8be6\u60c5-08_04-1024x393.png 1024w, https:\/\/mhuagroup.com\/wp-content\/uploads\/2025\/11\/\u897f\u74dc\u68da\u8be6\u60c5-08_04-300x115.png 300w, https:\/\/mhuagroup.com\/wp-content\/uploads\/2025\/11\/\u897f\u74dc\u68da\u8be6\u60c5-08_04-768x295.png 768w, https:\/\/mhuagroup.com\/wp-content\/uploads\/2025\/11\/\u897f\u74dc\u68da\u8be6\u60c5-08_04-18x7.png 18w, https:\/\/mhuagroup.com\/wp-content\/uploads\/2025\/11\/\u897f\u74dc\u68da\u8be6\u60c5-08_04-600x230.png 600w, https:\/\/mhuagroup.com\/wp-content\/uploads\/2025\/11\/\u897f\u74dc\u68da\u8be6\u60c5-08_04.png 1344w\" sizes=\"(max-width: 1024px) 100vw, 1024px\" \/><\/p>\n<p>&nbsp;<\/p>\n<p><strong>Logros de la cooperaci\u00f3n avalados por la fortaleza<\/strong>: Hemos proporcionado soluciones personalizadas para cafeter\u00edas, restaurantes, empresas deportivas y culturales, tiendas de la calle antigua, vendedores de mercados nocturnos y otros operadores. Los casos han dado resultados tangibles, como un crecimiento de 20% en el tr\u00e1fico peatonal de clientes y una ampliaci\u00f3n de 40% del espacio comercial, con una reputaci\u00f3n en el mercado que valida nuestra capacidad para adaptarnos a diversos escenarios empresariales.<\/p>\n<p><strong>Gran capacidad de producci\u00f3n y cumplimiento<\/strong>: La capacidad de producci\u00f3n anual supera los 10.000 metros cuadrados. El dise\u00f1o modular permite un despliegue r\u00e1pido, con un tiempo de apertura el\u00e9ctrica de 30 segundos y una entrega r\u00e1pida en un plazo de 7 a 10 d\u00edas. Apoyamos los servicios OEM\/ODM en m\u00faltiples escenarios, presumiendo de una tasa de prefabricaci\u00f3n de componentes de 90% y una reducci\u00f3n de 60% en horas de mano de obra de instalaci\u00f3n.<\/p>\n<p><strong>Inventario suficiente<\/strong>: Mantenemos un inventario regular de los modelos principales, con una cantidad m\u00ednima de pedido de un juego. Esto nos permite satisfacer tanto las necesidades de pedidos de prueba de lotes peque\u00f1os como los requisitos de adquisici\u00f3n a gran escala. Junto con los servicios transfronterizos de entrega directa, nuestra log\u00edstica es eficiente y manejable.<\/p>","protected":false},"excerpt":{"rendered":"<p>1.Dise\u00f1o meticuloso<br \/>\n2.Tejido de alta densidad para exteriores<br \/>\n3.Funci\u00f3n de apriete autom\u00e1tico<\/p>","protected":false},"featured_media":5592,"template":"","meta":{"_seopress_robots_primary_cat":"none","_seopress_titles_title":"%%post_title%%","_seopress_titles_desc":"%%post_excerpt%%","_seopress_robots_index":"","_uag_custom_page_level_css":"","site-sidebar-layout":"default","site-content-layout":"","ast-site-content-layout":"default","site-content-style":"default","site-sidebar-style":"default","ast-global-header-display":"","ast-banner-title-visibility":"","ast-main-header-display":"","ast-hfb-above-header-display":"","ast-hfb-below-header-display":"","ast-hfb-mobile-header-display":"","site-post-title":"","ast-breadcrumbs-content":"","ast-featured-img":"","footer-sml-layout":"","ast-disable-related-posts":"","theme-transparent-header-meta":"default","adv-header-id-meta":"","stick-header-meta":"default","header-above-stick-meta":"","header-main-stick-meta":"","header-below-stick-meta":"","astra-migrate-meta-layouts":"set","ast-page-background-enabled":"default","ast-page-background-meta":{"desktop":{"background-color":"","background-image":"","background-repeat":"repeat","background-position":"center center","background-size":"auto","background-attachment":"scroll","background-type":"","background-media":"","overlay-type":"","overlay-color":"","overlay-opacity":"","overlay-gradient":""},"tablet":{"background-color":"","background-image":"","background-repeat":"repeat","background-position":"center center","background-size":"auto","background-attachment":"scroll","background-type":"","background-media":"","overlay-type":"","overlay-color":"","overlay-opacity":"","overlay-gradient":""},"mobile":{"background-color":"","background-image":"","background-repeat":"repeat","background-position":"center center","background-size":"auto","background-attachment":"scroll","background-type":"","background-media":"","overlay-type":"","overlay-color":"","overlay-opacity":"","overlay-gradient":""}},"ast-content-background-meta":{"desktop":{"background-color":"var(--ast-global-color-5)","background-image":"","background-repeat":"repeat","background-position":"center center","background-size":"auto","background-attachment":"scroll","background-type":"","background-media":"","overlay-type":"","overlay-color":"","overlay-opacity":"","overlay-gradient":""},"tablet":{"background-color":"var(--ast-global-color-5)","background-image":"","background-repeat":"repeat","background-position":"center center","background-size":"auto","background-attachment":"scroll","background-type":"","background-media":"","overlay-type":"","overlay-color":"","overlay-opacity":"","overlay-gradient":""},"mobile":{"background-color":"var(--ast-global-color-5)","background-image":"","background-repeat":"repeat","background-position":"center center","background-size":"auto","background-attachment":"scroll","background-type":"","background-media":"","overlay-type":"","overlay-color":"","overlay-opacity":"","overlay-gradient":""}}},"product_brand":[],"product_cat":[62],"product_tag":[],"class_list":{"0":"post-5267","1":"product","2":"type-product","3":"status-publish","4":"has-post-thumbnail","6":"product_cat-awning","7":"desktop-align-center","8":"tablet-align-left","9":"mobile-align-left","10":"ast-product-gallery-layout-horizontal-slider","11":"ast-product-tabs-layout-horizontal","13":"first","14":"instock","15":"featured","16":"shipping-taxable","17":"product-type-simple"},"uagb_featured_image_src":{"full":["https:\/\/mhuagroup.com\/wp-content\/uploads\/2025\/11\/\u897f\u74dc\u906e\u9633\u68da-3-1.jpg",1667,1667,false],"thumbnail":["https:\/\/mhuagroup.com\/wp-content\/uploads\/2025\/11\/\u897f\u74dc\u906e\u9633\u68da-3-1-150x150.jpg",150,150,true],"medium":["https:\/\/mhuagroup.com\/wp-content\/uploads\/2025\/11\/\u897f\u74dc\u906e\u9633\u68da-3-1-300x300.jpg",300,300,true],"medium_large":["https:\/\/mhuagroup.com\/wp-content\/uploads\/2025\/11\/\u897f\u74dc\u906e\u9633\u68da-3-1-768x768.jpg",768,768,true],"large":["https:\/\/mhuagroup.com\/wp-content\/uploads\/2025\/11\/\u897f\u74dc\u906e\u9633\u68da-3-1-1024x1024.jpg",1024,1024,true],"1536x1536":["https:\/\/mhuagroup.com\/wp-content\/uploads\/2025\/11\/\u897f\u74dc\u906e\u9633\u68da-3-1-1536x1536.jpg",1536,1536,true],"2048x2048":["https:\/\/mhuagroup.com\/wp-content\/uploads\/2025\/11\/\u897f\u74dc\u906e\u9633\u68da-3-1.jpg",1667,1667,false],"trp-custom-language-flag":["https:\/\/mhuagroup.com\/wp-content\/uploads\/2025\/11\/\u897f\u74dc\u906e\u9633\u68da-3-1-12x12.jpg",12,12,true],"woocommerce_thumbnail":["https:\/\/mhuagroup.com\/wp-content\/uploads\/2025\/11\/\u897f\u74dc\u906e\u9633\u68da-3-1-300x300.jpg",300,300,true],"woocommerce_single":["https:\/\/mhuagroup.com\/wp-content\/uploads\/2025\/11\/\u897f\u74dc\u906e\u9633\u68da-3-1-600x600.jpg",600,600,true],"woocommerce_gallery_thumbnail":["https:\/\/mhuagroup.com\/wp-content\/uploads\/2025\/11\/\u897f\u74dc\u906e\u9633\u68da-3-1-100x100.jpg",100,100,true]},"uagb_author_info":{"display_name":"jinxing6611@gmail.com","author_link":"https:\/\/mhuagroup.com\/es\/author\/"},"uagb_comment_info":0,"uagb_excerpt":"1.Meticulous Design 2.High-Density Outdoor Fabric 3.Fabric Automatic Tightening Function","_links":{"self":[{"href":"https:\/\/mhuagroup.com\/es\/wp-json\/wp\/v2\/product\/5267","targetHints":{"allow":["GET"]}}],"collection":[{"href":"https:\/\/mhuagroup.com\/es\/wp-json\/wp\/v2\/product"}],"about":[{"href":"https:\/\/mhuagroup.com\/es\/wp-json\/wp\/v2\/types\/product"}],"version-history":[{"count":14,"href":"https:\/\/mhuagroup.com\/es\/wp-json\/wp\/v2\/product\/5267\/revisions"}],"predecessor-version":[{"id":5825,"href":"https:\/\/mhuagroup.com\/es\/wp-json\/wp\/v2\/product\/5267\/revisions\/5825"}],"wp:featuredmedia":[{"embeddable":true,"href":"https:\/\/mhuagroup.com\/es\/wp-json\/wp\/v2\/media\/5592"}],"wp:attachment":[{"href":"https:\/\/mhuagroup.com\/es\/wp-json\/wp\/v2\/media?parent=5267"}],"wp:term":[{"taxonomy":"product_brand","embeddable":true,"href":"https:\/\/mhuagroup.com\/es\/wp-json\/wp\/v2\/product_brand?post=5267"},{"taxonomy":"product_cat","embeddable":true,"href":"https:\/\/mhuagroup.com\/es\/wp-json\/wp\/v2\/product_cat?post=5267"},{"taxonomy":"product_tag","embeddable":true,"href":"https:\/\/mhuagroup.com\/es\/wp-json\/wp\/v2\/product_tag?post=5267"}],"curies":[{"name":"wp","href":"https:\/\/api.w.org\/{rel}","templated":true}]}}