{"id":5659,"date":"2025-11-27T06:36:20","date_gmt":"2025-11-27T06:36:20","guid":{"rendered":"https:\/\/mhuagroup.com\/?post_type=product&#038;p=5659"},"modified":"2025-12-04T01:49:14","modified_gmt":"2025-12-04T01:49:14","slug":"outdoor-retractable-awning-patio-garden-canopy-sun-shade-y-type-retractable-sunshade-awning","status":"publish","type":"product","link":"https:\/\/mhuagroup.com\/es\/producto\/outdoor-retractable-awning-patio-garden-canopy-sun-shade-y-type-retractable-sunshade-awning\/","title":{"rendered":"Toldo retr\u00e1ctil de exterior, toldo de jard\u00edn, toldo de sol retr\u00e1ctil tipo Y"},"content":{"rendered":"<table>\n<tbody>\n<tr>\n<td width=\"264\">Modelo NO.<\/td>\n<td width=\"425\">Toldo parasol tipo Y<\/td>\n<td width=\"425\">\u00cdndice de impermeabilidad de la tienda exterior<\/td>\n<td width=\"425\">&gt;3000 mm<\/td>\n<\/tr>\n<tr>\n<td width=\"264\">Color<\/td>\n<td width=\"425\">Personalizado<\/td>\n<td width=\"264\">Controlar<\/td>\n<td width=\"425\">Motor\/Mando manual<\/td>\n<\/tr>\n<tr>\n<td width=\"264\">Acabado de velas<\/td>\n<td width=\"425\">Revestimiento FV<\/td>\n<td width=\"264\">Talla<\/td>\n<td width=\"425\">Tama\u00f1os a medida<\/td>\n<\/tr>\n<tr>\n<td width=\"264\">Funci\u00f3n<\/td>\n<td width=\"425\">Protecci\u00f3n solar<\/td>\n<td width=\"264\">Utilizaci\u00f3n<\/td>\n<td width=\"425\">Patio\\Jard\u00edn\\Caba\u00f1a\\Cuartel\\Playa<\/td>\n<\/tr>\n<tr>\n<td width=\"264\">Temporada<\/td>\n<td width=\"425\">Todas las estaciones<\/td>\n<td width=\"264\">Estilo<\/td>\n<td width=\"425\">Lujo<\/td>\n<\/tr>\n<tr>\n<td width=\"264\">Caracter\u00edstica<\/td>\n<td width=\"425\">Extensible<\/td>\n<td width=\"264\">Paquete de transporte<\/td>\n<td width=\"425\">Embalaje de cart\u00f3n o madera<\/td>\n<\/tr>\n<tr>\n<td width=\"264\">Marca<\/td>\n<td width=\"425\">Mhua<\/td>\n<td width=\"264\">Origen<\/td>\n<td width=\"425\">China<\/td>\n<\/tr>\n<\/tbody>\n<\/table>\n<h6 style=\"text-align: center;\">Aislamiento t\u00e9rmico y protecci\u00f3n contra la lluvia Resistencia reforzada al viento Blindaje multicapa para protecci\u00f3n solar Bloqueo de la lluvia y resistencia a la nieve<\/h6>\n<p>&nbsp;<\/p>\n<p>&nbsp;<\/p>\n<p><img alt=\"\" fetchpriority=\"high\" decoding=\"async\" class=\"wp-image-5673 aligncenter\" src=\"https:\/\/mhuagroup.com\/wp-content\/uploads\/2025\/11\/Outdoor-Retractable-Awning-Patio-Garden-Canopy-Sun-Shade-Y-Type-Retractable-Sunshade-Awning_02-1.jpg\" width=\"1000\" height=\"1036\" srcset=\"https:\/\/mhuagroup.com\/wp-content\/uploads\/2025\/11\/Outdoor-Retractable-Awning-Patio-Garden-Canopy-Sun-Shade-Y-Type-Retractable-Sunshade-Awning_02-1.jpg 1233w, https:\/\/mhuagroup.com\/wp-content\/uploads\/2025\/11\/Outdoor-Retractable-Awning-Patio-Garden-Canopy-Sun-Shade-Y-Type-Retractable-Sunshade-Awning_02-1-290x300.jpg 290w, https:\/\/mhuagroup.com\/wp-content\/uploads\/2025\/11\/Outdoor-Retractable-Awning-Patio-Garden-Canopy-Sun-Shade-Y-Type-Retractable-Sunshade-Awning_02-1-989x1024.jpg 989w, https:\/\/mhuagroup.com\/wp-content\/uploads\/2025\/11\/Outdoor-Retractable-Awning-Patio-Garden-Canopy-Sun-Shade-Y-Type-Retractable-Sunshade-Awning_02-1-768x795.jpg 768w, https:\/\/mhuagroup.com\/wp-content\/uploads\/2025\/11\/Outdoor-Retractable-Awning-Patio-Garden-Canopy-Sun-Shade-Y-Type-Retractable-Sunshade-Awning_02-1-12x12.jpg 12w, https:\/\/mhuagroup.com\/wp-content\/uploads\/2025\/11\/Outdoor-Retractable-Awning-Patio-Garden-Canopy-Sun-Shade-Y-Type-Retractable-Sunshade-Awning_02-1-600x621.jpg 600w\" sizes=\"(max-width: 1000px) 100vw, 1000px\" \/><\/p>\n<h6 style=\"text-align: center;\">Protecci\u00f3n solar bi\u00f3nica en forma de Y<\/h6>\n<p style=\"text-align: center;\">Los dos brazos de apoyo forman una zona triangular estable<\/p>\n<p style=\"text-align: center;\">La estructura en forma de Y imita la l\u00f3gica de carga eficiente de la naturaleza, logrando un equilibrio din\u00e1mico entre la dispersi\u00f3n y la concentraci\u00f3n de la fuerza.<\/p>\n<p><img alt=\"\" decoding=\"async\" class=\"wp-image-5674 aligncenter\" src=\"https:\/\/mhuagroup.com\/wp-content\/uploads\/2025\/11\/Y\u5f62\u906e\u9633\u7bf7-\u8be6\u60c5-2_02.jpg\" width=\"1000\" height=\"1294\" srcset=\"https:\/\/mhuagroup.com\/wp-content\/uploads\/2025\/11\/Y\u5f62\u906e\u9633\u7bf7-\u8be6\u60c5-2_02.jpg 1233w, https:\/\/mhuagroup.com\/wp-content\/uploads\/2025\/11\/Y\u5f62\u906e\u9633\u7bf7-\u8be6\u60c5-2_02-232x300.jpg 232w, https:\/\/mhuagroup.com\/wp-content\/uploads\/2025\/11\/Y\u5f62\u906e\u9633\u7bf7-\u8be6\u60c5-2_02-791x1024.jpg 791w, https:\/\/mhuagroup.com\/wp-content\/uploads\/2025\/11\/Y\u5f62\u906e\u9633\u7bf7-\u8be6\u60c5-2_02-768x994.jpg 768w, https:\/\/mhuagroup.com\/wp-content\/uploads\/2025\/11\/Y\u5f62\u906e\u9633\u7bf7-\u8be6\u60c5-2_02-1187x1536.jpg 1187w, https:\/\/mhuagroup.com\/wp-content\/uploads\/2025\/11\/Y\u5f62\u906e\u9633\u7bf7-\u8be6\u60c5-2_02-9x12.jpg 9w, https:\/\/mhuagroup.com\/wp-content\/uploads\/2025\/11\/Y\u5f62\u906e\u9633\u7bf7-\u8be6\u60c5-2_02-600x777.jpg 600w\" sizes=\"(max-width: 1000px) 100vw, 1000px\" \/><\/p>\n<h6 style=\"text-align: center;\">Polivalente Rompiendo las limitaciones de instalaci\u00f3n Dise\u00f1o est\u00e9ticamente agradable con una huella peque\u00f1a y una amplia protecci\u00f3n solar<\/h6>\n<p><img alt=\"\" decoding=\"async\" class=\"aligncenter wp-image-5675\" src=\"https:\/\/mhuagroup.com\/wp-content\/uploads\/2025\/11\/Y\u5f62\u906e\u9633\u7bf7-\u8be6\u60c5-4_02.jpg\" width=\"1000\" height=\"1221\" srcset=\"https:\/\/mhuagroup.com\/wp-content\/uploads\/2025\/11\/Y\u5f62\u906e\u9633\u7bf7-\u8be6\u60c5-4_02.jpg 1233w, https:\/\/mhuagroup.com\/wp-content\/uploads\/2025\/11\/Y\u5f62\u906e\u9633\u7bf7-\u8be6\u60c5-4_02-246x300.jpg 246w, https:\/\/mhuagroup.com\/wp-content\/uploads\/2025\/11\/Y\u5f62\u906e\u9633\u7bf7-\u8be6\u60c5-4_02-839x1024.jpg 839w, https:\/\/mhuagroup.com\/wp-content\/uploads\/2025\/11\/Y\u5f62\u906e\u9633\u7bf7-\u8be6\u60c5-4_02-768x937.jpg 768w, https:\/\/mhuagroup.com\/wp-content\/uploads\/2025\/11\/Y\u5f62\u906e\u9633\u7bf7-\u8be6\u60c5-4_02-10x12.jpg 10w, https:\/\/mhuagroup.com\/wp-content\/uploads\/2025\/11\/Y\u5f62\u906e\u9633\u7bf7-\u8be6\u60c5-4_02-600x732.jpg 600w\" sizes=\"(max-width: 1000px) 100vw, 1000px\" \/><\/p>\n<p style=\"text-align: center;\">Puede mantener su color y rendimiento originales incluso en entornos con luz solar directa prolongada, alta humedad y lluvias torrenciales.<\/p>\n<p><img alt=\"\" loading=\"lazy\" decoding=\"async\" class=\"wp-image-5676 aligncenter\" src=\"https:\/\/mhuagroup.com\/wp-content\/uploads\/2025\/11\/Y\u5f62\u906e\u9633\u7bf7-\u8be6\u60c5-6_02.jpg\" width=\"1000\" height=\"1226\" srcset=\"https:\/\/mhuagroup.com\/wp-content\/uploads\/2025\/11\/Y\u5f62\u906e\u9633\u7bf7-\u8be6\u60c5-6_02.jpg 1233w, https:\/\/mhuagroup.com\/wp-content\/uploads\/2025\/11\/Y\u5f62\u906e\u9633\u7bf7-\u8be6\u60c5-6_02-245x300.jpg 245w, https:\/\/mhuagroup.com\/wp-content\/uploads\/2025\/11\/Y\u5f62\u906e\u9633\u7bf7-\u8be6\u60c5-6_02-835x1024.jpg 835w, https:\/\/mhuagroup.com\/wp-content\/uploads\/2025\/11\/Y\u5f62\u906e\u9633\u7bf7-\u8be6\u60c5-6_02-768x942.jpg 768w, https:\/\/mhuagroup.com\/wp-content\/uploads\/2025\/11\/Y\u5f62\u906e\u9633\u7bf7-\u8be6\u60c5-6_02-10x12.jpg 10w, https:\/\/mhuagroup.com\/wp-content\/uploads\/2025\/11\/Y\u5f62\u906e\u9633\u7bf7-\u8be6\u60c5-6_02-600x736.jpg 600w\" sizes=\"(max-width: 1000px) 100vw, 1000px\" \/><\/p>\n<h6 style=\"text-align: center;\">Robusto y estable sin sacudidas Resistente a la oxidaci\u00f3n<\/h6>\n<p><img alt=\"\" loading=\"lazy\" decoding=\"async\" class=\"wp-image-5677 aligncenter\" src=\"https:\/\/mhuagroup.com\/wp-content\/uploads\/2025\/11\/Y\u5f62\u906e\u9633\u7bf7-\u8be6\u60c5-5_01.jpg\" width=\"1000\" height=\"731\" srcset=\"https:\/\/mhuagroup.com\/wp-content\/uploads\/2025\/11\/Y\u5f62\u906e\u9633\u7bf7-\u8be6\u60c5-5_01.jpg 1233w, https:\/\/mhuagroup.com\/wp-content\/uploads\/2025\/11\/Y\u5f62\u906e\u9633\u7bf7-\u8be6\u60c5-5_01-300x219.jpg 300w, https:\/\/mhuagroup.com\/wp-content\/uploads\/2025\/11\/Y\u5f62\u906e\u9633\u7bf7-\u8be6\u60c5-5_01-1024x748.jpg 1024w, https:\/\/mhuagroup.com\/wp-content\/uploads\/2025\/11\/Y\u5f62\u906e\u9633\u7bf7-\u8be6\u60c5-5_01-768x561.jpg 768w, https:\/\/mhuagroup.com\/wp-content\/uploads\/2025\/11\/Y\u5f62\u906e\u9633\u7bf7-\u8be6\u60c5-5_01-16x12.jpg 16w, https:\/\/mhuagroup.com\/wp-content\/uploads\/2025\/11\/Y\u5f62\u906e\u9633\u7bf7-\u8be6\u60c5-5_01-600x438.jpg 600w\" sizes=\"(max-width: 1000px) 100vw, 1000px\" \/> <img alt=\"\" loading=\"lazy\" decoding=\"async\" class=\"wp-image-5678 aligncenter\" src=\"https:\/\/mhuagroup.com\/wp-content\/uploads\/2025\/11\/Y\u5f62\u906e\u9633\u7bf7-\u8be6\u60c5-5_02.jpg\" width=\"1000\" height=\"731\" srcset=\"https:\/\/mhuagroup.com\/wp-content\/uploads\/2025\/11\/Y\u5f62\u906e\u9633\u7bf7-\u8be6\u60c5-5_02.jpg 1233w, https:\/\/mhuagroup.com\/wp-content\/uploads\/2025\/11\/Y\u5f62\u906e\u9633\u7bf7-\u8be6\u60c5-5_02-300x219.jpg 300w, https:\/\/mhuagroup.com\/wp-content\/uploads\/2025\/11\/Y\u5f62\u906e\u9633\u7bf7-\u8be6\u60c5-5_02-1024x748.jpg 1024w, https:\/\/mhuagroup.com\/wp-content\/uploads\/2025\/11\/Y\u5f62\u906e\u9633\u7bf7-\u8be6\u60c5-5_02-768x561.jpg 768w, https:\/\/mhuagroup.com\/wp-content\/uploads\/2025\/11\/Y\u5f62\u906e\u9633\u7bf7-\u8be6\u60c5-5_02-16x12.jpg 16w, https:\/\/mhuagroup.com\/wp-content\/uploads\/2025\/11\/Y\u5f62\u906e\u9633\u7bf7-\u8be6\u60c5-5_02-600x438.jpg 600w\" sizes=\"(max-width: 1000px) 100vw, 1000px\" \/><\/p>\n<h6 style=\"text-align: center;\">Apto para uso comercial y residencial Redefinici\u00f3n de la protecci\u00f3n solar subvirtiendo la tradici\u00f3n<\/h6>\n<p style=\"text-align: center;\">Peque\u00f1a superficie de protecci\u00f3n solar<\/p>\n<p><img alt=\"\" loading=\"lazy\" decoding=\"async\" class=\"wp-image-5679 aligncenter\" src=\"https:\/\/mhuagroup.com\/wp-content\/uploads\/2025\/11\/Outdoor-Retractable-Awning-Patio-Garden-Canopy-Sun-Shade-Y-Type-Retractable-Sunshade-Awning-1_02.jpg\" width=\"1000\" height=\"916\" srcset=\"https:\/\/mhuagroup.com\/wp-content\/uploads\/2025\/11\/Outdoor-Retractable-Awning-Patio-Garden-Canopy-Sun-Shade-Y-Type-Retractable-Sunshade-Awning-1_02.jpg 1233w, https:\/\/mhuagroup.com\/wp-content\/uploads\/2025\/11\/Outdoor-Retractable-Awning-Patio-Garden-Canopy-Sun-Shade-Y-Type-Retractable-Sunshade-Awning-1_02-300x275.jpg 300w, https:\/\/mhuagroup.com\/wp-content\/uploads\/2025\/11\/Outdoor-Retractable-Awning-Patio-Garden-Canopy-Sun-Shade-Y-Type-Retractable-Sunshade-Awning-1_02-1024x938.jpg 1024w, https:\/\/mhuagroup.com\/wp-content\/uploads\/2025\/11\/Outdoor-Retractable-Awning-Patio-Garden-Canopy-Sun-Shade-Y-Type-Retractable-Sunshade-Awning-1_02-768x704.jpg 768w, https:\/\/mhuagroup.com\/wp-content\/uploads\/2025\/11\/Outdoor-Retractable-Awning-Patio-Garden-Canopy-Sun-Shade-Y-Type-Retractable-Sunshade-Awning-1_02-13x12.jpg 13w, https:\/\/mhuagroup.com\/wp-content\/uploads\/2025\/11\/Outdoor-Retractable-Awning-Patio-Garden-Canopy-Sun-Shade-Y-Type-Retractable-Sunshade-Awning-1_02-600x550.jpg 600w\" sizes=\"(max-width: 1000px) 100vw, 1000px\" \/><\/p>\n<h3>PREGUNTAS FRECUENTES<\/h3>\n<p><strong>1.\u00bfEs usted una f\u00e1brica o una agencia?<\/strong><br \/>\nNuestra f\u00e1brica se fund\u00f3 en 2010 y cuenta con m\u00e1s de 15 a\u00f1os de experiencia en la fabricaci\u00f3n de toldos de exterior.<br \/>\n<strong>2.\u00bfC\u00f3mo se puede hacer un control de calidad?<\/strong><br \/>\nLa empresa cuenta con avanzados equipos de prueba y un estricto proceso de control de calidad desde la materia prima hasta el producto final, tenemos 100% prueba antes de la entrega.<br \/>\n<strong>3. \u00bfCu\u00e1les son sus condiciones de pago?<\/strong><br \/>\nT\/T 30% como dep\u00f3sito, y 70% antes de la entrega. Le mostraremos las fotos de los productos y paquetes antes de pagar el saldo, sin duda podemos aceptar L \/ C a la vista a trav\u00e9s de la negociaci\u00f3n.<br \/>\n<strong>4. \u00bfCu\u00e1les son sus condiciones de entrega?<\/strong><br \/>\nFOB, CFR, CIF, DDP, etc.<br \/>\n<strong>5.\u00bfAdmite personalizaci\u00f3n?<\/strong><br \/>\nClaro, si se trata de tama\u00f1o, color, marca, o cualquier otro requisito, por favor h\u00e1gamelo saber, las mercanc\u00edas ser\u00e1n personalizados de acuerdo a sus necesidades.<br \/>\n<strong>6. \u00bfQu\u00e9 le parece su plazo de entrega?<\/strong><br \/>\nPor lo general, el plazo de entrega es de 7 a 10 d\u00edas tras recibir el pago por adelantado. El plazo de entrega concreto depende de los art\u00edculos y la cantidad de su pedido.<br \/>\n<strong>7. \u00bfC\u00f3mo conseguir que nuestra relaci\u00f3n comercial sea buena y duradera?<\/strong><br \/>\nA: Mantenemos buena calidad y precio competitivo para asegurar a nuestros clientes se benefician ;<br \/>\nB: Respetamos a cada cliente como a un amigo y hacemos negocios y amistades con ellos sinceramente, vengan de donde vengan.<\/p>","protected":false},"excerpt":{"rendered":"<p>Personalizaci\u00f3n:Disponible<br \/>\nM\u00e9todo de funcionamiento: manual\/interruptor de control remoto<br \/>\nMaterial del bastidor: aleaci\u00f3n de aluminio<\/p>","protected":false},"featured_media":5662,"template":"","meta":{"_seopress_robots_primary_cat":"none","_seopress_titles_title":"%%post_title%%","_seopress_titles_desc":"%%post_excerpt%%","_seopress_robots_index":"","_uag_custom_page_level_css":"","site-sidebar-layout":"default","site-content-layout":"","ast-site-content-layout":"default","site-content-style":"default","site-sidebar-style":"default","ast-global-header-display":"","ast-banner-title-visibility":"","ast-main-header-display":"","ast-hfb-above-header-display":"","ast-hfb-below-header-display":"","ast-hfb-mobile-header-display":"","site-post-title":"","ast-breadcrumbs-content":"","ast-featured-img":"","footer-sml-layout":"","ast-disable-related-posts":"","theme-transparent-header-meta":"default","adv-header-id-meta":"","stick-header-meta":"default","header-above-stick-meta":"","header-main-stick-meta":"","header-below-stick-meta":"","astra-migrate-meta-layouts":"set","ast-page-background-enabled":"default","ast-page-background-meta":{"desktop":{"background-color":"","background-image":"","background-repeat":"repeat","background-position":"center center","background-size":"auto","background-attachment":"scroll","background-type":"","background-media":"","overlay-type":"","overlay-color":"","overlay-opacity":"","overlay-gradient":""},"tablet":{"background-color":"","background-image":"","background-repeat":"repeat","background-position":"center center","background-size":"auto","background-attachment":"scroll","background-type":"","background-media":"","overlay-type":"","overlay-color":"","overlay-opacity":"","overlay-gradient":""},"mobile":{"background-color":"","background-image":"","background-repeat":"repeat","background-position":"center center","background-size":"auto","background-attachment":"scroll","background-type":"","background-media":"","overlay-type":"","overlay-color":"","overlay-opacity":"","overlay-gradient":""}},"ast-content-background-meta":{"desktop":{"background-color":"var(--ast-global-color-5)","background-image":"","background-repeat":"repeat","background-position":"center center","background-size":"auto","background-attachment":"scroll","background-type":"","background-media":"","overlay-type":"","overlay-color":"","overlay-opacity":"","overlay-gradient":""},"tablet":{"background-color":"var(--ast-global-color-5)","background-image":"","background-repeat":"repeat","background-position":"center center","background-size":"auto","background-attachment":"scroll","background-type":"","background-media":"","overlay-type":"","overlay-color":"","overlay-opacity":"","overlay-gradient":""},"mobile":{"background-color":"var(--ast-global-color-5)","background-image":"","background-repeat":"repeat","background-position":"center center","background-size":"auto","background-attachment":"scroll","background-type":"","background-media":"","overlay-type":"","overlay-color":"","overlay-opacity":"","overlay-gradient":""}}},"product_brand":[],"product_cat":[69],"product_tag":[],"class_list":{"0":"post-5659","1":"product","2":"type-product","3":"status-publish","4":"has-post-thumbnail","6":"product_cat-y-shaped-awning","7":"desktop-align-center","8":"tablet-align-left","9":"mobile-align-left","10":"ast-product-gallery-layout-horizontal-slider","11":"ast-product-tabs-layout-horizontal","13":"first","14":"instock","15":"featured","16":"shipping-taxable","17":"product-type-simple"},"uagb_featured_image_src":{"full":["https:\/\/mhuagroup.com\/wp-content\/uploads\/2025\/11\/Y\u5f62\u906e\u9633\u7bf7-3.jpg",1667,1667,false],"thumbnail":["https:\/\/mhuagroup.com\/wp-content\/uploads\/2025\/11\/Y\u5f62\u906e\u9633\u7bf7-3-150x150.jpg",150,150,true],"medium":["https:\/\/mhuagroup.com\/wp-content\/uploads\/2025\/11\/Y\u5f62\u906e\u9633\u7bf7-3-300x300.jpg",300,300,true],"medium_large":["https:\/\/mhuagroup.com\/wp-content\/uploads\/2025\/11\/Y\u5f62\u906e\u9633\u7bf7-3-768x768.jpg",768,768,true],"large":["https:\/\/mhuagroup.com\/wp-content\/uploads\/2025\/11\/Y\u5f62\u906e\u9633\u7bf7-3-1024x1024.jpg",1024,1024,true],"1536x1536":["https:\/\/mhuagroup.com\/wp-content\/uploads\/2025\/11\/Y\u5f62\u906e\u9633\u7bf7-3-1536x1536.jpg",1536,1536,true],"2048x2048":["https:\/\/mhuagroup.com\/wp-content\/uploads\/2025\/11\/Y\u5f62\u906e\u9633\u7bf7-3.jpg",1667,1667,false],"trp-custom-language-flag":["https:\/\/mhuagroup.com\/wp-content\/uploads\/2025\/11\/Y\u5f62\u906e\u9633\u7bf7-3-12x12.jpg",12,12,true],"woocommerce_thumbnail":["https:\/\/mhuagroup.com\/wp-content\/uploads\/2025\/11\/Y\u5f62\u906e\u9633\u7bf7-3-300x300.jpg",300,300,true],"woocommerce_single":["https:\/\/mhuagroup.com\/wp-content\/uploads\/2025\/11\/Y\u5f62\u906e\u9633\u7bf7-3-600x600.jpg",600,600,true],"woocommerce_gallery_thumbnail":["https:\/\/mhuagroup.com\/wp-content\/uploads\/2025\/11\/Y\u5f62\u906e\u9633\u7bf7-3-100x100.jpg",100,100,true]},"uagb_author_info":{"display_name":"jinxing6611@gmail.com","author_link":"https:\/\/mhuagroup.com\/es\/author\/"},"uagb_comment_info":0,"uagb_excerpt":"Customization:Available Operation Method:Manual\/Remote Control Switch Frame Material:Aluminum Alloy","_links":{"self":[{"href":"https:\/\/mhuagroup.com\/es\/wp-json\/wp\/v2\/product\/5659","targetHints":{"allow":["GET"]}}],"collection":[{"href":"https:\/\/mhuagroup.com\/es\/wp-json\/wp\/v2\/product"}],"about":[{"href":"https:\/\/mhuagroup.com\/es\/wp-json\/wp\/v2\/types\/product"}],"version-history":[{"count":8,"href":"https:\/\/mhuagroup.com\/es\/wp-json\/wp\/v2\/product\/5659\/revisions"}],"predecessor-version":[{"id":5815,"href":"https:\/\/mhuagroup.com\/es\/wp-json\/wp\/v2\/product\/5659\/revisions\/5815"}],"wp:featuredmedia":[{"embeddable":true,"href":"https:\/\/mhuagroup.com\/es\/wp-json\/wp\/v2\/media\/5662"}],"wp:attachment":[{"href":"https:\/\/mhuagroup.com\/es\/wp-json\/wp\/v2\/media?parent=5659"}],"wp:term":[{"taxonomy":"product_brand","embeddable":true,"href":"https:\/\/mhuagroup.com\/es\/wp-json\/wp\/v2\/product_brand?post=5659"},{"taxonomy":"product_cat","embeddable":true,"href":"https:\/\/mhuagroup.com\/es\/wp-json\/wp\/v2\/product_cat?post=5659"},{"taxonomy":"product_tag","embeddable":true,"href":"https:\/\/mhuagroup.com\/es\/wp-json\/wp\/v2\/product_tag?post=5659"}],"curies":[{"name":"wp","href":"https:\/\/api.w.org\/{rel}","templated":true}]}}