{"id":6165,"date":"2026-03-04T01:24:18","date_gmt":"2026-03-04T01:24:18","guid":{"rendered":"https:\/\/mhuagroup.com\/?post_type=product&#038;p=6165"},"modified":"2026-03-04T03:26:20","modified_gmt":"2026-03-04T03:26:20","slug":"retractable-roof-awning-outdoor-y-style-motorized-waterproof-pavilion-shade-supplier-for-patio-and-restaurants","status":"publish","type":"product","link":"https:\/\/mhuagroup.com\/es\/producto\/retractable-roof-awning-outdoor-y-style-motorized-waterproof-pavilion-shade-supplier-for-patio-and-restaurants\/","title":{"rendered":"Toldo Retr\u00e1ctil de Techo Estilo Y Motorizado Impermeable Proveedor de Sombra de Pabell\u00f3n para Patio y Restaurantes"},"content":{"rendered":"<table>\n<tbody>\n<tr>\n<td width=\"264\">Modelo NO.<\/td>\n<td width=\"425\">Toldo parasol tipo Y<\/td>\n<td width=\"425\">\u00cdndice de impermeabilidad de la tienda exterior<\/td>\n<td width=\"425\">&gt;3000 mm<\/td>\n<\/tr>\n<tr>\n<td width=\"264\">Color<\/td>\n<td width=\"425\">Personalizado<\/td>\n<td width=\"264\">Controlar<\/td>\n<td width=\"425\">Motor\/Mando manual<\/td>\n<\/tr>\n<tr>\n<td width=\"264\">Acabado de velas<\/td>\n<td width=\"425\">Revestimiento FV<\/td>\n<td width=\"264\">Talla<\/td>\n<td width=\"425\">Tama\u00f1os a medida<\/td>\n<\/tr>\n<tr>\n<td width=\"264\">Funci\u00f3n<\/td>\n<td width=\"425\">Protecci\u00f3n solar<\/td>\n<td width=\"264\">Utilizaci\u00f3n<\/td>\n<td width=\"425\">PatioGardenCottageCourtyardBeach<\/td>\n<\/tr>\n<tr>\n<td width=\"264\">Temporada<\/td>\n<td width=\"425\">Todas las estaciones<\/td>\n<td width=\"264\">Estilo<\/td>\n<td width=\"425\">Lujo<\/td>\n<\/tr>\n<tr>\n<td width=\"264\">Caracter\u00edstica<\/td>\n<td width=\"425\">Extensible<\/td>\n<td width=\"264\">Paquete de transporte<\/td>\n<td width=\"425\">Embalaje de cart\u00f3n o madera<\/td>\n<\/tr>\n<tr>\n<td width=\"264\">Marca<\/td>\n<td width=\"425\">Mhua<\/td>\n<td width=\"264\">Origen<\/td>\n<td width=\"425\">China<\/td>\n<\/tr>\n<\/tbody>\n<\/table>\n<h6 style=\"text-align: center;\">Aislamiento t\u00e9rmico y protecci\u00f3n contra la lluvia Resistencia reforzada al viento Blindaje multicapa para protecci\u00f3n solar Bloqueo de la lluvia y resistencia a la nieve<\/h6>\n<p><img alt=\"\" fetchpriority=\"high\" decoding=\"async\" class=\"aligncenter wp-image-6171 size-large\" src=\"https:\/\/mhuagroup.com\/wp-content\/uploads\/2026\/03\/Y\u578b\u906e\u9633\u68da-14-1024x1024.jpg\" width=\"1024\" height=\"1024\" srcset=\"https:\/\/mhuagroup.com\/wp-content\/uploads\/2026\/03\/Y\u578b\u906e\u9633\u68da-14-1024x1024.jpg 1024w, https:\/\/mhuagroup.com\/wp-content\/uploads\/2026\/03\/Y\u578b\u906e\u9633\u68da-14-300x300.jpg 300w, https:\/\/mhuagroup.com\/wp-content\/uploads\/2026\/03\/Y\u578b\u906e\u9633\u68da-14-150x150.jpg 150w, https:\/\/mhuagroup.com\/wp-content\/uploads\/2026\/03\/Y\u578b\u906e\u9633\u68da-14-768x768.jpg 768w, https:\/\/mhuagroup.com\/wp-content\/uploads\/2026\/03\/Y\u578b\u906e\u9633\u68da-14-1536x1536.jpg 1536w, https:\/\/mhuagroup.com\/wp-content\/uploads\/2026\/03\/Y\u578b\u906e\u9633\u68da-14-12x12.jpg 12w, https:\/\/mhuagroup.com\/wp-content\/uploads\/2026\/03\/Y\u578b\u906e\u9633\u68da-14-600x600.jpg 600w, https:\/\/mhuagroup.com\/wp-content\/uploads\/2026\/03\/Y\u578b\u906e\u9633\u68da-14-100x100.jpg 100w, https:\/\/mhuagroup.com\/wp-content\/uploads\/2026\/03\/Y\u578b\u906e\u9633\u68da-14.jpg 1667w\" sizes=\"(max-width: 1024px) 100vw, 1024px\" \/><\/p>\n<h6 style=\"text-align: center;\">Protecci\u00f3n solar bi\u00f3nica en forma de Y<\/h6>\n<p style=\"text-align: center;\">Los dos brazos de apoyo forman una zona triangular estable<\/p>\n<p style=\"text-align: center;\">La estructura en forma de Y imita la l\u00f3gica de carga eficiente de la naturaleza, logrando un equilibrio din\u00e1mico entre la dispersi\u00f3n y la concentraci\u00f3n de la fuerza.<\/p>\n<p><img alt=\"\" decoding=\"async\" class=\"aligncenter wp-image-6172 size-large\" src=\"https:\/\/mhuagroup.com\/wp-content\/uploads\/2026\/03\/\u672a\u6807\u9898-1_\u753b\u677f-1-1024x1024.jpg\" width=\"1024\" height=\"1024\" srcset=\"https:\/\/mhuagroup.com\/wp-content\/uploads\/2026\/03\/\u672a\u6807\u9898-1_\u753b\u677f-1-1024x1024.jpg 1024w, https:\/\/mhuagroup.com\/wp-content\/uploads\/2026\/03\/\u672a\u6807\u9898-1_\u753b\u677f-1-300x300.jpg 300w, https:\/\/mhuagroup.com\/wp-content\/uploads\/2026\/03\/\u672a\u6807\u9898-1_\u753b\u677f-1-150x150.jpg 150w, https:\/\/mhuagroup.com\/wp-content\/uploads\/2026\/03\/\u672a\u6807\u9898-1_\u753b\u677f-1-768x768.jpg 768w, https:\/\/mhuagroup.com\/wp-content\/uploads\/2026\/03\/\u672a\u6807\u9898-1_\u753b\u677f-1-1536x1536.jpg 1536w, https:\/\/mhuagroup.com\/wp-content\/uploads\/2026\/03\/\u672a\u6807\u9898-1_\u753b\u677f-1-12x12.jpg 12w, https:\/\/mhuagroup.com\/wp-content\/uploads\/2026\/03\/\u672a\u6807\u9898-1_\u753b\u677f-1-600x600.jpg 600w, https:\/\/mhuagroup.com\/wp-content\/uploads\/2026\/03\/\u672a\u6807\u9898-1_\u753b\u677f-1-100x100.jpg 100w, https:\/\/mhuagroup.com\/wp-content\/uploads\/2026\/03\/\u672a\u6807\u9898-1_\u753b\u677f-1.jpg 1667w\" sizes=\"(max-width: 1024px) 100vw, 1024px\" \/><\/p>\n<h6 style=\"text-align: center;\">Polivalente Rompiendo las limitaciones de instalaci\u00f3n Dise\u00f1o est\u00e9ticamente agradable con una huella peque\u00f1a y una amplia protecci\u00f3n solar<\/h6>\n<p><img alt=\"\" decoding=\"async\" class=\"aligncenter wp-image-6169 size-large\" src=\"https:\/\/mhuagroup.com\/wp-content\/uploads\/2026\/03\/Y\u578b\u906e\u9633\u68da-36-1024x1024.jpg\" width=\"1024\" height=\"1024\" srcset=\"https:\/\/mhuagroup.com\/wp-content\/uploads\/2026\/03\/Y\u578b\u906e\u9633\u68da-36-1024x1024.jpg 1024w, https:\/\/mhuagroup.com\/wp-content\/uploads\/2026\/03\/Y\u578b\u906e\u9633\u68da-36-300x300.jpg 300w, https:\/\/mhuagroup.com\/wp-content\/uploads\/2026\/03\/Y\u578b\u906e\u9633\u68da-36-150x150.jpg 150w, https:\/\/mhuagroup.com\/wp-content\/uploads\/2026\/03\/Y\u578b\u906e\u9633\u68da-36-768x768.jpg 768w, https:\/\/mhuagroup.com\/wp-content\/uploads\/2026\/03\/Y\u578b\u906e\u9633\u68da-36-1536x1536.jpg 1536w, https:\/\/mhuagroup.com\/wp-content\/uploads\/2026\/03\/Y\u578b\u906e\u9633\u68da-36-12x12.jpg 12w, https:\/\/mhuagroup.com\/wp-content\/uploads\/2026\/03\/Y\u578b\u906e\u9633\u68da-36-600x600.jpg 600w, https:\/\/mhuagroup.com\/wp-content\/uploads\/2026\/03\/Y\u578b\u906e\u9633\u68da-36-100x100.jpg 100w, https:\/\/mhuagroup.com\/wp-content\/uploads\/2026\/03\/Y\u578b\u906e\u9633\u68da-36.jpg 1667w\" sizes=\"(max-width: 1024px) 100vw, 1024px\" \/><\/p>\n<p style=\"text-align: center;\">Puede mantener su color y rendimiento originales incluso en entornos con luz solar directa prolongada, alta humedad y lluvias torrenciales.<\/p>\n<p><img alt=\"\" loading=\"lazy\" decoding=\"async\" class=\"aligncenter wp-image-6173 size-large\" src=\"https:\/\/mhuagroup.com\/wp-content\/uploads\/2026\/03\/Y\u578b\u906e\u9633\u68da-28-1024x1024.jpg\" width=\"1024\" height=\"1024\" srcset=\"https:\/\/mhuagroup.com\/wp-content\/uploads\/2026\/03\/Y\u578b\u906e\u9633\u68da-28-1024x1024.jpg 1024w, https:\/\/mhuagroup.com\/wp-content\/uploads\/2026\/03\/Y\u578b\u906e\u9633\u68da-28-300x300.jpg 300w, https:\/\/mhuagroup.com\/wp-content\/uploads\/2026\/03\/Y\u578b\u906e\u9633\u68da-28-150x150.jpg 150w, https:\/\/mhuagroup.com\/wp-content\/uploads\/2026\/03\/Y\u578b\u906e\u9633\u68da-28-768x768.jpg 768w, https:\/\/mhuagroup.com\/wp-content\/uploads\/2026\/03\/Y\u578b\u906e\u9633\u68da-28-1536x1536.jpg 1536w, https:\/\/mhuagroup.com\/wp-content\/uploads\/2026\/03\/Y\u578b\u906e\u9633\u68da-28-12x12.jpg 12w, https:\/\/mhuagroup.com\/wp-content\/uploads\/2026\/03\/Y\u578b\u906e\u9633\u68da-28-600x600.jpg 600w, https:\/\/mhuagroup.com\/wp-content\/uploads\/2026\/03\/Y\u578b\u906e\u9633\u68da-28-100x100.jpg 100w, https:\/\/mhuagroup.com\/wp-content\/uploads\/2026\/03\/Y\u578b\u906e\u9633\u68da-28.jpg 1667w\" sizes=\"(max-width: 1024px) 100vw, 1024px\" \/><\/p>\n<h6 style=\"text-align: center;\">Robusto y estable sin sacudidas Resistente a la oxidaci\u00f3n<\/h6>\n<p><img alt=\"\" loading=\"lazy\" decoding=\"async\" class=\"aligncenter wp-image-6174 size-large\" src=\"https:\/\/mhuagroup.com\/wp-content\/uploads\/2026\/03\/Y\u578b\u906e\u9633\u68da-25-1024x1024.jpg\" width=\"1024\" height=\"1024\" srcset=\"https:\/\/mhuagroup.com\/wp-content\/uploads\/2026\/03\/Y\u578b\u906e\u9633\u68da-25-1024x1024.jpg 1024w, https:\/\/mhuagroup.com\/wp-content\/uploads\/2026\/03\/Y\u578b\u906e\u9633\u68da-25-300x300.jpg 300w, https:\/\/mhuagroup.com\/wp-content\/uploads\/2026\/03\/Y\u578b\u906e\u9633\u68da-25-150x150.jpg 150w, https:\/\/mhuagroup.com\/wp-content\/uploads\/2026\/03\/Y\u578b\u906e\u9633\u68da-25-768x768.jpg 768w, https:\/\/mhuagroup.com\/wp-content\/uploads\/2026\/03\/Y\u578b\u906e\u9633\u68da-25-1536x1536.jpg 1536w, https:\/\/mhuagroup.com\/wp-content\/uploads\/2026\/03\/Y\u578b\u906e\u9633\u68da-25-12x12.jpg 12w, https:\/\/mhuagroup.com\/wp-content\/uploads\/2026\/03\/Y\u578b\u906e\u9633\u68da-25-600x600.jpg 600w, https:\/\/mhuagroup.com\/wp-content\/uploads\/2026\/03\/Y\u578b\u906e\u9633\u68da-25-100x100.jpg 100w, https:\/\/mhuagroup.com\/wp-content\/uploads\/2026\/03\/Y\u578b\u906e\u9633\u68da-25.jpg 1667w\" sizes=\"(max-width: 1024px) 100vw, 1024px\" \/><\/p>\n<p style=\"text-align: center;\"><strong>\u00a0Flexible adjustment with strong adaptability<\/strong><\/p>\n<p style=\"text-align: center;\"><strong>\u00a0Adjust the light according to user needs for enhanced comfort.<\/strong><\/p>\n<p><img alt=\"\" loading=\"lazy\" decoding=\"async\" class=\"aligncenter wp-image-6175 size-large\" src=\"https:\/\/mhuagroup.com\/wp-content\/uploads\/2026\/03\/Y\u578b\u906e\u9633\u68da-27-1024x1024.jpg\" width=\"1024\" height=\"1024\" srcset=\"https:\/\/mhuagroup.com\/wp-content\/uploads\/2026\/03\/Y\u578b\u906e\u9633\u68da-27-1024x1024.jpg 1024w, https:\/\/mhuagroup.com\/wp-content\/uploads\/2026\/03\/Y\u578b\u906e\u9633\u68da-27-300x300.jpg 300w, https:\/\/mhuagroup.com\/wp-content\/uploads\/2026\/03\/Y\u578b\u906e\u9633\u68da-27-150x150.jpg 150w, https:\/\/mhuagroup.com\/wp-content\/uploads\/2026\/03\/Y\u578b\u906e\u9633\u68da-27-768x768.jpg 768w, https:\/\/mhuagroup.com\/wp-content\/uploads\/2026\/03\/Y\u578b\u906e\u9633\u68da-27-1536x1536.jpg 1536w, https:\/\/mhuagroup.com\/wp-content\/uploads\/2026\/03\/Y\u578b\u906e\u9633\u68da-27-12x12.jpg 12w, https:\/\/mhuagroup.com\/wp-content\/uploads\/2026\/03\/Y\u578b\u906e\u9633\u68da-27-600x600.jpg 600w, https:\/\/mhuagroup.com\/wp-content\/uploads\/2026\/03\/Y\u578b\u906e\u9633\u68da-27-100x100.jpg 100w, https:\/\/mhuagroup.com\/wp-content\/uploads\/2026\/03\/Y\u578b\u906e\u9633\u68da-27.jpg 1667w\" sizes=\"(max-width: 1024px) 100vw, 1024px\" \/><\/p>\n<p style=\"text-align: center;\"><strong>Upgraded Aluminum Alloy Canopy\u00a0 Heat Insulation, Rainproof, Reinforced &amp; Wind Resistant\u00a0 Multi-layer ProtectionUnafraid of Wind and Snow.\u00a0<\/strong><\/p>\n<p style=\"text-align: center;\"><strong>Wide application range, easy installation.\u00a0 It excels in both residential outdoor spaces and commercial outdoor areas<\/strong><\/p>\n<p style=\"text-align: center;\"><strong>blending seamlessly with any decoration style.<\/strong><\/p>\n<p><img alt=\"\" loading=\"lazy\" decoding=\"async\" class=\"aligncenter wp-image-6183 size-large\" src=\"https:\/\/mhuagroup.com\/wp-content\/uploads\/2026\/03\/Y\u578b\u906e\u9633\u68da-17-1024x1024.jpg\" width=\"1024\" height=\"1024\" srcset=\"https:\/\/mhuagroup.com\/wp-content\/uploads\/2026\/03\/Y\u578b\u906e\u9633\u68da-17-1024x1024.jpg 1024w, https:\/\/mhuagroup.com\/wp-content\/uploads\/2026\/03\/Y\u578b\u906e\u9633\u68da-17-300x300.jpg 300w, https:\/\/mhuagroup.com\/wp-content\/uploads\/2026\/03\/Y\u578b\u906e\u9633\u68da-17-150x150.jpg 150w, https:\/\/mhuagroup.com\/wp-content\/uploads\/2026\/03\/Y\u578b\u906e\u9633\u68da-17-768x768.jpg 768w, https:\/\/mhuagroup.com\/wp-content\/uploads\/2026\/03\/Y\u578b\u906e\u9633\u68da-17-1536x1536.jpg 1536w, https:\/\/mhuagroup.com\/wp-content\/uploads\/2026\/03\/Y\u578b\u906e\u9633\u68da-17-12x12.jpg 12w, https:\/\/mhuagroup.com\/wp-content\/uploads\/2026\/03\/Y\u578b\u906e\u9633\u68da-17-600x600.jpg 600w, https:\/\/mhuagroup.com\/wp-content\/uploads\/2026\/03\/Y\u578b\u906e\u9633\u68da-17-100x100.jpg 100w, https:\/\/mhuagroup.com\/wp-content\/uploads\/2026\/03\/Y\u578b\u906e\u9633\u68da-17.jpg 1667w\" sizes=\"(max-width: 1024px) 100vw, 1024px\" \/><\/p>\n<p style=\"text-align: center;\"><strong>Suitable for both residential and commercial use. <\/strong><\/p>\n<p style=\"text-align: center;\"><strong>It can meet the shading needs of various outdoor spaces.<\/strong><\/p>\n<p><img alt=\"\" loading=\"lazy\" decoding=\"async\" class=\"aligncenter wp-image-6184 size-large\" src=\"https:\/\/mhuagroup.com\/wp-content\/uploads\/2026\/03\/Y\u578b\u906e\u9633\u68da-32-1024x1024.jpg\" width=\"1024\" height=\"1024\" srcset=\"https:\/\/mhuagroup.com\/wp-content\/uploads\/2026\/03\/Y\u578b\u906e\u9633\u68da-32-1024x1024.jpg 1024w, https:\/\/mhuagroup.com\/wp-content\/uploads\/2026\/03\/Y\u578b\u906e\u9633\u68da-32-300x300.jpg 300w, https:\/\/mhuagroup.com\/wp-content\/uploads\/2026\/03\/Y\u578b\u906e\u9633\u68da-32-150x150.jpg 150w, https:\/\/mhuagroup.com\/wp-content\/uploads\/2026\/03\/Y\u578b\u906e\u9633\u68da-32-768x768.jpg 768w, https:\/\/mhuagroup.com\/wp-content\/uploads\/2026\/03\/Y\u578b\u906e\u9633\u68da-32-1536x1536.jpg 1536w, https:\/\/mhuagroup.com\/wp-content\/uploads\/2026\/03\/Y\u578b\u906e\u9633\u68da-32-12x12.jpg 12w, https:\/\/mhuagroup.com\/wp-content\/uploads\/2026\/03\/Y\u578b\u906e\u9633\u68da-32-600x600.jpg 600w, https:\/\/mhuagroup.com\/wp-content\/uploads\/2026\/03\/Y\u578b\u906e\u9633\u68da-32-100x100.jpg 100w, https:\/\/mhuagroup.com\/wp-content\/uploads\/2026\/03\/Y\u578b\u906e\u9633\u68da-32.jpg 1667w\" sizes=\"(max-width: 1024px) 100vw, 1024px\" \/><\/p>\n<p style=\"text-align: center;\"><strong>Small footprint, large shading area. The canopy design not only provides a comfortable rest space for high-value customers but also preserves the landscape view<\/strong><\/p>\n<p style=\"text-align: center;\"><strong>achieving an optimal balance between consumer experience and unobstructed sight.<\/strong><\/p>\n<p><img alt=\"\" loading=\"lazy\" decoding=\"async\" class=\"aligncenter wp-image-6185 size-large\" src=\"https:\/\/mhuagroup.com\/wp-content\/uploads\/2026\/03\/Y\u578b\u906e\u9633\u68da-23-1024x1024.jpg\" width=\"1024\" height=\"1024\" srcset=\"https:\/\/mhuagroup.com\/wp-content\/uploads\/2026\/03\/Y\u578b\u906e\u9633\u68da-23-1024x1024.jpg 1024w, https:\/\/mhuagroup.com\/wp-content\/uploads\/2026\/03\/Y\u578b\u906e\u9633\u68da-23-300x300.jpg 300w, https:\/\/mhuagroup.com\/wp-content\/uploads\/2026\/03\/Y\u578b\u906e\u9633\u68da-23-150x150.jpg 150w, https:\/\/mhuagroup.com\/wp-content\/uploads\/2026\/03\/Y\u578b\u906e\u9633\u68da-23-768x768.jpg 768w, https:\/\/mhuagroup.com\/wp-content\/uploads\/2026\/03\/Y\u578b\u906e\u9633\u68da-23-1536x1536.jpg 1536w, https:\/\/mhuagroup.com\/wp-content\/uploads\/2026\/03\/Y\u578b\u906e\u9633\u68da-23-12x12.jpg 12w, https:\/\/mhuagroup.com\/wp-content\/uploads\/2026\/03\/Y\u578b\u906e\u9633\u68da-23-600x600.jpg 600w, https:\/\/mhuagroup.com\/wp-content\/uploads\/2026\/03\/Y\u578b\u906e\u9633\u68da-23-100x100.jpg 100w, https:\/\/mhuagroup.com\/wp-content\/uploads\/2026\/03\/Y\u578b\u906e\u9633\u68da-23.jpg 1667w\" sizes=\"(max-width: 1024px) 100vw, 1024px\" \/><\/p>\n<h6 style=\"text-align: center;\">Apto para uso comercial y residencial Redefinici\u00f3n de la protecci\u00f3n solar subvirtiendo la tradici\u00f3n<\/h6>\n<p style=\"text-align: center;\">Peque\u00f1a superficie de protecci\u00f3n solar<\/p>\n<p><img alt=\"\" loading=\"lazy\" decoding=\"async\" class=\"wp-image-5679 aligncenter\" src=\"https:\/\/mhuagroup.com\/wp-content\/uploads\/2025\/11\/Outdoor-Retractable-Awning-Patio-Garden-Canopy-Sun-Shade-Y-Type-Retractable-Sunshade-Awning-1_02.jpg\" width=\"1000\" height=\"916\" srcset=\"https:\/\/mhuagroup.com\/wp-content\/uploads\/2025\/11\/Outdoor-Retractable-Awning-Patio-Garden-Canopy-Sun-Shade-Y-Type-Retractable-Sunshade-Awning-1_02.jpg 1233w, https:\/\/mhuagroup.com\/wp-content\/uploads\/2025\/11\/Outdoor-Retractable-Awning-Patio-Garden-Canopy-Sun-Shade-Y-Type-Retractable-Sunshade-Awning-1_02-300x275.jpg 300w, https:\/\/mhuagroup.com\/wp-content\/uploads\/2025\/11\/Outdoor-Retractable-Awning-Patio-Garden-Canopy-Sun-Shade-Y-Type-Retractable-Sunshade-Awning-1_02-1024x938.jpg 1024w, https:\/\/mhuagroup.com\/wp-content\/uploads\/2025\/11\/Outdoor-Retractable-Awning-Patio-Garden-Canopy-Sun-Shade-Y-Type-Retractable-Sunshade-Awning-1_02-768x704.jpg 768w, https:\/\/mhuagroup.com\/wp-content\/uploads\/2025\/11\/Outdoor-Retractable-Awning-Patio-Garden-Canopy-Sun-Shade-Y-Type-Retractable-Sunshade-Awning-1_02-13x12.jpg 13w, https:\/\/mhuagroup.com\/wp-content\/uploads\/2025\/11\/Outdoor-Retractable-Awning-Patio-Garden-Canopy-Sun-Shade-Y-Type-Retractable-Sunshade-Awning-1_02-600x550.jpg 600w\" sizes=\"(max-width: 1000px) 100vw, 1000px\" \/><\/p>\n<p>&nbsp;<\/p>\n<h3>PREGUNTAS FRECUENTES<\/h3>\n<p><strong>1.\u00bfEs usted una f\u00e1brica o una agencia?<\/strong><br \/>\nNuestra f\u00e1brica se fund\u00f3 en 2010 y cuenta con m\u00e1s de 15 a\u00f1os de experiencia en la fabricaci\u00f3n de toldos de exterior.<br \/>\n<strong>2.\u00bfC\u00f3mo se puede hacer un control de calidad?<\/strong><br \/>\nLa empresa cuenta con avanzados equipos de prueba y un estricto proceso de control de calidad desde la materia prima hasta el producto final, tenemos 100% prueba antes de la entrega.<br \/>\n<strong>3. \u00bfCu\u00e1les son sus condiciones de pago?<\/strong><br \/>\nT\/T 30% como dep\u00f3sito, y 70% antes de la entrega. Le mostraremos las fotos de los productos y paquetes antes de pagar el saldo, sin duda podemos aceptar L \/ C a la vista a trav\u00e9s de la negociaci\u00f3n.<br \/>\n<strong>4. \u00bfCu\u00e1les son sus condiciones de entrega?<\/strong><br \/>\nFOB, CFR, CIF, DDP, etc.<br \/>\n<strong>5.\u00bfAdmite personalizaci\u00f3n?<\/strong><br \/>\nClaro, si se trata de tama\u00f1o, color, marca, o cualquier otro requisito, por favor h\u00e1gamelo saber, las mercanc\u00edas ser\u00e1n personalizados de acuerdo a sus necesidades.<br \/>\n<strong>6. \u00bfQu\u00e9 le parece su plazo de entrega?<\/strong><br \/>\nPor lo general, el plazo de entrega es de 7 a 10 d\u00edas tras recibir el pago por adelantado. El plazo de entrega concreto depende de los art\u00edculos y la cantidad de su pedido.<br \/>\n<strong>7. \u00bfC\u00f3mo conseguir que nuestra relaci\u00f3n comercial sea buena y duradera?<\/strong><br \/>\nA: Mantenemos buena calidad y precio competitivo para asegurar a nuestros clientes se benefician ;<br \/>\nB: Respetamos a cada cliente como a un amigo y hacemos negocios y amistades con ellos sinceramente, vengan de donde vengan.<\/p>","protected":false},"excerpt":{"rendered":"<p>Personalizaci\u00f3n:Disponible<br \/>\nM\u00e9todo de funcionamiento: manual\/interruptor de control remoto<br \/>\nMaterial del bastidor: aleaci\u00f3n de aluminio<\/p>","protected":false},"featured_media":6179,"template":"","meta":{"_seopress_robots_primary_cat":"none","_seopress_titles_title":"%%post_title%%","_seopress_titles_desc":"%%post_excerpt%%","_seopress_robots_index":"","_uag_custom_page_level_css":"","site-sidebar-layout":"default","site-content-layout":"","ast-site-content-layout":"default","site-content-style":"default","site-sidebar-style":"default","ast-global-header-display":"","ast-banner-title-visibility":"","ast-main-header-display":"","ast-hfb-above-header-display":"","ast-hfb-below-header-display":"","ast-hfb-mobile-header-display":"","site-post-title":"","ast-breadcrumbs-content":"","ast-featured-img":"","footer-sml-layout":"","theme-transparent-header-meta":"default","adv-header-id-meta":"","stick-header-meta":"default","header-above-stick-meta":"","header-main-stick-meta":"","header-below-stick-meta":"","astra-migrate-meta-layouts":"set","ast-page-background-enabled":"default","ast-page-background-meta":{"desktop":{"background-color":"","background-image":"","background-repeat":"repeat","background-position":"center center","background-size":"auto","background-attachment":"scroll","background-type":"","background-media":"","overlay-type":"","overlay-color":"","overlay-opacity":"","overlay-gradient":""},"tablet":{"background-color":"","background-image":"","background-repeat":"repeat","background-position":"center center","background-size":"auto","background-attachment":"scroll","background-type":"","background-media":"","overlay-type":"","overlay-color":"","overlay-opacity":"","overlay-gradient":""},"mobile":{"background-color":"","background-image":"","background-repeat":"repeat","background-position":"center center","background-size":"auto","background-attachment":"scroll","background-type":"","background-media":"","overlay-type":"","overlay-color":"","overlay-opacity":"","overlay-gradient":""}},"ast-content-background-meta":{"desktop":{"background-color":"var(--ast-global-color-5)","background-image":"","background-repeat":"repeat","background-position":"center center","background-size":"auto","background-attachment":"scroll","background-type":"","background-media":"","overlay-type":"","overlay-color":"","overlay-opacity":"","overlay-gradient":""},"tablet":{"background-color":"var(--ast-global-color-5)","background-image":"","background-repeat":"repeat","background-position":"center center","background-size":"auto","background-attachment":"scroll","background-type":"","background-media":"","overlay-type":"","overlay-color":"","overlay-opacity":"","overlay-gradient":""},"mobile":{"background-color":"var(--ast-global-color-5)","background-image":"","background-repeat":"repeat","background-position":"center center","background-size":"auto","background-attachment":"scroll","background-type":"","background-media":"","overlay-type":"","overlay-color":"","overlay-opacity":"","overlay-gradient":""}}},"product_brand":[],"product_cat":[69],"product_tag":[],"class_list":{"0":"post-6165","1":"product","2":"type-product","3":"status-publish","4":"has-post-thumbnail","6":"product_cat-y-shaped-awning","7":"desktop-align-center","8":"tablet-align-left","9":"mobile-align-left","10":"ast-product-gallery-layout-horizontal-slider","11":"ast-product-tabs-layout-horizontal","13":"first","14":"instock","15":"featured","16":"shipping-taxable","17":"product-type-simple"},"uagb_featured_image_src":{"full":["https:\/\/mhuagroup.com\/wp-content\/uploads\/2026\/03\/Y\u578b\u906e\u9633\u68da-35.jpg",1667,1667,false],"thumbnail":["https:\/\/mhuagroup.com\/wp-content\/uploads\/2026\/03\/Y\u578b\u906e\u9633\u68da-35-150x150.jpg",150,150,true],"medium":["https:\/\/mhuagroup.com\/wp-content\/uploads\/2026\/03\/Y\u578b\u906e\u9633\u68da-35-300x300.jpg",300,300,true],"medium_large":["https:\/\/mhuagroup.com\/wp-content\/uploads\/2026\/03\/Y\u578b\u906e\u9633\u68da-35-768x768.jpg",768,768,true],"large":["https:\/\/mhuagroup.com\/wp-content\/uploads\/2026\/03\/Y\u578b\u906e\u9633\u68da-35-1024x1024.jpg",1024,1024,true],"1536x1536":["https:\/\/mhuagroup.com\/wp-content\/uploads\/2026\/03\/Y\u578b\u906e\u9633\u68da-35-1536x1536.jpg",1536,1536,true],"2048x2048":["https:\/\/mhuagroup.com\/wp-content\/uploads\/2026\/03\/Y\u578b\u906e\u9633\u68da-35.jpg",1667,1667,false],"trp-custom-language-flag":["https:\/\/mhuagroup.com\/wp-content\/uploads\/2026\/03\/Y\u578b\u906e\u9633\u68da-35-12x12.jpg",12,12,true],"woocommerce_thumbnail":["https:\/\/mhuagroup.com\/wp-content\/uploads\/2026\/03\/Y\u578b\u906e\u9633\u68da-35-300x300.jpg",300,300,true],"woocommerce_single":["https:\/\/mhuagroup.com\/wp-content\/uploads\/2026\/03\/Y\u578b\u906e\u9633\u68da-35-600x600.jpg",600,600,true],"woocommerce_gallery_thumbnail":["https:\/\/mhuagroup.com\/wp-content\/uploads\/2026\/03\/Y\u578b\u906e\u9633\u68da-35-100x100.jpg",100,100,true]},"uagb_author_info":{"display_name":"jinxing6611@gmail.com","author_link":"https:\/\/mhuagroup.com\/es\/author\/"},"uagb_comment_info":0,"uagb_excerpt":"Customization:Available Operation Method:Manual\/Remote Control Switch Frame Material:Aluminum Alloy","_links":{"self":[{"href":"https:\/\/mhuagroup.com\/es\/wp-json\/wp\/v2\/product\/6165","targetHints":{"allow":["GET"]}}],"collection":[{"href":"https:\/\/mhuagroup.com\/es\/wp-json\/wp\/v2\/product"}],"about":[{"href":"https:\/\/mhuagroup.com\/es\/wp-json\/wp\/v2\/types\/product"}],"version-history":[{"count":1,"href":"https:\/\/mhuagroup.com\/es\/wp-json\/wp\/v2\/product\/6165\/revisions"}],"predecessor-version":[{"id":6186,"href":"https:\/\/mhuagroup.com\/es\/wp-json\/wp\/v2\/product\/6165\/revisions\/6186"}],"wp:featuredmedia":[{"embeddable":true,"href":"https:\/\/mhuagroup.com\/es\/wp-json\/wp\/v2\/media\/6179"}],"wp:attachment":[{"href":"https:\/\/mhuagroup.com\/es\/wp-json\/wp\/v2\/media?parent=6165"}],"wp:term":[{"taxonomy":"product_brand","embeddable":true,"href":"https:\/\/mhuagroup.com\/es\/wp-json\/wp\/v2\/product_brand?post=6165"},{"taxonomy":"product_cat","embeddable":true,"href":"https:\/\/mhuagroup.com\/es\/wp-json\/wp\/v2\/product_cat?post=6165"},{"taxonomy":"product_tag","embeddable":true,"href":"https:\/\/mhuagroup.com\/es\/wp-json\/wp\/v2\/product_tag?post=6165"}],"curies":[{"name":"wp","href":"https:\/\/api.w.org\/{rel}","templated":true}]}}