{"id":6235,"date":"2026-03-19T02:55:31","date_gmt":"2026-03-19T02:55:31","guid":{"rendered":"https:\/\/mhuagroup.com\/?post_type=product&#038;p=6235"},"modified":"2026-03-19T03:03:00","modified_gmt":"2026-03-19T03:03:00","slug":"luxury-garden-gazebo-motorized-bioclimatic-aluminum-patio-roof-outdoor-louvered-aluminium-pergola","status":"publish","type":"product","link":"https:\/\/mhuagroup.com\/es\/producto\/luxury-garden-gazebo-motorized-bioclimatic-aluminum-patio-roof-outdoor-louvered-aluminium-pergola\/","title":{"rendered":"Lujoso Gazebo de Jard\u00edn Motorizado Bioclim\u00e1tico Techo de Patio de Aluminio al Aire Libre P\u00e9rgola de Aluminio con Persianas"},"content":{"rendered":"<h3>Un pabell\u00f3n pr\u00e1ctico dise\u00f1ado para la exportaci\u00f3n masiva<\/h3>\n<p>El modelo 147 presenta un dise\u00f1o conciso y ligero, fabricado en aleaci\u00f3n de aluminio de alta calidad con recubrimiento en polvo de alta densidad para resistir la oxidaci\u00f3n y la corrosi\u00f3n, lo que garantiza su robustez y durabilidad.<br \/>\nHay disponibles versiones el\u00e9ctricas y manuales, y la opci\u00f3n de incluir un sistema de iluminaci\u00f3n.<br \/>\nEl modelo 147 s\u00f3lo se fabrica en pedidos de tama\u00f1o est\u00e1ndar, por lo que es adecuado para clientes dedicados a la venta al por mayor a granel y a la exportaci\u00f3n de comercio exterior para ampliar r\u00e1pidamente los mercados.<\/p>\n<p><img alt=\"\" fetchpriority=\"high\" decoding=\"async\" class=\"aligncenter wp-image-6231 size-large\" src=\"https:\/\/mhuagroup.com\/wp-content\/uploads\/2026\/03\/\u51c9\u4ead\u4e3b\u56fe-36-1024x1024.jpg\" width=\"1024\" height=\"1024\" srcset=\"https:\/\/mhuagroup.com\/wp-content\/uploads\/2026\/03\/\u51c9\u4ead\u4e3b\u56fe-36-1024x1024.jpg 1024w, https:\/\/mhuagroup.com\/wp-content\/uploads\/2026\/03\/\u51c9\u4ead\u4e3b\u56fe-36-300x300.jpg 300w, https:\/\/mhuagroup.com\/wp-content\/uploads\/2026\/03\/\u51c9\u4ead\u4e3b\u56fe-36-150x150.jpg 150w, https:\/\/mhuagroup.com\/wp-content\/uploads\/2026\/03\/\u51c9\u4ead\u4e3b\u56fe-36-768x768.jpg 768w, https:\/\/mhuagroup.com\/wp-content\/uploads\/2026\/03\/\u51c9\u4ead\u4e3b\u56fe-36-1536x1536.jpg 1536w, https:\/\/mhuagroup.com\/wp-content\/uploads\/2026\/03\/\u51c9\u4ead\u4e3b\u56fe-36-12x12.jpg 12w, https:\/\/mhuagroup.com\/wp-content\/uploads\/2026\/03\/\u51c9\u4ead\u4e3b\u56fe-36-600x600.jpg 600w, https:\/\/mhuagroup.com\/wp-content\/uploads\/2026\/03\/\u51c9\u4ead\u4e3b\u56fe-36-100x100.jpg 100w, https:\/\/mhuagroup.com\/wp-content\/uploads\/2026\/03\/\u51c9\u4ead\u4e3b\u56fe-36.jpg 1667w\" sizes=\"(max-width: 1024px) 100vw, 1024px\" \/><\/p>\n<p><img alt=\"\" decoding=\"async\" class=\"aligncenter wp-image-6230 size-large\" src=\"https:\/\/mhuagroup.com\/wp-content\/uploads\/2026\/03\/\u51c9\u4ead\u4e3b\u56fe-48-1024x1024.jpg\" width=\"1024\" height=\"1024\" srcset=\"https:\/\/mhuagroup.com\/wp-content\/uploads\/2026\/03\/\u51c9\u4ead\u4e3b\u56fe-48-1024x1024.jpg 1024w, https:\/\/mhuagroup.com\/wp-content\/uploads\/2026\/03\/\u51c9\u4ead\u4e3b\u56fe-48-300x300.jpg 300w, https:\/\/mhuagroup.com\/wp-content\/uploads\/2026\/03\/\u51c9\u4ead\u4e3b\u56fe-48-150x150.jpg 150w, https:\/\/mhuagroup.com\/wp-content\/uploads\/2026\/03\/\u51c9\u4ead\u4e3b\u56fe-48-768x768.jpg 768w, https:\/\/mhuagroup.com\/wp-content\/uploads\/2026\/03\/\u51c9\u4ead\u4e3b\u56fe-48-1536x1536.jpg 1536w, https:\/\/mhuagroup.com\/wp-content\/uploads\/2026\/03\/\u51c9\u4ead\u4e3b\u56fe-48-12x12.jpg 12w, https:\/\/mhuagroup.com\/wp-content\/uploads\/2026\/03\/\u51c9\u4ead\u4e3b\u56fe-48-600x600.jpg 600w, https:\/\/mhuagroup.com\/wp-content\/uploads\/2026\/03\/\u51c9\u4ead\u4e3b\u56fe-48-100x100.jpg 100w, https:\/\/mhuagroup.com\/wp-content\/uploads\/2026\/03\/\u51c9\u4ead\u4e3b\u56fe-48.jpg 1667w\" sizes=\"(max-width: 1024px) 100vw, 1024px\" \/><\/p>\n<div><img alt=\"\" decoding=\"async\" class=\"wp-image-5315 size-large aligncenter\" src=\"https:\/\/mhuagroup.com\/wp-content\/uploads\/2025\/11\/ScreenShot_2025-11-21_144526_829-2-1024x389.png\" width=\"1024\" height=\"389\" srcset=\"https:\/\/mhuagroup.com\/wp-content\/uploads\/2025\/11\/ScreenShot_2025-11-21_144526_829-2-1024x389.png 1024w, https:\/\/mhuagroup.com\/wp-content\/uploads\/2025\/11\/ScreenShot_2025-11-21_144526_829-2-300x114.png 300w, https:\/\/mhuagroup.com\/wp-content\/uploads\/2025\/11\/ScreenShot_2025-11-21_144526_829-2-768x292.png 768w, https:\/\/mhuagroup.com\/wp-content\/uploads\/2025\/11\/ScreenShot_2025-11-21_144526_829-2-18x7.png 18w, https:\/\/mhuagroup.com\/wp-content\/uploads\/2025\/11\/ScreenShot_2025-11-21_144526_829-2-600x228.png 600w, https:\/\/mhuagroup.com\/wp-content\/uploads\/2025\/11\/ScreenShot_2025-11-21_144526_829-2.png 1477w\" sizes=\"(max-width: 1024px) 100vw, 1024px\" \/><\/div>\n<h4><strong>Par\u00e1metros de envasado<\/strong><\/h4>\n<p>&nbsp;<\/p>\n<table>\n<tbody>\n<tr>\n<td width=\"264\">Especificaciones t\u00e9cnicas(m)<\/td>\n<td width=\"425\">Peso neto<\/td>\n<td width=\"425\">Peso bruto<\/td>\n<td width=\"425\">Embalaje de la columna (mm)<\/td>\n<td width=\"425\">Embalaje del travesa\u00f1o(mm)<\/td>\n<td width=\"425\">Embalaje de la cuchilla(mm)<\/td>\n<td width=\"425\">Cuchillas<\/td>\n<\/tr>\n<tr>\n<td width=\"264\">2.5 x 3<\/td>\n<td width=\"425\">103 kg<\/td>\n<td width=\"425\">129 kg<\/td>\n<td width=\"425\">2550*290*290*1<\/td>\n<td width=\"425\">2970*230*260*1<\/td>\n<td width=\"425\">2460*370*210*1<\/td>\n<td width=\"425\">Monocapa<\/td>\n<\/tr>\n<tr>\n<td width=\"264\">3 x 3<\/td>\n<td width=\"425\">113 kg<\/td>\n<td width=\"425\">141 kg<\/td>\n<td width=\"425\">2550*290*290*1<\/td>\n<td width=\"425\">2970*230*260*1<\/td>\n<td width=\"425\">2960*370*210*1<\/td>\n<td width=\"425\">Monocapa<\/td>\n<\/tr>\n<tr>\n<td width=\"264\">3 x 3.6<\/td>\n<td width=\"425\">125 kg<\/td>\n<td width=\"425\">155 kg<\/td>\n<td width=\"425\">2550*290*290*1<\/td>\n<td width=\"425\">3570*230*260*1<\/td>\n<td width=\"425\">2960*370*260*1<\/td>\n<td width=\"425\">Monocapa<\/td>\n<\/tr>\n<tr>\n<td width=\"264\">3 x 4<\/td>\n<td width=\"425\">136 kg<\/td>\n<td width=\"425\">167 kg<\/td>\n<td width=\"425\">2550*290*290*1<\/td>\n<td width=\"425\">3970*230*260*1<\/td>\n<td width=\"425\">2960*370*290*1<\/td>\n<td width=\"425\">Monocapa<\/td>\n<\/tr>\n<tr>\n<td width=\"264\">4 x 4<\/td>\n<td width=\"425\">190 kg<\/td>\n<td width=\"425\">223 kg<\/td>\n<td width=\"425\">2550*290*290*1<\/td>\n<td width=\"425\">3970*230*260*1<\/td>\n<td width=\"425\">3960*180*290*2<\/td>\n<td width=\"425\">Doble capa<\/td>\n<\/tr>\n<tr>\n<td width=\"264\">3 x 6<\/td>\n<td width=\"425\">185 kg<\/td>\n<td width=\"425\">220 kg<\/td>\n<td width=\"425\">2550*290*290*1<\/td>\n<td width=\"425\">2970*305*260*1<\/td>\n<td width=\"425\">2960*370*210*2<\/td>\n<td width=\"425\">Monocapa<\/td>\n<\/tr>\n<\/tbody>\n<\/table>\n<h3>Ventajas del producto<\/h3>\n<p>1.<strong>Estructura completa de aleaci\u00f3n de aluminio<\/strong><br \/>\nLa aleaci\u00f3n de aluminio no se oxida, por lo que el pabell\u00f3n tiene una vida \u00fatil m\u00e1s larga.<br \/>\n2.<strong>Pulverizaci\u00f3n de polvo de alta densidad<\/strong><br \/>\nLa superficie del pabell\u00f3n se roc\u00eda con una mezcla de polvo de alta densidad de diamante policristalino compacto (PDC), pl\u00e1stico y resina, lo que hace que la superficie del material no se oxide, no necesite mantenimiento, sea segura, respetuosa con el medio ambiente y no contenga formaldeh\u00eddo. Es resistente a \u00e1cidos y \u00e1lcalis y no se decolora en 10 a\u00f1os.<br \/>\n3.<strong>Banda luminosa bicolor fr\u00eda y c\u00e1lida<\/strong><br \/>\n147 El pabell\u00f3n utiliza tiras luminosas de doble color, fr\u00edo y c\u00e1lido, inclinadas 45\u00b0 hacia abajo. Puede cambiar entre colores fr\u00edos y c\u00e1lidos con un solo clic, y tambi\u00e9n se puede ajustar el brillo, lo que lo hace m\u00e1s c\u00f3modo.<\/p>\n<p><img alt=\"\" loading=\"lazy\" decoding=\"async\" class=\"alignnone size-full wp-image-5318\" src=\"https:\/\/mhuagroup.com\/wp-content\/uploads\/2025\/11\/ScreenShot_2025-11-21_151631_738.png\" width=\"300\" height=\"221\" srcset=\"https:\/\/mhuagroup.com\/wp-content\/uploads\/2025\/11\/ScreenShot_2025-11-21_151631_738.png 300w, https:\/\/mhuagroup.com\/wp-content\/uploads\/2025\/11\/ScreenShot_2025-11-21_151631_738-16x12.png 16w\" sizes=\"(max-width: 300px) 100vw, 300px\" \/> <img alt=\"\" loading=\"lazy\" decoding=\"async\" class=\"alignnone wp-image-5816\" src=\"https:\/\/mhuagroup.com\/wp-content\/uploads\/2025\/11\/\u51c9\u4ead-2-300x300.jpg\" width=\"221\" height=\"221\" \/> <img alt=\"\" loading=\"lazy\" decoding=\"async\" class=\"alignnone wp-image-5322 size-full\" src=\"https:\/\/mhuagroup.com\/wp-content\/uploads\/2025\/11\/WPS\u56fe\u72471-1.png\" width=\"335\" height=\"225\" srcset=\"https:\/\/mhuagroup.com\/wp-content\/uploads\/2025\/11\/WPS\u56fe\u72471-1.png 335w, https:\/\/mhuagroup.com\/wp-content\/uploads\/2025\/11\/WPS\u56fe\u72471-1-300x201.png 300w, https:\/\/mhuagroup.com\/wp-content\/uploads\/2025\/11\/WPS\u56fe\u72471-1-18x12.png 18w\" sizes=\"(max-width: 335px) 100vw, 335px\" \/> <img alt=\"\" loading=\"lazy\" decoding=\"async\" class=\"alignnone size-large wp-image-5321\" src=\"https:\/\/mhuagroup.com\/wp-content\/uploads\/2025\/11\/WPS\u56fe\u72472.png\" width=\"335\" height=\"225\" srcset=\"https:\/\/mhuagroup.com\/wp-content\/uploads\/2025\/11\/WPS\u56fe\u72472.png 335w, https:\/\/mhuagroup.com\/wp-content\/uploads\/2025\/11\/WPS\u56fe\u72472-300x201.png 300w, https:\/\/mhuagroup.com\/wp-content\/uploads\/2025\/11\/WPS\u56fe\u72472-18x12.png 18w\" sizes=\"(max-width: 335px) 100vw, 335px\" \/><\/p>\n<h3>Talla m\u00e1s vendida:<b>3 x N<\/b><\/h3>\n<ol>\n<li>La mayor cantidad y la m\u00e1s amplia cobertura (El rango de tama\u00f1o con el mayor n\u00famero de ventas de pabellones es de 3-4 metros: 3.Nx4.N, por lo que el tama\u00f1o est\u00e1ndar de 147 modelos puede cubrir b\u00e1sicamente los tama\u00f1os de uso que necesita la mayor\u00eda de los usuarios;)<\/li>\n<li>Configuraci\u00f3n exterior est\u00e1ndar r\u00e1pida y eficiente (El pabell\u00f3n tipo 147 proporciona a los usuarios la forma m\u00e1s econ\u00f3mica de espacio de aplicaci\u00f3n exterior. Sus principios fundamentales son: econom\u00eda, comodidad y eficiencia. Permite que los productos originalmente no est\u00e1ndar disfruten de las ventajas de los productos est\u00e1ndar, maximizando los beneficios econ\u00f3micos de los clientes.  Si los clientes tienen requisitos m\u00e1s exigentes, tambi\u00e9n podemos ofrecer soluciones personalizadas para los pabellones tipo 175 y 220).<\/li>\n<li>Abrir r\u00e1pidamente el mercado (Los productos personalizados no est\u00e1ndar tienen un ciclo de venta largo y costes elevados. En el contexto de un mercado globalizado, si se quiere promocionar r\u00e1pidamente los productos en el mercado exterior, los factores clave para el \u00e9xito son un inventario suficiente, un ciclo corto, un cobro r\u00e1pido, un servicio posventa reducido, una alta eficiencia y un bajo coste).<\/li>\n<\/ol>\n<p><img alt=\"\" loading=\"lazy\" decoding=\"async\" class=\"aligncenter wp-image-6217 size-large\" src=\"https:\/\/mhuagroup.com\/wp-content\/uploads\/2026\/03\/\u51c9\u4ead\u4e3b\u56fe-56-1024x1024.jpg\" width=\"1024\" height=\"1024\" srcset=\"https:\/\/mhuagroup.com\/wp-content\/uploads\/2026\/03\/\u51c9\u4ead\u4e3b\u56fe-56-1024x1024.jpg 1024w, https:\/\/mhuagroup.com\/wp-content\/uploads\/2026\/03\/\u51c9\u4ead\u4e3b\u56fe-56-300x300.jpg 300w, https:\/\/mhuagroup.com\/wp-content\/uploads\/2026\/03\/\u51c9\u4ead\u4e3b\u56fe-56-150x150.jpg 150w, https:\/\/mhuagroup.com\/wp-content\/uploads\/2026\/03\/\u51c9\u4ead\u4e3b\u56fe-56-768x768.jpg 768w, https:\/\/mhuagroup.com\/wp-content\/uploads\/2026\/03\/\u51c9\u4ead\u4e3b\u56fe-56-1536x1536.jpg 1536w, https:\/\/mhuagroup.com\/wp-content\/uploads\/2026\/03\/\u51c9\u4ead\u4e3b\u56fe-56-12x12.jpg 12w, https:\/\/mhuagroup.com\/wp-content\/uploads\/2026\/03\/\u51c9\u4ead\u4e3b\u56fe-56-600x600.jpg 600w, https:\/\/mhuagroup.com\/wp-content\/uploads\/2026\/03\/\u51c9\u4ead\u4e3b\u56fe-56-100x100.jpg 100w, https:\/\/mhuagroup.com\/wp-content\/uploads\/2026\/03\/\u51c9\u4ead\u4e3b\u56fe-56.jpg 1667w\" sizes=\"(max-width: 1024px) 100vw, 1024px\" \/><\/p>\n<p><img alt=\"\" loading=\"lazy\" decoding=\"async\" class=\"aligncenter wp-image-6216 size-large\" src=\"https:\/\/mhuagroup.com\/wp-content\/uploads\/2026\/03\/\u51c9\u4ead\u4e3b\u56fe-14-1024x1024.jpg\" width=\"1024\" height=\"1024\" srcset=\"https:\/\/mhuagroup.com\/wp-content\/uploads\/2026\/03\/\u51c9\u4ead\u4e3b\u56fe-14-1024x1024.jpg 1024w, https:\/\/mhuagroup.com\/wp-content\/uploads\/2026\/03\/\u51c9\u4ead\u4e3b\u56fe-14-300x300.jpg 300w, https:\/\/mhuagroup.com\/wp-content\/uploads\/2026\/03\/\u51c9\u4ead\u4e3b\u56fe-14-150x150.jpg 150w, https:\/\/mhuagroup.com\/wp-content\/uploads\/2026\/03\/\u51c9\u4ead\u4e3b\u56fe-14-768x768.jpg 768w, https:\/\/mhuagroup.com\/wp-content\/uploads\/2026\/03\/\u51c9\u4ead\u4e3b\u56fe-14-1536x1536.jpg 1536w, https:\/\/mhuagroup.com\/wp-content\/uploads\/2026\/03\/\u51c9\u4ead\u4e3b\u56fe-14-12x12.jpg 12w, https:\/\/mhuagroup.com\/wp-content\/uploads\/2026\/03\/\u51c9\u4ead\u4e3b\u56fe-14-600x600.jpg 600w, https:\/\/mhuagroup.com\/wp-content\/uploads\/2026\/03\/\u51c9\u4ead\u4e3b\u56fe-14-100x100.jpg 100w, https:\/\/mhuagroup.com\/wp-content\/uploads\/2026\/03\/\u51c9\u4ead\u4e3b\u56fe-14.jpg 1667w\" sizes=\"(max-width: 1024px) 100vw, 1024px\" \/><\/p>\n<p><img alt=\"\" loading=\"lazy\" decoding=\"async\" class=\"size-full wp-image-5328 aligncenter\" src=\"https:\/\/mhuagroup.com\/wp-content\/uploads\/2025\/11\/\u672a\u6807\u9898-1_02.png\" width=\"985\" height=\"297\" srcset=\"https:\/\/mhuagroup.com\/wp-content\/uploads\/2025\/11\/\u672a\u6807\u9898-1_02.png 985w, https:\/\/mhuagroup.com\/wp-content\/uploads\/2025\/11\/\u672a\u6807\u9898-1_02-300x90.png 300w, https:\/\/mhuagroup.com\/wp-content\/uploads\/2025\/11\/\u672a\u6807\u9898-1_02-768x232.png 768w, https:\/\/mhuagroup.com\/wp-content\/uploads\/2025\/11\/\u672a\u6807\u9898-1_02-18x5.png 18w, https:\/\/mhuagroup.com\/wp-content\/uploads\/2025\/11\/\u672a\u6807\u9898-1_02-600x181.png 600w\" sizes=\"(max-width: 985px) 100vw, 985px\" \/><\/p>\n<p><img alt=\"\" loading=\"lazy\" decoding=\"async\" class=\"wp-image-5329 aligncenter\" src=\"https:\/\/mhuagroup.com\/wp-content\/uploads\/2025\/11\/ScreenShot_2025-11-21_153528_612.png\" width=\"1000\" height=\"567\" srcset=\"https:\/\/mhuagroup.com\/wp-content\/uploads\/2025\/11\/ScreenShot_2025-11-21_153528_612.png 1375w, https:\/\/mhuagroup.com\/wp-content\/uploads\/2025\/11\/ScreenShot_2025-11-21_153528_612-300x170.png 300w, https:\/\/mhuagroup.com\/wp-content\/uploads\/2025\/11\/ScreenShot_2025-11-21_153528_612-1024x581.png 1024w, https:\/\/mhuagroup.com\/wp-content\/uploads\/2025\/11\/ScreenShot_2025-11-21_153528_612-768x436.png 768w, https:\/\/mhuagroup.com\/wp-content\/uploads\/2025\/11\/ScreenShot_2025-11-21_153528_612-18x10.png 18w, https:\/\/mhuagroup.com\/wp-content\/uploads\/2025\/11\/ScreenShot_2025-11-21_153528_612-600x340.png 600w\" sizes=\"(max-width: 1000px) 100vw, 1000px\" \/><\/p>\n<p><strong>Adaptabilidad total del escenario<\/strong>: Cubriendo escenarios tales como ocio en patios, asientos comerciales al aire libre, instalaciones de apoyo en \u00e1reas esc\u00e9nicas y bases de acampada; soportando la personalizaci\u00f3n de materiales (aleaci\u00f3n de aluminio\/madera maciza\/paneles PC), tama\u00f1os y m\u00f3dulos funcionales; con propiedades de parasol, impermeable, a prueba de nieve y ventilaci\u00f3n; adapt\u00e1ndose a diferentes climas y necesidades de uso.<br \/>\n<strong>Tecnolog\u00eda punta en I+D<\/strong>: Adopta marcos de aleaci\u00f3n de aluminio anticorrosi\u00f3n y a prueba de \u00f3xido combinados con paneles de policarbonato s\u00f3lido PC de alta transmitancia, que alcanzan un \u00edndice de resistencia a los rayos UV de 98% y una clasificaci\u00f3n de resistencia al viento superior al nivel 10, con una durabilidad superior a 15 a\u00f1os; hay disponibles parasoles inteligentes opcionales, luces ambientales y sistemas de rociado, y algunos modelos admiten apertura y cierre el\u00e9ctricos, lo que ofrece un funcionamiento sencillo y eficiencia energ\u00e9tica.<br \/>\n<strong>Avalado por Benchmark Collaborations<\/strong>: Habiendo prestado servicio a clientes como complejos tur\u00edsticos en el extranjero, cadenas de restaurantes y comunidades de alto nivel, estos casos han logrado un aumento de 35% en los ingresos procedentes de los asientos comerciales al aire libre y un aumento de 40% en la duraci\u00f3n de la estancia de los turistas en los lugares pintorescos, lo que les ha valido el reconocimiento por la repetici\u00f3n de las compras por parte de clientes de m\u00faltiples pa\u00edses.<\/p>\n<div class=\"auto-hide-last-sibling-br paragraph-pP9ZLC paragraph-element br-paragraph-space\"><strong>Fuerza de producci\u00f3n<\/strong>: La capacidad de producci\u00f3n anual supera los 5.000 conjuntos; la producci\u00f3n modular combinada con procesos de instalaci\u00f3n estandarizados reduce las horas de mano de obra de instalaci\u00f3n en 50%; se admite la personalizaci\u00f3n OEM\/ODM, con un control total del proceso desde el dise\u00f1o hasta la entrega y un cumplimiento r\u00e1pido en 10-15 d\u00edas, cumpliendo los plazos de entrega transfronterizos.<\/div>\n<div class=\"auto-hide-last-sibling-br paragraph-pP9ZLC paragraph-element br-paragraph-space\"><strong>Doble garant\u00eda de volumen de ventas e inventario<\/strong>: Las ventas anuales al extranjero superan los 3.000 juegos, con un inventario regular de los principales modelos convencionales; la cantidad m\u00ednima de pedido es de tan s\u00f3lo 1 juego, lo que permite la aceptaci\u00f3n flexible de pedidos de prueba y compras al por mayor; combinada con l\u00edneas dedicadas a la log\u00edstica transfronteriza, la entrega es puntual y controlable.<\/div>","protected":false},"excerpt":{"rendered":"<p><strong>Nombre:<\/strong> Modelo 147 Pabell\u00f3n<br \/>\n<strong>Material:<\/strong> Aleaci\u00f3n de aluminio 6063<br \/>\n<strong>Resistente a la lluvia:<\/strong> Totalmente impermeable<br \/>\n<strong>Control:<\/strong> Manual\/El\u00e9ctrico<br \/>\n<strong>Dimensiones:<\/strong> 2,5\u00d73\/3\u00d73\/3\u00d73,6\/3\u00d74\/4\u00d74\/3\u00d76 (altura por defecto: 2,8 m)<br \/>\n<strong>Anchura:<\/strong> Longitud m\u00e1xima de la hoja 3 m; hojas de doble capa disponibles para longitudes superiores a 3 m<br \/>\n<strong>A prueba de viento:<\/strong> Soporta vientos fuertes de nivel 10 (totalmente cerrado)<br \/>\n<strong>Superficie:<\/strong> Recubrimiento en polvo de alta densidad<br \/>\n<strong>Color:<\/strong> Gris \/Blanco \/Color personalizado<\/p>","protected":false},"featured_media":6224,"template":"","meta":{"_seopress_robots_primary_cat":"none","_seopress_titles_title":"%%post_title%%","_seopress_titles_desc":"%%post_excerpt%%","_seopress_robots_index":"","_uag_custom_page_level_css":"","site-sidebar-layout":"default","site-content-layout":"","ast-site-content-layout":"default","site-content-style":"default","site-sidebar-style":"default","ast-global-header-display":"","ast-banner-title-visibility":"","ast-main-header-display":"","ast-hfb-above-header-display":"","ast-hfb-below-header-display":"","ast-hfb-mobile-header-display":"","site-post-title":"","ast-breadcrumbs-content":"","ast-featured-img":"","footer-sml-layout":"","ast-disable-related-posts":"","theme-transparent-header-meta":"default","adv-header-id-meta":"","stick-header-meta":"default","header-above-stick-meta":"","header-main-stick-meta":"","header-below-stick-meta":"","astra-migrate-meta-layouts":"set","ast-page-background-enabled":"default","ast-page-background-meta":{"desktop":{"background-color":"","background-image":"","background-repeat":"repeat","background-position":"center center","background-size":"auto","background-attachment":"scroll","background-type":"","background-media":"","overlay-type":"","overlay-color":"","overlay-opacity":"","overlay-gradient":""},"tablet":{"background-color":"","background-image":"","background-repeat":"repeat","background-position":"center center","background-size":"auto","background-attachment":"scroll","background-type":"","background-media":"","overlay-type":"","overlay-color":"","overlay-opacity":"","overlay-gradient":""},"mobile":{"background-color":"","background-image":"","background-repeat":"repeat","background-position":"center center","background-size":"auto","background-attachment":"scroll","background-type":"","background-media":"","overlay-type":"","overlay-color":"","overlay-opacity":"","overlay-gradient":""}},"ast-content-background-meta":{"desktop":{"background-color":"var(--ast-global-color-5)","background-image":"","background-repeat":"repeat","background-position":"center center","background-size":"auto","background-attachment":"scroll","background-type":"","background-media":"","overlay-type":"","overlay-color":"","overlay-opacity":"","overlay-gradient":""},"tablet":{"background-color":"var(--ast-global-color-5)","background-image":"","background-repeat":"repeat","background-position":"center center","background-size":"auto","background-attachment":"scroll","background-type":"","background-media":"","overlay-type":"","overlay-color":"","overlay-opacity":"","overlay-gradient":""},"mobile":{"background-color":"var(--ast-global-color-5)","background-image":"","background-repeat":"repeat","background-position":"center center","background-size":"auto","background-attachment":"scroll","background-type":"","background-media":"","overlay-type":"","overlay-color":"","overlay-opacity":"","overlay-gradient":""}}},"product_brand":[],"product_cat":[72],"product_tag":[],"class_list":{"0":"post-6235","1":"product","2":"type-product","3":"status-publish","4":"has-post-thumbnail","6":"product_cat-pergola-pergola","7":"desktop-align-center","8":"tablet-align-left","9":"mobile-align-left","10":"ast-product-gallery-layout-horizontal-slider","11":"ast-product-tabs-layout-horizontal","13":"first","14":"instock","15":"shipping-taxable","16":"product-type-simple"},"uagb_featured_image_src":{"full":["https:\/\/mhuagroup.com\/wp-content\/uploads\/2026\/03\/\u51c9\u4ead\u4e3b\u56fe-57.jpg",1667,1667,false],"thumbnail":["https:\/\/mhuagroup.com\/wp-content\/uploads\/2026\/03\/\u51c9\u4ead\u4e3b\u56fe-57-150x150.jpg",150,150,true],"medium":["https:\/\/mhuagroup.com\/wp-content\/uploads\/2026\/03\/\u51c9\u4ead\u4e3b\u56fe-57-300x300.jpg",300,300,true],"medium_large":["https:\/\/mhuagroup.com\/wp-content\/uploads\/2026\/03\/\u51c9\u4ead\u4e3b\u56fe-57-768x768.jpg",768,768,true],"large":["https:\/\/mhuagroup.com\/wp-content\/uploads\/2026\/03\/\u51c9\u4ead\u4e3b\u56fe-57-1024x1024.jpg",1024,1024,true],"1536x1536":["https:\/\/mhuagroup.com\/wp-content\/uploads\/2026\/03\/\u51c9\u4ead\u4e3b\u56fe-57-1536x1536.jpg",1536,1536,true],"2048x2048":["https:\/\/mhuagroup.com\/wp-content\/uploads\/2026\/03\/\u51c9\u4ead\u4e3b\u56fe-57.jpg",1667,1667,false],"trp-custom-language-flag":["https:\/\/mhuagroup.com\/wp-content\/uploads\/2026\/03\/\u51c9\u4ead\u4e3b\u56fe-57-12x12.jpg",12,12,true],"woocommerce_thumbnail":["https:\/\/mhuagroup.com\/wp-content\/uploads\/2026\/03\/\u51c9\u4ead\u4e3b\u56fe-57-300x300.jpg",300,300,true],"woocommerce_single":["https:\/\/mhuagroup.com\/wp-content\/uploads\/2026\/03\/\u51c9\u4ead\u4e3b\u56fe-57-600x600.jpg",600,600,true],"woocommerce_gallery_thumbnail":["https:\/\/mhuagroup.com\/wp-content\/uploads\/2026\/03\/\u51c9\u4ead\u4e3b\u56fe-57-100x100.jpg",100,100,true]},"uagb_author_info":{"display_name":"jinxing6611@gmail.com","author_link":"https:\/\/mhuagroup.com\/es\/author\/"},"uagb_comment_info":0,"uagb_excerpt":"Name: Model 147 Pavilion Material: 6063 aluminum alloy Rainproof: Fully rainproof Control: Manual\/Electric Dimensions: 2.5x3\/3x3\/3x3.6\/3x4\/4x4\/3x6 (default height: 2.8m) Width: Maximum blade length 3m; double-layer blades available for lengths exceeding 3m Windproof: Withstands Level 10 strong winds (fully closed) Surface: High-density powder coating Color: Gray \/White \/Customized Color","_links":{"self":[{"href":"https:\/\/mhuagroup.com\/es\/wp-json\/wp\/v2\/product\/6235","targetHints":{"allow":["GET"]}}],"collection":[{"href":"https:\/\/mhuagroup.com\/es\/wp-json\/wp\/v2\/product"}],"about":[{"href":"https:\/\/mhuagroup.com\/es\/wp-json\/wp\/v2\/types\/product"}],"version-history":[{"count":1,"href":"https:\/\/mhuagroup.com\/es\/wp-json\/wp\/v2\/product\/6235\/revisions"}],"predecessor-version":[{"id":6236,"href":"https:\/\/mhuagroup.com\/es\/wp-json\/wp\/v2\/product\/6235\/revisions\/6236"}],"wp:featuredmedia":[{"embeddable":true,"href":"https:\/\/mhuagroup.com\/es\/wp-json\/wp\/v2\/media\/6224"}],"wp:attachment":[{"href":"https:\/\/mhuagroup.com\/es\/wp-json\/wp\/v2\/media?parent=6235"}],"wp:term":[{"taxonomy":"product_brand","embeddable":true,"href":"https:\/\/mhuagroup.com\/es\/wp-json\/wp\/v2\/product_brand?post=6235"},{"taxonomy":"product_cat","embeddable":true,"href":"https:\/\/mhuagroup.com\/es\/wp-json\/wp\/v2\/product_cat?post=6235"},{"taxonomy":"product_tag","embeddable":true,"href":"https:\/\/mhuagroup.com\/es\/wp-json\/wp\/v2\/product_tag?post=6235"}],"curies":[{"name":"wp","href":"https:\/\/api.w.org\/{rel}","templated":true}]}}