{"id":6250,"date":"2026-04-02T01:08:00","date_gmt":"2026-04-02T01:08:00","guid":{"rendered":"https:\/\/mhuagroup.com\/?post_type=product&#038;p=6250"},"modified":"2026-04-02T03:09:07","modified_gmt":"2026-04-02T03:09:07","slug":"remote-control-cassette-awning-electric-terrace-roof-for-flexible-sun-shade-and-light-rain","status":"publish","type":"product","link":"https:\/\/mhuagroup.com\/es\/producto\/remote-control-cassette-awning-electric-terrace-roof-for-flexible-sun-shade-and-light-rain\/","title":{"rendered":"Toldos El\u00e9ctricos De Terraza Con Mando A Distancia Para Protecci\u00f3n Solar Flexible Y Lluvia Ligera"},"content":{"rendered":"<h3 style=\"text-align: center;\"><strong><b>Toldo cofre completo<\/b><\/strong><\/h3>\n<p style=\"text-align: center;\"><strong><b>Toldos<\/b><\/strong><strong><b>\u00a0\u00a0<\/b><\/strong><strong><b>puede<\/b><\/strong><strong><b>\u00a0\u00a0<\/b><\/strong><strong><b>tambi\u00e9n<\/b><\/strong><strong><b>\u00a0\u00a0<\/b><\/strong><strong><b>sea<\/b><\/strong><strong><b>\u00a0\u00a0<\/b><\/strong><strong><b>gama alta<\/b><\/strong><\/p>\n<h6><strong>Capacidades y tecnolog\u00edas de I+D de primer nivel:<\/strong><\/h6>\n<p>Se adoptan materiales de alto rendimiento, como PVC espesado y fibra de poli\u00e9ster reciclada. Alcanza un \u00edndice de protecci\u00f3n UV superior a 95%, puede soportar vientos de nivel 8 a 12 y mantiene un rendimiento fiable durante m\u00e1s de 15 a\u00f1os. Equipado con un sistema de control inteligente integrado, admite dos modos de funcionamiento: el\u00e9ctrico y manual. Cuenta con regulaci\u00f3n ambiental adaptativa y control remoto, lo que contribuye a un ahorro energ\u00e9tico de m\u00e1s de 30%.<\/p>\n<p>Como una nueva generaci\u00f3n de productos de toldos telesc\u00f3picos, el toldo de caja completa es mucho m\u00e1s avanzado que el toldo telesc\u00f3pico tradicional en dise\u00f1o de forma, inteligencia tecnol\u00f3gica y durabilidad.<\/p>\n<ul>\n<li>Con el dise\u00f1o de caja todo en uno, la tela y el brazo curvado se pueden empaquetar completamente en la caja, que no s\u00f3lo puede desempe\u00f1ar un papel protector, sino tambi\u00e9n hacer que todo el producto se vea m\u00e1s ordenado y hermoso.Las hermosas l\u00edneas y la arquitectura suave se complementan entre s\u00ed, y la sensaci\u00f3n est\u00e9tica es completa.<\/li>\n<li>La apariencia del toldo de caja completa hace que la aplicaci\u00f3n del espacio al aire libre de gama alta sea m\u00e1s rica, el modelado es breve, la instalaci\u00f3n ocupa menos \u00e1rea, sin afectar a la estructura original del paisaje, para proporcionar servicios de sombreado y lluvia para el espacio al aire libre, para crear un espacio de ocio m\u00e1s c\u00f3modo y avanzado.<\/li>\n<\/ul>\n<p><img alt=\"\" fetchpriority=\"high\" decoding=\"async\" class=\"aligncenter wp-image-6252 size-large\" src=\"https:\/\/mhuagroup.com\/wp-content\/uploads\/2026\/04\/\u906e\u9633\u7bf7_\u65b0-62-1024x1024.jpg\" width=\"1024\" height=\"1024\" srcset=\"https:\/\/mhuagroup.com\/wp-content\/uploads\/2026\/04\/\u906e\u9633\u7bf7_\u65b0-62-1024x1024.jpg 1024w, https:\/\/mhuagroup.com\/wp-content\/uploads\/2026\/04\/\u906e\u9633\u7bf7_\u65b0-62-300x300.jpg 300w, https:\/\/mhuagroup.com\/wp-content\/uploads\/2026\/04\/\u906e\u9633\u7bf7_\u65b0-62-150x150.jpg 150w, https:\/\/mhuagroup.com\/wp-content\/uploads\/2026\/04\/\u906e\u9633\u7bf7_\u65b0-62-768x768.jpg 768w, https:\/\/mhuagroup.com\/wp-content\/uploads\/2026\/04\/\u906e\u9633\u7bf7_\u65b0-62-1536x1536.jpg 1536w, https:\/\/mhuagroup.com\/wp-content\/uploads\/2026\/04\/\u906e\u9633\u7bf7_\u65b0-62-12x12.jpg 12w, https:\/\/mhuagroup.com\/wp-content\/uploads\/2026\/04\/\u906e\u9633\u7bf7_\u65b0-62-600x600.jpg 600w, https:\/\/mhuagroup.com\/wp-content\/uploads\/2026\/04\/\u906e\u9633\u7bf7_\u65b0-62-100x100.jpg 100w, https:\/\/mhuagroup.com\/wp-content\/uploads\/2026\/04\/\u906e\u9633\u7bf7_\u65b0-62.jpg 1667w\" sizes=\"(max-width: 1024px) 100vw, 1024px\" \/><\/p>\n<h3 style=\"text-align: center;\"><strong><b>Integrado<\/b><\/strong><strong><b>\u00a0\u00a0\u00a0<\/b><\/strong><strong><b>Sello\u00a0\u00a0<\/b><\/strong><strong><b>Dise\u00f1o<\/b><\/strong><\/h3>\n<h5 style=\"text-align: center;\">No requiere deflector de lluvia adicional<\/h5>\n<p style=\"text-align: left;\">El deflector de lluvia y el cuerpo de la caja tambi\u00e9n son de dise\u00f1o integrado, y no hay necesidad de instalar deflector de lluvia adicional, lo que hace que la forma m\u00e1s hermosa.<img alt=\"\" decoding=\"async\" class=\"aligncenter size-full wp-image-5879\" src=\"https:\/\/mhuagroup.com\/wp-content\/uploads\/2025\/06\/\u5fae\u4fe1\u56fe\u7247_20251205170230_1008_211.jpg\" width=\"1280\" height=\"582\" srcset=\"https:\/\/mhuagroup.com\/wp-content\/uploads\/2025\/06\/\u5fae\u4fe1\u56fe\u7247_20251205170230_1008_211.jpg 1280w, https:\/\/mhuagroup.com\/wp-content\/uploads\/2025\/06\/\u5fae\u4fe1\u56fe\u7247_20251205170230_1008_211-300x136.jpg 300w, https:\/\/mhuagroup.com\/wp-content\/uploads\/2025\/06\/\u5fae\u4fe1\u56fe\u7247_20251205170230_1008_211-1024x466.jpg 1024w, https:\/\/mhuagroup.com\/wp-content\/uploads\/2025\/06\/\u5fae\u4fe1\u56fe\u7247_20251205170230_1008_211-768x349.jpg 768w, https:\/\/mhuagroup.com\/wp-content\/uploads\/2025\/06\/\u5fae\u4fe1\u56fe\u7247_20251205170230_1008_211-18x8.jpg 18w, https:\/\/mhuagroup.com\/wp-content\/uploads\/2025\/06\/\u5fae\u4fe1\u56fe\u7247_20251205170230_1008_211-600x273.jpg 600w\" sizes=\"(max-width: 1280px) 100vw, 1280px\" \/><\/p>\n<h3 style=\"text-align: center;\"><strong><b>Saldo de actualizaci\u00f3n<\/b><\/strong><strong><b>\u00a0S<\/b><\/strong><strong><b>ystem<\/b><\/strong><\/h3>\n<h5 style=\"text-align: center;\">Ajustable, cierre m\u00e1s estable, mayor vida \u00fatil<\/h5>\n<p style=\"text-align: center;\">Adopta el sistema de equilibrio profesional l\u00edder en la industria, cierre de brazo curvado m\u00e1s estable, \u00a1vida \u00fatil m\u00e1s larga!<br \/>\nAjustable hacia arriba y hacia abajo hasta un m\u00e1ximo de 30\u00b0 .<\/p>\n<p><img alt=\"\" decoding=\"async\" class=\"aligncenter size-full wp-image-4859\" src=\"https:\/\/mhuagroup.com\/wp-content\/uploads\/2025\/06\/\u56fe\u72471.png\" width=\"1024\" height=\"279\" srcset=\"https:\/\/mhuagroup.com\/wp-content\/uploads\/2025\/06\/\u56fe\u72471.png 1024w, https:\/\/mhuagroup.com\/wp-content\/uploads\/2025\/06\/\u56fe\u72471-300x82.png 300w, https:\/\/mhuagroup.com\/wp-content\/uploads\/2025\/06\/\u56fe\u72471-768x209.png 768w, https:\/\/mhuagroup.com\/wp-content\/uploads\/2025\/06\/\u56fe\u72471-18x5.png 18w, https:\/\/mhuagroup.com\/wp-content\/uploads\/2025\/06\/\u56fe\u72471-600x163.png 600w\" sizes=\"(max-width: 1024px) 100vw, 1024px\" \/><\/p>\n<h3 style=\"text-align: center;\"><strong>Nuevo tipo<\/strong><\/h3>\n<p style=\"text-align: left;\">Mediante la adopci\u00f3n del sistema de equilibrio patentado, la parte superior e inferior del brazo de flexi\u00f3n se puede ajustar en 30 \u00b0 para un posicionamiento preciso, y la fuerza de que es apoyado por la pared, lo que mejora en gran medida la estabilidad y la firmeza del brazo de flexi\u00f3n y puede resolver el problema de plegado apretado del brazo de flexi\u00f3n de gran tama\u00f1o.<\/p>\n<p><img alt=\"\" loading=\"lazy\" decoding=\"async\" class=\"aligncenter size-full wp-image-4860\" src=\"https:\/\/mhuagroup.com\/wp-content\/uploads\/2025\/06\/\u56fe\u72472.png\" width=\"998\" height=\"244\" srcset=\"https:\/\/mhuagroup.com\/wp-content\/uploads\/2025\/06\/\u56fe\u72472.png 998w, https:\/\/mhuagroup.com\/wp-content\/uploads\/2025\/06\/\u56fe\u72472-300x73.png 300w, https:\/\/mhuagroup.com\/wp-content\/uploads\/2025\/06\/\u56fe\u72472-768x188.png 768w, https:\/\/mhuagroup.com\/wp-content\/uploads\/2025\/06\/\u56fe\u72472-18x4.png 18w, https:\/\/mhuagroup.com\/wp-content\/uploads\/2025\/06\/\u56fe\u72472-600x147.png 600w\" sizes=\"(max-width: 998px) 100vw, 998px\" \/><\/p>\n<h4 style=\"text-align: center;\">Tipo antiguo<\/h4>\n<p>El modelo antiguo adopta la conexi\u00f3n ordinaria sin ning\u00fan tratamiento.el brazo de flexi\u00f3n es f\u00e1cil de aflojar cuando se utilizan tornillos durante mucho tiempo,lo que conduce a que el brazo de flexi\u00f3n se hunda,toda la caja no se puede cerrar completamente,y la estabilidad es pobre.<\/p>\n<h3 style=\"text-align: center;\"><strong><b>Alta calidad A<\/b><\/strong><strong><b>aleaci\u00f3n de aluminio<\/b><\/strong><\/h3>\n<h5 style=\"text-align: center;\">Pulverizaci\u00f3n de polvo de alta densidad<\/h5>\n<p>El cuerpo de la caja y el brazo acodado son de aleaci\u00f3n de aluminio 6063 de alta calidad con alta resistencia y peso ligero.La superficie se roc\u00eda con compuesto de diamante policristalino (PDC),pl\u00e1stico y resina mezclados polvo de alta densidad,lo que hace que la superficie del material libre de corrosi\u00f3n,libre de mantenimiento,seguro y protecci\u00f3n del medio ambiente,libre de formaldeh\u00eddo,\u00e1cido y \u00e1lcali resistente durante 20 a\u00f1os sin decoloraci\u00f3n.<img alt=\"\" loading=\"lazy\" decoding=\"async\" class=\"aligncenter size-full wp-image-5928\" src=\"https:\/\/mhuagroup.com\/wp-content\/uploads\/2025\/12\/\u8be6\u60c5-6-01.jpg\" width=\"2000\" height=\"954\" srcset=\"https:\/\/mhuagroup.com\/wp-content\/uploads\/2025\/12\/\u8be6\u60c5-6-01.jpg 2000w, https:\/\/mhuagroup.com\/wp-content\/uploads\/2025\/12\/\u8be6\u60c5-6-01-300x143.jpg 300w, https:\/\/mhuagroup.com\/wp-content\/uploads\/2025\/12\/\u8be6\u60c5-6-01-1024x488.jpg 1024w, https:\/\/mhuagroup.com\/wp-content\/uploads\/2025\/12\/\u8be6\u60c5-6-01-768x366.jpg 768w, https:\/\/mhuagroup.com\/wp-content\/uploads\/2025\/12\/\u8be6\u60c5-6-01-1536x733.jpg 1536w, https:\/\/mhuagroup.com\/wp-content\/uploads\/2025\/12\/\u8be6\u60c5-6-01-18x9.jpg 18w, https:\/\/mhuagroup.com\/wp-content\/uploads\/2025\/12\/\u8be6\u60c5-6-01-600x286.jpg 600w\" sizes=\"(max-width: 2000px) 100vw, 2000px\" \/><\/p>\n<p><img alt=\"\" loading=\"lazy\" decoding=\"async\" class=\"aligncenter size-full wp-image-4871\" src=\"https:\/\/mhuagroup.com\/wp-content\/uploads\/2025\/06\/\u8be6\u60c5-8-1.jpg\" width=\"1000\" height=\"373\" srcset=\"https:\/\/mhuagroup.com\/wp-content\/uploads\/2025\/06\/\u8be6\u60c5-8-1.jpg 1000w, https:\/\/mhuagroup.com\/wp-content\/uploads\/2025\/06\/\u8be6\u60c5-8-1-300x112.jpg 300w, https:\/\/mhuagroup.com\/wp-content\/uploads\/2025\/06\/\u8be6\u60c5-8-1-768x286.jpg 768w, https:\/\/mhuagroup.com\/wp-content\/uploads\/2025\/06\/\u8be6\u60c5-8-1-18x7.jpg 18w, https:\/\/mhuagroup.com\/wp-content\/uploads\/2025\/06\/\u8be6\u60c5-8-1-600x224.jpg 600w\" sizes=\"(max-width: 1000px) 100vw, 1000px\" \/><img alt=\"\" loading=\"lazy\" decoding=\"async\" class=\"aligncenter size-full wp-image-4872\" src=\"https:\/\/mhuagroup.com\/wp-content\/uploads\/2025\/06\/\u8be6\u60c5-9-1.jpg\" width=\"1000\" height=\"359\" srcset=\"https:\/\/mhuagroup.com\/wp-content\/uploads\/2025\/06\/\u8be6\u60c5-9-1.jpg 1000w, https:\/\/mhuagroup.com\/wp-content\/uploads\/2025\/06\/\u8be6\u60c5-9-1-300x108.jpg 300w, https:\/\/mhuagroup.com\/wp-content\/uploads\/2025\/06\/\u8be6\u60c5-9-1-768x276.jpg 768w, https:\/\/mhuagroup.com\/wp-content\/uploads\/2025\/06\/\u8be6\u60c5-9-1-18x6.jpg 18w, https:\/\/mhuagroup.com\/wp-content\/uploads\/2025\/06\/\u8be6\u60c5-9-1-600x215.jpg 600w\" sizes=\"(max-width: 1000px) 100vw, 1000px\" \/><\/p>\n<h3 style=\"text-align: center;\"><strong><b>Sombrear ventanas y puertas<\/b><\/strong><\/h3>\n<p>Se puede instalar en el borde superior del marco de la puerta y el marco de la ventana para desempe\u00f1ar el papel de la sombra y la lluvia. El dise\u00f1o integrado de gama alta no s\u00f3lo puede conservar la belleza del dise\u00f1o original del edificio, sino tambi\u00e9n a\u00f1adir un sentido de avanzada.<img alt=\"\" loading=\"lazy\" decoding=\"async\" class=\"aligncenter wp-image-6254 size-full\" src=\"https:\/\/mhuagroup.com\/wp-content\/uploads\/2026\/04\/\u72ec\u7acb\u7ad9_\u753b\u677f-1-\u526f\u672c-3-scaled.jpg\" width=\"2560\" height=\"1027\" srcset=\"https:\/\/mhuagroup.com\/wp-content\/uploads\/2026\/04\/\u72ec\u7acb\u7ad9_\u753b\u677f-1-\u526f\u672c-3-scaled.jpg 2560w, https:\/\/mhuagroup.com\/wp-content\/uploads\/2026\/04\/\u72ec\u7acb\u7ad9_\u753b\u677f-1-\u526f\u672c-3-300x120.jpg 300w, https:\/\/mhuagroup.com\/wp-content\/uploads\/2026\/04\/\u72ec\u7acb\u7ad9_\u753b\u677f-1-\u526f\u672c-3-1024x411.jpg 1024w, https:\/\/mhuagroup.com\/wp-content\/uploads\/2026\/04\/\u72ec\u7acb\u7ad9_\u753b\u677f-1-\u526f\u672c-3-768x308.jpg 768w, https:\/\/mhuagroup.com\/wp-content\/uploads\/2026\/04\/\u72ec\u7acb\u7ad9_\u753b\u677f-1-\u526f\u672c-3-1536x616.jpg 1536w, https:\/\/mhuagroup.com\/wp-content\/uploads\/2026\/04\/\u72ec\u7acb\u7ad9_\u753b\u677f-1-\u526f\u672c-3-2048x822.jpg 2048w, https:\/\/mhuagroup.com\/wp-content\/uploads\/2026\/04\/\u72ec\u7acb\u7ad9_\u753b\u677f-1-\u526f\u672c-3-18x7.jpg 18w, https:\/\/mhuagroup.com\/wp-content\/uploads\/2026\/04\/\u72ec\u7acb\u7ad9_\u753b\u677f-1-\u526f\u672c-3-600x241.jpg 600w\" sizes=\"(max-width: 2560px) 100vw, 2560px\" \/><\/p>\n<h3 style=\"text-align: center;\"><strong><b>Terraza\/patio<\/b><\/strong><\/h3>\n<p style=\"text-align: center;\">Puede ser utilizado para la terraza de gran altura, villa patio sombreado, para construir su propio espacio al aire libre, disfrutar de un agradable ritmo lento de la vida.<\/p>\n<p><img alt=\"\" loading=\"lazy\" decoding=\"async\" class=\"aligncenter wp-image-6253 size-full\" src=\"https:\/\/mhuagroup.com\/wp-content\/uploads\/2026\/04\/\u72ec\u7acb\u7ad9_\u753b\u677f-1-scaled.jpg\" width=\"2560\" height=\"1027\" srcset=\"https:\/\/mhuagroup.com\/wp-content\/uploads\/2026\/04\/\u72ec\u7acb\u7ad9_\u753b\u677f-1-scaled.jpg 2560w, https:\/\/mhuagroup.com\/wp-content\/uploads\/2026\/04\/\u72ec\u7acb\u7ad9_\u753b\u677f-1-300x120.jpg 300w, https:\/\/mhuagroup.com\/wp-content\/uploads\/2026\/04\/\u72ec\u7acb\u7ad9_\u753b\u677f-1-1024x411.jpg 1024w, https:\/\/mhuagroup.com\/wp-content\/uploads\/2026\/04\/\u72ec\u7acb\u7ad9_\u753b\u677f-1-768x308.jpg 768w, https:\/\/mhuagroup.com\/wp-content\/uploads\/2026\/04\/\u72ec\u7acb\u7ad9_\u753b\u677f-1-1536x616.jpg 1536w, https:\/\/mhuagroup.com\/wp-content\/uploads\/2026\/04\/\u72ec\u7acb\u7ad9_\u753b\u677f-1-2048x822.jpg 2048w, https:\/\/mhuagroup.com\/wp-content\/uploads\/2026\/04\/\u72ec\u7acb\u7ad9_\u753b\u677f-1-18x7.jpg 18w, https:\/\/mhuagroup.com\/wp-content\/uploads\/2026\/04\/\u72ec\u7acb\u7ad9_\u753b\u677f-1-600x241.jpg 600w\" sizes=\"(max-width: 2560px) 100vw, 2560px\" \/><\/p>\n<h3 style=\"text-align: center;\"><strong><b>Jard\u00edn<\/b><\/strong><strong><b>\u00a0P<\/b><\/strong><strong><b>ool<\/b><\/strong><\/h3>\n<p style=\"text-align: center;\">En el caluroso verano, la piscina al aire libre y la piscina de jard\u00edn son el lugar favorito de todos para el ocio y la relajaci\u00f3n. Un toldo de caja completa instalado en la piscina al aire libre no s\u00f3lo es de alta gama y hermoso, sino que tambi\u00e9n puede mantener fuera el sol caliente, adecuado para descansar y charlar despu\u00e9s de nadar deportes.<img alt=\"\" loading=\"lazy\" decoding=\"async\" class=\"aligncenter wp-image-6255 size-full\" src=\"https:\/\/mhuagroup.com\/wp-content\/uploads\/2026\/04\/\u72ec\u7acb\u7ad9_\u753b\u677f-1-\u526f\u672c-scaled.jpg\" width=\"2560\" height=\"1027\" srcset=\"https:\/\/mhuagroup.com\/wp-content\/uploads\/2026\/04\/\u72ec\u7acb\u7ad9_\u753b\u677f-1-\u526f\u672c-scaled.jpg 2560w, https:\/\/mhuagroup.com\/wp-content\/uploads\/2026\/04\/\u72ec\u7acb\u7ad9_\u753b\u677f-1-\u526f\u672c-300x120.jpg 300w, https:\/\/mhuagroup.com\/wp-content\/uploads\/2026\/04\/\u72ec\u7acb\u7ad9_\u753b\u677f-1-\u526f\u672c-1024x411.jpg 1024w, https:\/\/mhuagroup.com\/wp-content\/uploads\/2026\/04\/\u72ec\u7acb\u7ad9_\u753b\u677f-1-\u526f\u672c-768x308.jpg 768w, https:\/\/mhuagroup.com\/wp-content\/uploads\/2026\/04\/\u72ec\u7acb\u7ad9_\u753b\u677f-1-\u526f\u672c-1536x616.jpg 1536w, https:\/\/mhuagroup.com\/wp-content\/uploads\/2026\/04\/\u72ec\u7acb\u7ad9_\u753b\u677f-1-\u526f\u672c-2048x822.jpg 2048w, https:\/\/mhuagroup.com\/wp-content\/uploads\/2026\/04\/\u72ec\u7acb\u7ad9_\u753b\u677f-1-\u526f\u672c-18x7.jpg 18w, https:\/\/mhuagroup.com\/wp-content\/uploads\/2026\/04\/\u72ec\u7acb\u7ad9_\u753b\u677f-1-\u526f\u672c-600x241.jpg 600w\" sizes=\"(max-width: 2560px) 100vw, 2560px\" \/><\/p>\n<h3 style=\"text-align: center;\"><strong><b>Fachada de la tienda<\/b><\/strong><\/h3>\n<p style=\"text-align: center;\">Una variedad de colores, estilos de tela opcional, se puede personalizar el texto impreso, logotipo, adecuado para el sombreado de la fachada de la tienda, as\u00ed como clubes de gama alta, cafeter\u00edas y otras aplicaciones, resaltar el sabor.<\/p>\n<p><img alt=\"\" loading=\"lazy\" decoding=\"async\" class=\"aligncenter wp-image-6256 size-full\" src=\"https:\/\/mhuagroup.com\/wp-content\/uploads\/2026\/04\/\u72ec\u7acb\u7ad9_\u753b\u677f-1-\u526f\u672c-2-scaled.jpg\" width=\"2560\" height=\"1027\" srcset=\"https:\/\/mhuagroup.com\/wp-content\/uploads\/2026\/04\/\u72ec\u7acb\u7ad9_\u753b\u677f-1-\u526f\u672c-2-scaled.jpg 2560w, https:\/\/mhuagroup.com\/wp-content\/uploads\/2026\/04\/\u72ec\u7acb\u7ad9_\u753b\u677f-1-\u526f\u672c-2-300x120.jpg 300w, https:\/\/mhuagroup.com\/wp-content\/uploads\/2026\/04\/\u72ec\u7acb\u7ad9_\u753b\u677f-1-\u526f\u672c-2-1024x411.jpg 1024w, https:\/\/mhuagroup.com\/wp-content\/uploads\/2026\/04\/\u72ec\u7acb\u7ad9_\u753b\u677f-1-\u526f\u672c-2-768x308.jpg 768w, https:\/\/mhuagroup.com\/wp-content\/uploads\/2026\/04\/\u72ec\u7acb\u7ad9_\u753b\u677f-1-\u526f\u672c-2-1536x616.jpg 1536w, https:\/\/mhuagroup.com\/wp-content\/uploads\/2026\/04\/\u72ec\u7acb\u7ad9_\u753b\u677f-1-\u526f\u672c-2-2048x822.jpg 2048w, https:\/\/mhuagroup.com\/wp-content\/uploads\/2026\/04\/\u72ec\u7acb\u7ad9_\u753b\u677f-1-\u526f\u672c-2-18x7.jpg 18w, https:\/\/mhuagroup.com\/wp-content\/uploads\/2026\/04\/\u72ec\u7acb\u7ad9_\u753b\u677f-1-\u526f\u672c-2-600x241.jpg 600w\" sizes=\"(max-width: 2560px) 100vw, 2560px\" \/><\/p>\n<p><strong>Logros de la cooperaci\u00f3n avalados por la fortaleza<\/strong>: Hemos proporcionado soluciones personalizadas para cafeter\u00edas, restaurantes, empresas deportivas y culturales, tiendas de la calle antigua, vendedores de mercados nocturnos y otros operadores. Los casos han dado resultados tangibles, como un crecimiento de 20% en el tr\u00e1fico peatonal de clientes y una ampliaci\u00f3n de 40% del espacio comercial, con una reputaci\u00f3n en el mercado que valida nuestra capacidad para adaptarnos a diversos escenarios empresariales.<\/p>\n<p><strong>Gran capacidad de producci\u00f3n y cumplimiento<\/strong>: La capacidad de producci\u00f3n anual supera los 10.000 metros cuadrados. El dise\u00f1o modular permite un despliegue r\u00e1pido, con un tiempo de apertura el\u00e9ctrica de 30 segundos y una entrega r\u00e1pida en un plazo de 7 a 10 d\u00edas. Apoyamos los servicios OEM\/ODM en m\u00faltiples escenarios, presumiendo de una tasa de prefabricaci\u00f3n de componentes de 90% y una reducci\u00f3n de 60% en horas de mano de obra de instalaci\u00f3n.<\/p>\n<p><strong>Inventario suficiente<\/strong>: Mantenemos un inventario regular de los modelos principales, con una cantidad m\u00ednima de pedido de un juego. Esto nos permite satisfacer tanto las necesidades de pedidos de prueba de peque\u00f1os lotes como las necesidades de los clientes m\u00e1s exigentes.<\/p>\n<p>necesidades de aprovisionamiento a gran escala. Junto con los servicios transfronterizos de entrega directa, nuestra log\u00edstica es eficiente y manejable.<\/p>\n<h4 class=\"elementor-heading-title elementor-size-default\">\u00bfConseguir el \u00faltimo precio? Le responderemos lo antes posible (en menos de 12 horas)<\/h4>","protected":false},"excerpt":{"rendered":"<p><strong>Marca\uff1a<\/strong>Mhua<br \/>\n<strong>Montaje en pared Longitud\uff1a<\/strong>Tama\u00f1o personalizado<br \/>\n<strong>Embalaje \uff1a<\/strong>Embalaje de cart\u00f3n o madera<br \/>\n<strong>Modelo NO.\uff1a<\/strong>Aw001<br \/>\n<strong>Material del marco\uff1a<\/strong>Aleaci\u00f3n de aluminio<br \/>\n<strong>Uso\uff1a<\/strong>PatioJard\u00ednCaba\u00f1aPatioPlaya<br \/>\n<strong>Art\u00edculo\uff1a<\/strong>Extensible<\/p>","protected":false},"featured_media":6257,"template":"","meta":{"_seopress_robots_primary_cat":"none","_seopress_titles_title":"%%post_title%%","_seopress_titles_desc":"%%post_excerpt%%","_seopress_robots_index":"","_uag_custom_page_level_css":"","site-sidebar-layout":"default","site-content-layout":"","ast-site-content-layout":"default","site-content-style":"default","site-sidebar-style":"default","ast-global-header-display":"","ast-banner-title-visibility":"","ast-main-header-display":"","ast-hfb-above-header-display":"","ast-hfb-below-header-display":"","ast-hfb-mobile-header-display":"","site-post-title":"","ast-breadcrumbs-content":"","ast-featured-img":"","footer-sml-layout":"","ast-disable-related-posts":"","theme-transparent-header-meta":"default","adv-header-id-meta":"","stick-header-meta":"default","header-above-stick-meta":"","header-main-stick-meta":"","header-below-stick-meta":"","astra-migrate-meta-layouts":"set","ast-page-background-enabled":"default","ast-page-background-meta":{"desktop":{"background-color":"","background-image":"","background-repeat":"repeat","background-position":"center center","background-size":"auto","background-attachment":"scroll","background-type":"","background-media":"","overlay-type":"","overlay-color":"","overlay-opacity":"","overlay-gradient":""},"tablet":{"background-color":"","background-image":"","background-repeat":"repeat","background-position":"center center","background-size":"auto","background-attachment":"scroll","background-type":"","background-media":"","overlay-type":"","overlay-color":"","overlay-opacity":"","overlay-gradient":""},"mobile":{"background-color":"","background-image":"","background-repeat":"repeat","background-position":"center center","background-size":"auto","background-attachment":"scroll","background-type":"","background-media":"","overlay-type":"","overlay-color":"","overlay-opacity":"","overlay-gradient":""}},"ast-content-background-meta":{"desktop":{"background-color":"var(--ast-global-color-5)","background-image":"","background-repeat":"repeat","background-position":"center center","background-size":"auto","background-attachment":"scroll","background-type":"","background-media":"","overlay-type":"","overlay-color":"","overlay-opacity":"","overlay-gradient":""},"tablet":{"background-color":"var(--ast-global-color-5)","background-image":"","background-repeat":"repeat","background-position":"center center","background-size":"auto","background-attachment":"scroll","background-type":"","background-media":"","overlay-type":"","overlay-color":"","overlay-opacity":"","overlay-gradient":""},"mobile":{"background-color":"var(--ast-global-color-5)","background-image":"","background-repeat":"repeat","background-position":"center center","background-size":"auto","background-attachment":"scroll","background-type":"","background-media":"","overlay-type":"","overlay-color":"","overlay-opacity":"","overlay-gradient":""}}},"product_brand":[],"product_cat":[68],"product_tag":[],"class_list":{"0":"post-6250","1":"product","2":"type-product","3":"status-publish","4":"has-post-thumbnail","6":"product_cat-full-cassette-awning","7":"desktop-align-center","8":"tablet-align-left","9":"mobile-align-left","10":"ast-product-gallery-layout-horizontal-slider","11":"ast-product-tabs-layout-horizontal","13":"first","14":"instock","15":"shipping-taxable","16":"product-type-simple"},"uagb_featured_image_src":{"full":["https:\/\/mhuagroup.com\/wp-content\/uploads\/2026\/04\/\u906e\u9633\u7bf7_\u65b0-6.jpg",1667,1667,false],"thumbnail":["https:\/\/mhuagroup.com\/wp-content\/uploads\/2026\/04\/\u906e\u9633\u7bf7_\u65b0-6-150x150.jpg",150,150,true],"medium":["https:\/\/mhuagroup.com\/wp-content\/uploads\/2026\/04\/\u906e\u9633\u7bf7_\u65b0-6-300x300.jpg",300,300,true],"medium_large":["https:\/\/mhuagroup.com\/wp-content\/uploads\/2026\/04\/\u906e\u9633\u7bf7_\u65b0-6-768x768.jpg",768,768,true],"large":["https:\/\/mhuagroup.com\/wp-content\/uploads\/2026\/04\/\u906e\u9633\u7bf7_\u65b0-6-1024x1024.jpg",1024,1024,true],"1536x1536":["https:\/\/mhuagroup.com\/wp-content\/uploads\/2026\/04\/\u906e\u9633\u7bf7_\u65b0-6-1536x1536.jpg",1536,1536,true],"2048x2048":["https:\/\/mhuagroup.com\/wp-content\/uploads\/2026\/04\/\u906e\u9633\u7bf7_\u65b0-6.jpg",1667,1667,false],"trp-custom-language-flag":["https:\/\/mhuagroup.com\/wp-content\/uploads\/2026\/04\/\u906e\u9633\u7bf7_\u65b0-6-12x12.jpg",12,12,true],"woocommerce_thumbnail":["https:\/\/mhuagroup.com\/wp-content\/uploads\/2026\/04\/\u906e\u9633\u7bf7_\u65b0-6-300x300.jpg",300,300,true],"woocommerce_single":["https:\/\/mhuagroup.com\/wp-content\/uploads\/2026\/04\/\u906e\u9633\u7bf7_\u65b0-6-600x600.jpg",600,600,true],"woocommerce_gallery_thumbnail":["https:\/\/mhuagroup.com\/wp-content\/uploads\/2026\/04\/\u906e\u9633\u7bf7_\u65b0-6-100x100.jpg",100,100,true]},"uagb_author_info":{"display_name":"jinxing6611@gmail.com","author_link":"https:\/\/mhuagroup.com\/es\/author\/"},"uagb_comment_info":0,"uagb_excerpt":"Brand\uff1aMhua Wall-mounted Length\uff1aCustomized Size Packaging \uff1aCarton or Wooden Package Model NO.\uff1aAw001 Frame Material\uff1aAluminum Alloy Usage\uff1aPatioGardenCottageCourtyardBeach Feature\uff1aExtendable","_links":{"self":[{"href":"https:\/\/mhuagroup.com\/es\/wp-json\/wp\/v2\/product\/6250","targetHints":{"allow":["GET"]}}],"collection":[{"href":"https:\/\/mhuagroup.com\/es\/wp-json\/wp\/v2\/product"}],"about":[{"href":"https:\/\/mhuagroup.com\/es\/wp-json\/wp\/v2\/types\/product"}],"version-history":[{"count":1,"href":"https:\/\/mhuagroup.com\/es\/wp-json\/wp\/v2\/product\/6250\/revisions"}],"predecessor-version":[{"id":6264,"href":"https:\/\/mhuagroup.com\/es\/wp-json\/wp\/v2\/product\/6250\/revisions\/6264"}],"wp:featuredmedia":[{"embeddable":true,"href":"https:\/\/mhuagroup.com\/es\/wp-json\/wp\/v2\/media\/6257"}],"wp:attachment":[{"href":"https:\/\/mhuagroup.com\/es\/wp-json\/wp\/v2\/media?parent=6250"}],"wp:term":[{"taxonomy":"product_brand","embeddable":true,"href":"https:\/\/mhuagroup.com\/es\/wp-json\/wp\/v2\/product_brand?post=6250"},{"taxonomy":"product_cat","embeddable":true,"href":"https:\/\/mhuagroup.com\/es\/wp-json\/wp\/v2\/product_cat?post=6250"},{"taxonomy":"product_tag","embeddable":true,"href":"https:\/\/mhuagroup.com\/es\/wp-json\/wp\/v2\/product_tag?post=6250"}],"curies":[{"name":"wp","href":"https:\/\/api.w.org\/{rel}","templated":true}]}}