{"id":5267,"date":"2025-11-21T03:28:15","date_gmt":"2025-11-21T03:28:15","guid":{"rendered":"https:\/\/mhuagroup.com\/?post_type=product&#038;p=5267"},"modified":"2025-12-04T01:57:24","modified_gmt":"2025-12-04T01:57:24","slug":"watermelon-sun-shelter","status":"publish","type":"product","link":"https:\/\/mhuagroup.com\/fr\/produit\/watermelon-sun-shelter\/","title":{"rendered":"Abri solaire past\u00e8que"},"content":{"rendered":"<h5>Informations de base<\/h5>\n<table>\n<tbody>\n<tr>\n<td width=\"264\">Mod\u00e8le NO.<\/td>\n<td width=\"425\">Aw006<\/td>\n<td width=\"425\">Indice d'imperm\u00e9abilit\u00e9 de la tente ext\u00e9rieure<\/td>\n<td width=\"425\">&gt;3000 mm<\/td>\n<\/tr>\n<tr>\n<td width=\"264\">Couleur<\/td>\n<td width=\"425\">Sur mesure<\/td>\n<td width=\"264\">Finition des voiles<\/td>\n<td width=\"425\">Rev\u00eatement PVC<\/td>\n<\/tr>\n<tr>\n<td width=\"264\">Utilisation<\/td>\n<td width=\"425\">H\u00f4tel, ext\u00e9rieur, camping, plage, commerce, jardin<\/td>\n<td width=\"264\">Saison<\/td>\n<td width=\"425\">Toutes les saisons<\/td>\n<\/tr>\n<tr>\n<td width=\"264\">Fonction<\/td>\n<td width=\"425\">Protection solaire<\/td>\n<td width=\"264\">Fonctionnalit\u00e9<\/td>\n<td width=\"425\">Extensible<\/td>\n<\/tr>\n<tr>\n<td width=\"264\">Apparence<\/td>\n<td width=\"425\">Style vari\u00e9<\/td>\n<td width=\"264\">Application<\/td>\n<td width=\"425\">Industrie, b\u00e2timent, etc.<\/td>\n<\/tr>\n<tr>\n<td width=\"264\">Paquet de transport<\/td>\n<td width=\"425\">Carton ou emballage en bois<\/td>\n<td width=\"264\">Marque d\u00e9pos\u00e9e<\/td>\n<td width=\"425\">Mhua<\/td>\n<\/tr>\n<\/tbody>\n<\/table>\n<h3 style=\"text-align: center;\">Verri\u00e8re \u00e0 la fran\u00e7aise<\/h3>\n<p><img alt=\"\" fetchpriority=\"high\" decoding=\"async\" class=\"size-large wp-image-5280 aligncenter\" src=\"https:\/\/mhuagroup.com\/wp-content\/uploads\/2025\/11\/\u897f\u74dc\u68da\u8be6\u60c5-01_03-1024x300.jpg\" width=\"1024\" height=\"300\" srcset=\"https:\/\/mhuagroup.com\/wp-content\/uploads\/2025\/11\/\u897f\u74dc\u68da\u8be6\u60c5-01_03-1024x300.jpg 1024w, https:\/\/mhuagroup.com\/wp-content\/uploads\/2025\/11\/\u897f\u74dc\u68da\u8be6\u60c5-01_03-300x88.jpg 300w, https:\/\/mhuagroup.com\/wp-content\/uploads\/2025\/11\/\u897f\u74dc\u68da\u8be6\u60c5-01_03-768x225.jpg 768w, https:\/\/mhuagroup.com\/wp-content\/uploads\/2025\/11\/\u897f\u74dc\u68da\u8be6\u60c5-01_03-1536x449.jpg 1536w, https:\/\/mhuagroup.com\/wp-content\/uploads\/2025\/11\/\u897f\u74dc\u68da\u8be6\u60c5-01_03-18x5.jpg 18w, https:\/\/mhuagroup.com\/wp-content\/uploads\/2025\/11\/\u897f\u74dc\u68da\u8be6\u60c5-01_03-600x176.jpg 600w, https:\/\/mhuagroup.com\/wp-content\/uploads\/2025\/11\/\u897f\u74dc\u68da\u8be6\u60c5-01_03.jpg 1600w\" sizes=\"(max-width: 1024px) 100vw, 1024px\" \/><\/p>\n<h3 style=\"text-align: center;\">Auvent en forme de melon d'eau<\/h3>\n<p><img alt=\"\" decoding=\"async\" class=\"size-large wp-image-5281 aligncenter\" src=\"https:\/\/mhuagroup.com\/wp-content\/uploads\/2025\/11\/\u897f\u74dc\u68da\u8be6\u60c5-01_06-1024x282.png\" width=\"1024\" height=\"282\" srcset=\"https:\/\/mhuagroup.com\/wp-content\/uploads\/2025\/11\/\u897f\u74dc\u68da\u8be6\u60c5-01_06-1024x282.png 1024w, https:\/\/mhuagroup.com\/wp-content\/uploads\/2025\/11\/\u897f\u74dc\u68da\u8be6\u60c5-01_06-300x83.png 300w, https:\/\/mhuagroup.com\/wp-content\/uploads\/2025\/11\/\u897f\u74dc\u68da\u8be6\u60c5-01_06-768x211.png 768w, https:\/\/mhuagroup.com\/wp-content\/uploads\/2025\/11\/\u897f\u74dc\u68da\u8be6\u60c5-01_06-1536x422.png 1536w, https:\/\/mhuagroup.com\/wp-content\/uploads\/2025\/11\/\u897f\u74dc\u68da\u8be6\u60c5-01_06-18x5.png 18w, https:\/\/mhuagroup.com\/wp-content\/uploads\/2025\/11\/\u897f\u74dc\u68da\u8be6\u60c5-01_06-600x165.png 600w, https:\/\/mhuagroup.com\/wp-content\/uploads\/2025\/11\/\u897f\u74dc\u68da\u8be6\u60c5-01_06.png 1600w\" sizes=\"(max-width: 1024px) 100vw, 1024px\" \/><\/p>\n<h3 style=\"text-align: center;\">Soigner les d\u00e9tails<\/h3>\n<p><img alt=\"\" decoding=\"async\" class=\"size-large wp-image-5282 aligncenter\" src=\"https:\/\/mhuagroup.com\/wp-content\/uploads\/2025\/11\/\u897f\u74dc\u68da\u8be6\u60c5-02_03-1024x472.jpg\" width=\"1024\" height=\"472\" srcset=\"https:\/\/mhuagroup.com\/wp-content\/uploads\/2025\/11\/\u897f\u74dc\u68da\u8be6\u60c5-02_03-1024x472.jpg 1024w, https:\/\/mhuagroup.com\/wp-content\/uploads\/2025\/11\/\u897f\u74dc\u68da\u8be6\u60c5-02_03-300x138.jpg 300w, https:\/\/mhuagroup.com\/wp-content\/uploads\/2025\/11\/\u897f\u74dc\u68da\u8be6\u60c5-02_03-768x354.jpg 768w, https:\/\/mhuagroup.com\/wp-content\/uploads\/2025\/11\/\u897f\u74dc\u68da\u8be6\u60c5-02_03-18x8.jpg 18w, https:\/\/mhuagroup.com\/wp-content\/uploads\/2025\/11\/\u897f\u74dc\u68da\u8be6\u60c5-02_03-600x277.jpg 600w, https:\/\/mhuagroup.com\/wp-content\/uploads\/2025\/11\/\u897f\u74dc\u68da\u8be6\u60c5-02_03.jpg 1114w\" sizes=\"(max-width: 1024px) 100vw, 1024px\" \/><\/p>\n<p><img alt=\"\" loading=\"lazy\" decoding=\"async\" class=\"size-large wp-image-5283 aligncenter\" src=\"https:\/\/mhuagroup.com\/wp-content\/uploads\/2025\/11\/\u897f\u74dc\u68da\u8be6\u60c5-02_06-1024x454.jpg\" width=\"1024\" height=\"454\" srcset=\"https:\/\/mhuagroup.com\/wp-content\/uploads\/2025\/11\/\u897f\u74dc\u68da\u8be6\u60c5-02_06-1024x454.jpg 1024w, https:\/\/mhuagroup.com\/wp-content\/uploads\/2025\/11\/\u897f\u74dc\u68da\u8be6\u60c5-02_06-300x133.jpg 300w, https:\/\/mhuagroup.com\/wp-content\/uploads\/2025\/11\/\u897f\u74dc\u68da\u8be6\u60c5-02_06-768x341.jpg 768w, https:\/\/mhuagroup.com\/wp-content\/uploads\/2025\/11\/\u897f\u74dc\u68da\u8be6\u60c5-02_06-18x8.jpg 18w, https:\/\/mhuagroup.com\/wp-content\/uploads\/2025\/11\/\u897f\u74dc\u68da\u8be6\u60c5-02_06-600x266.jpg 600w, https:\/\/mhuagroup.com\/wp-content\/uploads\/2025\/11\/\u897f\u74dc\u68da\u8be6\u60c5-02_06.jpg 1165w\" sizes=\"(max-width: 1024px) 100vw, 1024px\" \/> <img alt=\"\" loading=\"lazy\" decoding=\"async\" class=\"size-large wp-image-5284 aligncenter\" src=\"https:\/\/mhuagroup.com\/wp-content\/uploads\/2025\/11\/\u897f\u74dc\u68da\u8be6\u60c5-02_10-1024x442.png\" width=\"1024\" height=\"442\" srcset=\"https:\/\/mhuagroup.com\/wp-content\/uploads\/2025\/11\/\u897f\u74dc\u68da\u8be6\u60c5-02_10-1024x442.png 1024w, https:\/\/mhuagroup.com\/wp-content\/uploads\/2025\/11\/\u897f\u74dc\u68da\u8be6\u60c5-02_10-300x130.png 300w, https:\/\/mhuagroup.com\/wp-content\/uploads\/2025\/11\/\u897f\u74dc\u68da\u8be6\u60c5-02_10-768x332.png 768w, https:\/\/mhuagroup.com\/wp-content\/uploads\/2025\/11\/\u897f\u74dc\u68da\u8be6\u60c5-02_10-18x8.png 18w, https:\/\/mhuagroup.com\/wp-content\/uploads\/2025\/11\/\u897f\u74dc\u68da\u8be6\u60c5-02_10-600x259.png 600w, https:\/\/mhuagroup.com\/wp-content\/uploads\/2025\/11\/\u897f\u74dc\u68da\u8be6\u60c5-02_10.png 1186w\" sizes=\"(max-width: 1024px) 100vw, 1024px\" \/><\/p>\n<h3 style=\"text-align: center;\">Conception r\u00e9sistante au vent<\/h3>\n<p style=\"text-align: center;\">Bas\u00e9 sur le concept de la m\u00e9canique de la direction du vent, le cadre est renforc\u00e9, offrant une r\u00e9sistance au vent, une apparence \u00e9l\u00e9gante, des fonctions de parasol et de protection contre la pluie.<\/p>\n<p><img alt=\"\" loading=\"lazy\" decoding=\"async\" class=\"size-large wp-image-5285 aligncenter\" src=\"https:\/\/mhuagroup.com\/wp-content\/uploads\/2025\/11\/\u897f\u74dc\u68da\u8be6\u60c5-03_02-1024x861.png\" width=\"1024\" height=\"861\" srcset=\"https:\/\/mhuagroup.com\/wp-content\/uploads\/2025\/11\/\u897f\u74dc\u68da\u8be6\u60c5-03_02-1024x861.png 1024w, https:\/\/mhuagroup.com\/wp-content\/uploads\/2025\/11\/\u897f\u74dc\u68da\u8be6\u60c5-03_02-300x252.png 300w, https:\/\/mhuagroup.com\/wp-content\/uploads\/2025\/11\/\u897f\u74dc\u68da\u8be6\u60c5-03_02-768x646.png 768w, https:\/\/mhuagroup.com\/wp-content\/uploads\/2025\/11\/\u897f\u74dc\u68da\u8be6\u60c5-03_02-14x12.png 14w, https:\/\/mhuagroup.com\/wp-content\/uploads\/2025\/11\/\u897f\u74dc\u68da\u8be6\u60c5-03_02-600x504.png 600w, https:\/\/mhuagroup.com\/wp-content\/uploads\/2025\/11\/\u897f\u74dc\u68da\u8be6\u60c5-03_02.png 1344w\" sizes=\"(max-width: 1024px) 100vw, 1024px\" \/><\/p>\n<h3 style=\"text-align: center;\">Pare-soleil haut de gamme et auvent imperm\u00e9able de type past\u00e8que<\/h3>\n<p style=\"text-align: center;\">Pare-soleil compact et portable &amp; protection UV durable et de longue dur\u00e9e<\/p>\n<p><img alt=\"\" loading=\"lazy\" decoding=\"async\" class=\"size-large wp-image-5286 aligncenter\" src=\"https:\/\/mhuagroup.com\/wp-content\/uploads\/2025\/11\/\u897f\u74dc\u68da\u8be6\u60c5-04_02-1024x981.png\" width=\"1024\" height=\"981\" srcset=\"https:\/\/mhuagroup.com\/wp-content\/uploads\/2025\/11\/\u897f\u74dc\u68da\u8be6\u60c5-04_02-1024x981.png 1024w, https:\/\/mhuagroup.com\/wp-content\/uploads\/2025\/11\/\u897f\u74dc\u68da\u8be6\u60c5-04_02-300x287.png 300w, https:\/\/mhuagroup.com\/wp-content\/uploads\/2025\/11\/\u897f\u74dc\u68da\u8be6\u60c5-04_02-768x735.png 768w, https:\/\/mhuagroup.com\/wp-content\/uploads\/2025\/11\/\u897f\u74dc\u68da\u8be6\u60c5-04_02-13x12.png 13w, https:\/\/mhuagroup.com\/wp-content\/uploads\/2025\/11\/\u897f\u74dc\u68da\u8be6\u60c5-04_02-600x575.png 600w, https:\/\/mhuagroup.com\/wp-content\/uploads\/2025\/11\/\u897f\u74dc\u68da\u8be6\u60c5-04_02.png 1344w\" sizes=\"(max-width: 1024px) 100vw, 1024px\" \/><\/p>\n<h3 style=\"text-align: center;\">Pare-soleil Protection UV<\/h3>\n<p style=\"text-align: center;\">Des mat\u00e9riaux professionnels de protection solaire sont adopt\u00e9s pour r\u00e9sister efficacement aux rayons UV.<\/p>\n<p><img alt=\"\" loading=\"lazy\" decoding=\"async\" class=\"size-large wp-image-5287 aligncenter\" src=\"https:\/\/mhuagroup.com\/wp-content\/uploads\/2025\/11\/\u897f\u74dc\u68da\u8be6\u60c5-05_02-947x1024.png\" width=\"947\" height=\"1024\" srcset=\"https:\/\/mhuagroup.com\/wp-content\/uploads\/2025\/11\/\u897f\u74dc\u68da\u8be6\u60c5-05_02-947x1024.png 947w, https:\/\/mhuagroup.com\/wp-content\/uploads\/2025\/11\/\u897f\u74dc\u68da\u8be6\u60c5-05_02-277x300.png 277w, https:\/\/mhuagroup.com\/wp-content\/uploads\/2025\/11\/\u897f\u74dc\u68da\u8be6\u60c5-05_02-768x831.png 768w, https:\/\/mhuagroup.com\/wp-content\/uploads\/2025\/11\/\u897f\u74dc\u68da\u8be6\u60c5-05_02-11x12.png 11w, https:\/\/mhuagroup.com\/wp-content\/uploads\/2025\/11\/\u897f\u74dc\u68da\u8be6\u60c5-05_02-600x649.png 600w, https:\/\/mhuagroup.com\/wp-content\/uploads\/2025\/11\/\u897f\u74dc\u68da\u8be6\u60c5-05_02.png 1344w\" sizes=\"(max-width: 947px) 100vw, 947px\" \/><\/p>\n<h3 style=\"text-align: center;\">Tissu d'ext\u00e9rieur haute densit\u00e9<\/h3>\n<p style=\"text-align: center;\">Durable et de longue dur\u00e9e Forme \u00e9l\u00e9gante Lignes douces et bonne r\u00e9sistance \u00e0 la lumi\u00e8re R\u00e9sistant aux moisissures R\u00e9sistant aux mites et ne se d\u00e9colorant pas<\/p>\n<p><img alt=\"\" loading=\"lazy\" decoding=\"async\" class=\"size-large wp-image-5288 aligncenter\" src=\"https:\/\/mhuagroup.com\/wp-content\/uploads\/2025\/11\/\u897f\u74dc\u68da\u8be6\u60c5-06_03-1024x893.png\" width=\"1024\" height=\"893\" srcset=\"https:\/\/mhuagroup.com\/wp-content\/uploads\/2025\/11\/\u897f\u74dc\u68da\u8be6\u60c5-06_03-1024x893.png 1024w, https:\/\/mhuagroup.com\/wp-content\/uploads\/2025\/11\/\u897f\u74dc\u68da\u8be6\u60c5-06_03-300x262.png 300w, https:\/\/mhuagroup.com\/wp-content\/uploads\/2025\/11\/\u897f\u74dc\u68da\u8be6\u60c5-06_03-768x670.png 768w, https:\/\/mhuagroup.com\/wp-content\/uploads\/2025\/11\/\u897f\u74dc\u68da\u8be6\u60c5-06_03-14x12.png 14w, https:\/\/mhuagroup.com\/wp-content\/uploads\/2025\/11\/\u897f\u74dc\u68da\u8be6\u60c5-06_03-600x523.png 600w, https:\/\/mhuagroup.com\/wp-content\/uploads\/2025\/11\/\u897f\u74dc\u68da\u8be6\u60c5-06_03.png 1204w\" sizes=\"(max-width: 1024px) 100vw, 1024px\" \/> <img alt=\"\" loading=\"lazy\" decoding=\"async\" class=\"size-large wp-image-5289 aligncenter\" src=\"https:\/\/mhuagroup.com\/wp-content\/uploads\/2025\/11\/\u897f\u74dc\u68da\u8be6\u60c5-06_07-1024x638.png\" width=\"1024\" height=\"638\" srcset=\"https:\/\/mhuagroup.com\/wp-content\/uploads\/2025\/11\/\u897f\u74dc\u68da\u8be6\u60c5-06_07-1024x638.png 1024w, https:\/\/mhuagroup.com\/wp-content\/uploads\/2025\/11\/\u897f\u74dc\u68da\u8be6\u60c5-06_07-300x187.png 300w, https:\/\/mhuagroup.com\/wp-content\/uploads\/2025\/11\/\u897f\u74dc\u68da\u8be6\u60c5-06_07-768x478.png 768w, https:\/\/mhuagroup.com\/wp-content\/uploads\/2025\/11\/\u897f\u74dc\u68da\u8be6\u60c5-06_07-18x12.png 18w, https:\/\/mhuagroup.com\/wp-content\/uploads\/2025\/11\/\u897f\u74dc\u68da\u8be6\u60c5-06_07-600x374.png 600w, https:\/\/mhuagroup.com\/wp-content\/uploads\/2025\/11\/\u897f\u74dc\u68da\u8be6\u60c5-06_07.png 1246w\" sizes=\"(max-width: 1024px) 100vw, 1024px\" \/><\/p>\n<h3 style=\"text-align: center;\">Le souci du d\u00e9tail, c'est la garantie de la qualit\u00e9<\/h3>\n<p style=\"text-align: center;\">Chaque d\u00e9tail refl\u00e8te l'ing\u00e9niosit\u00e9 d'une conception m\u00e9ticuleuse.<\/p>\n<p><img alt=\"\" loading=\"lazy\" decoding=\"async\" class=\"size-large wp-image-5290 aligncenter\" src=\"https:\/\/mhuagroup.com\/wp-content\/uploads\/2025\/11\/\u897f\u74dc\u68da\u8be6\u60c5-07_03-1024x1016.png\" width=\"1024\" height=\"1016\" srcset=\"https:\/\/mhuagroup.com\/wp-content\/uploads\/2025\/11\/\u897f\u74dc\u68da\u8be6\u60c5-07_03-1024x1016.png 1024w, https:\/\/mhuagroup.com\/wp-content\/uploads\/2025\/11\/\u897f\u74dc\u68da\u8be6\u60c5-07_03-300x298.png 300w, https:\/\/mhuagroup.com\/wp-content\/uploads\/2025\/11\/\u897f\u74dc\u68da\u8be6\u60c5-07_03-150x150.png 150w, https:\/\/mhuagroup.com\/wp-content\/uploads\/2025\/11\/\u897f\u74dc\u68da\u8be6\u60c5-07_03-768x762.png 768w, https:\/\/mhuagroup.com\/wp-content\/uploads\/2025\/11\/\u897f\u74dc\u68da\u8be6\u60c5-07_03-12x12.png 12w, https:\/\/mhuagroup.com\/wp-content\/uploads\/2025\/11\/\u897f\u74dc\u68da\u8be6\u60c5-07_03-600x595.png 600w, https:\/\/mhuagroup.com\/wp-content\/uploads\/2025\/11\/\u897f\u74dc\u68da\u8be6\u60c5-07_03-100x100.png 100w, https:\/\/mhuagroup.com\/wp-content\/uploads\/2025\/11\/\u897f\u74dc\u68da\u8be6\u60c5-07_03.png 1284w\" sizes=\"(max-width: 1024px) 100vw, 1024px\" \/><\/p>\n<h3 style=\"text-align: center;\">Fonction de resserrement automatique du tissu<\/h3>\n<p style=\"text-align: center;\">Structure interne pr\u00e9cise : r\u00e9sistante \u00e0 l'usure et robuste, elle \u00e9vite les d\u00e9formations dues \u00e0 la pression de l'eau de pluie.<\/p>\n<p><img alt=\"\" loading=\"lazy\" decoding=\"async\" class=\"size-large wp-image-5293 aligncenter\" src=\"https:\/\/mhuagroup.com\/wp-content\/uploads\/2025\/11\/\u897f\u74dc\u68da\u8be6\u60c5-08_02-1024x393.png\" width=\"1024\" height=\"393\" srcset=\"https:\/\/mhuagroup.com\/wp-content\/uploads\/2025\/11\/\u897f\u74dc\u68da\u8be6\u60c5-08_02-1024x393.png 1024w, https:\/\/mhuagroup.com\/wp-content\/uploads\/2025\/11\/\u897f\u74dc\u68da\u8be6\u60c5-08_02-300x115.png 300w, https:\/\/mhuagroup.com\/wp-content\/uploads\/2025\/11\/\u897f\u74dc\u68da\u8be6\u60c5-08_02-768x295.png 768w, https:\/\/mhuagroup.com\/wp-content\/uploads\/2025\/11\/\u897f\u74dc\u68da\u8be6\u60c5-08_02-18x7.png 18w, https:\/\/mhuagroup.com\/wp-content\/uploads\/2025\/11\/\u897f\u74dc\u68da\u8be6\u60c5-08_02-600x230.png 600w, https:\/\/mhuagroup.com\/wp-content\/uploads\/2025\/11\/\u897f\u74dc\u68da\u8be6\u60c5-08_02.png 1344w\" sizes=\"(max-width: 1024px) 100vw, 1024px\" \/> <img alt=\"\" loading=\"lazy\" decoding=\"async\" class=\"size-large wp-image-5294 aligncenter\" src=\"https:\/\/mhuagroup.com\/wp-content\/uploads\/2025\/11\/\u897f\u74dc\u68da\u8be6\u60c5-08_03-1024x392.png\" width=\"1024\" height=\"392\" srcset=\"https:\/\/mhuagroup.com\/wp-content\/uploads\/2025\/11\/\u897f\u74dc\u68da\u8be6\u60c5-08_03-1024x392.png 1024w, https:\/\/mhuagroup.com\/wp-content\/uploads\/2025\/11\/\u897f\u74dc\u68da\u8be6\u60c5-08_03-300x115.png 300w, https:\/\/mhuagroup.com\/wp-content\/uploads\/2025\/11\/\u897f\u74dc\u68da\u8be6\u60c5-08_03-768x294.png 768w, https:\/\/mhuagroup.com\/wp-content\/uploads\/2025\/11\/\u897f\u74dc\u68da\u8be6\u60c5-08_03-18x7.png 18w, https:\/\/mhuagroup.com\/wp-content\/uploads\/2025\/11\/\u897f\u74dc\u68da\u8be6\u60c5-08_03-600x230.png 600w, https:\/\/mhuagroup.com\/wp-content\/uploads\/2025\/11\/\u897f\u74dc\u68da\u8be6\u60c5-08_03.png 1344w\" sizes=\"(max-width: 1024px) 100vw, 1024px\" \/> <img alt=\"\" loading=\"lazy\" decoding=\"async\" class=\"size-large wp-image-5295 aligncenter\" src=\"https:\/\/mhuagroup.com\/wp-content\/uploads\/2025\/11\/\u897f\u74dc\u68da\u8be6\u60c5-08_04-1024x393.png\" width=\"1024\" height=\"393\" srcset=\"https:\/\/mhuagroup.com\/wp-content\/uploads\/2025\/11\/\u897f\u74dc\u68da\u8be6\u60c5-08_04-1024x393.png 1024w, https:\/\/mhuagroup.com\/wp-content\/uploads\/2025\/11\/\u897f\u74dc\u68da\u8be6\u60c5-08_04-300x115.png 300w, https:\/\/mhuagroup.com\/wp-content\/uploads\/2025\/11\/\u897f\u74dc\u68da\u8be6\u60c5-08_04-768x295.png 768w, https:\/\/mhuagroup.com\/wp-content\/uploads\/2025\/11\/\u897f\u74dc\u68da\u8be6\u60c5-08_04-18x7.png 18w, https:\/\/mhuagroup.com\/wp-content\/uploads\/2025\/11\/\u897f\u74dc\u68da\u8be6\u60c5-08_04-600x230.png 600w, https:\/\/mhuagroup.com\/wp-content\/uploads\/2025\/11\/\u897f\u74dc\u68da\u8be6\u60c5-08_04.png 1344w\" sizes=\"(max-width: 1024px) 100vw, 1024px\" \/><\/p>\n<p>&nbsp;<\/p>\n<p><strong>R\u00e9alisations en mati\u00e8re de coop\u00e9ration renforc\u00e9es<\/strong>: Nous avons fourni des solutions personnalis\u00e9es pour des caf\u00e9s, des restaurants, des entreprises sportives et culturelles, des magasins de rue ancienne, des vendeurs de march\u00e9 nocturne et d'autres op\u00e9rateurs. Nous avons obtenu des r\u00e9sultats tangibles tels qu'une augmentation de 20% de la fr\u00e9quentation des clients et une expansion de 40% de l'espace commercial, la r\u00e9putation du march\u00e9 validant notre capacit\u00e9 \u00e0 nous adapter \u00e0 divers sc\u00e9narios commerciaux.<\/p>\n<p><strong>De fortes capacit\u00e9s de production et d'ex\u00e9cution<\/strong>: La capacit\u00e9 de production annuelle d\u00e9passe les 10 000 m\u00e8tres carr\u00e9s. La conception modulaire permet un d\u00e9ploiement rapide, avec un temps d'ouverture \u00e9lectrique de 30 secondes et une livraison rapide dans les 7 \u00e0 10 jours. Nous proposons des services OEM\/ODM dans de nombreux sc\u00e9narios, avec un taux de pr\u00e9fabrication des composants de 90% et une r\u00e9duction de 60% des heures de travail li\u00e9es \u00e0 l'installation.<\/p>\n<p><strong>Soutien suffisant aux stocks<\/strong>: Nous maintenons des stocks r\u00e9guliers pour les principaux mod\u00e8les, avec une quantit\u00e9 minimale de commande aussi basse qu'un jeu. Cela nous permet de r\u00e9pondre \u00e0 la fois aux besoins de commandes d'essai en petits lots et aux besoins d'approvisionnement \u00e0 grande \u00e9chelle. Associ\u00e9e \u00e0 des services de livraison directe transfrontali\u00e8re, notre logistique est efficace et g\u00e9rable.<\/p>","protected":false},"excerpt":{"rendered":"<p>1. une conception m\u00e9ticuleuse<br \/>\n2. tissu d'ext\u00e9rieur haute densit\u00e9<br \/>\n3.Tissu Fonction de serrage automatique<\/p>","protected":false},"featured_media":5592,"template":"","meta":{"_seopress_robots_primary_cat":"none","_seopress_titles_title":"%%post_title%%","_seopress_titles_desc":"%%post_excerpt%%","_seopress_robots_index":"","_uag_custom_page_level_css":"","site-sidebar-layout":"default","site-content-layout":"","ast-site-content-layout":"default","site-content-style":"default","site-sidebar-style":"default","ast-global-header-display":"","ast-banner-title-visibility":"","ast-main-header-display":"","ast-hfb-above-header-display":"","ast-hfb-below-header-display":"","ast-hfb-mobile-header-display":"","site-post-title":"","ast-breadcrumbs-content":"","ast-featured-img":"","footer-sml-layout":"","ast-disable-related-posts":"","theme-transparent-header-meta":"default","adv-header-id-meta":"","stick-header-meta":"default","header-above-stick-meta":"","header-main-stick-meta":"","header-below-stick-meta":"","astra-migrate-meta-layouts":"set","ast-page-background-enabled":"default","ast-page-background-meta":{"desktop":{"background-color":"","background-image":"","background-repeat":"repeat","background-position":"center center","background-size":"auto","background-attachment":"scroll","background-type":"","background-media":"","overlay-type":"","overlay-color":"","overlay-opacity":"","overlay-gradient":""},"tablet":{"background-color":"","background-image":"","background-repeat":"repeat","background-position":"center center","background-size":"auto","background-attachment":"scroll","background-type":"","background-media":"","overlay-type":"","overlay-color":"","overlay-opacity":"","overlay-gradient":""},"mobile":{"background-color":"","background-image":"","background-repeat":"repeat","background-position":"center center","background-size":"auto","background-attachment":"scroll","background-type":"","background-media":"","overlay-type":"","overlay-color":"","overlay-opacity":"","overlay-gradient":""}},"ast-content-background-meta":{"desktop":{"background-color":"var(--ast-global-color-5)","background-image":"","background-repeat":"repeat","background-position":"center center","background-size":"auto","background-attachment":"scroll","background-type":"","background-media":"","overlay-type":"","overlay-color":"","overlay-opacity":"","overlay-gradient":""},"tablet":{"background-color":"var(--ast-global-color-5)","background-image":"","background-repeat":"repeat","background-position":"center center","background-size":"auto","background-attachment":"scroll","background-type":"","background-media":"","overlay-type":"","overlay-color":"","overlay-opacity":"","overlay-gradient":""},"mobile":{"background-color":"var(--ast-global-color-5)","background-image":"","background-repeat":"repeat","background-position":"center center","background-size":"auto","background-attachment":"scroll","background-type":"","background-media":"","overlay-type":"","overlay-color":"","overlay-opacity":"","overlay-gradient":""}}},"product_brand":[],"product_cat":[62],"product_tag":[],"class_list":{"0":"post-5267","1":"product","2":"type-product","3":"status-publish","4":"has-post-thumbnail","6":"product_cat-awning","7":"desktop-align-center","8":"tablet-align-left","9":"mobile-align-left","10":"ast-product-gallery-layout-horizontal-slider","11":"ast-product-tabs-layout-horizontal","13":"first","14":"instock","15":"featured","16":"shipping-taxable","17":"product-type-simple"},"uagb_featured_image_src":{"full":["https:\/\/mhuagroup.com\/wp-content\/uploads\/2025\/11\/\u897f\u74dc\u906e\u9633\u68da-3-1.jpg",1667,1667,false],"thumbnail":["https:\/\/mhuagroup.com\/wp-content\/uploads\/2025\/11\/\u897f\u74dc\u906e\u9633\u68da-3-1-150x150.jpg",150,150,true],"medium":["https:\/\/mhuagroup.com\/wp-content\/uploads\/2025\/11\/\u897f\u74dc\u906e\u9633\u68da-3-1-300x300.jpg",300,300,true],"medium_large":["https:\/\/mhuagroup.com\/wp-content\/uploads\/2025\/11\/\u897f\u74dc\u906e\u9633\u68da-3-1-768x768.jpg",768,768,true],"large":["https:\/\/mhuagroup.com\/wp-content\/uploads\/2025\/11\/\u897f\u74dc\u906e\u9633\u68da-3-1-1024x1024.jpg",1024,1024,true],"1536x1536":["https:\/\/mhuagroup.com\/wp-content\/uploads\/2025\/11\/\u897f\u74dc\u906e\u9633\u68da-3-1-1536x1536.jpg",1536,1536,true],"2048x2048":["https:\/\/mhuagroup.com\/wp-content\/uploads\/2025\/11\/\u897f\u74dc\u906e\u9633\u68da-3-1.jpg",1667,1667,false],"trp-custom-language-flag":["https:\/\/mhuagroup.com\/wp-content\/uploads\/2025\/11\/\u897f\u74dc\u906e\u9633\u68da-3-1-12x12.jpg",12,12,true],"woocommerce_thumbnail":["https:\/\/mhuagroup.com\/wp-content\/uploads\/2025\/11\/\u897f\u74dc\u906e\u9633\u68da-3-1-300x300.jpg",300,300,true],"woocommerce_single":["https:\/\/mhuagroup.com\/wp-content\/uploads\/2025\/11\/\u897f\u74dc\u906e\u9633\u68da-3-1-600x600.jpg",600,600,true],"woocommerce_gallery_thumbnail":["https:\/\/mhuagroup.com\/wp-content\/uploads\/2025\/11\/\u897f\u74dc\u906e\u9633\u68da-3-1-100x100.jpg",100,100,true]},"uagb_author_info":{"display_name":"jinxing6611@gmail.com","author_link":"https:\/\/mhuagroup.com\/fr\/author\/"},"uagb_comment_info":0,"uagb_excerpt":"1.Meticulous Design 2.High-Density Outdoor Fabric 3.Fabric Automatic Tightening Function","_links":{"self":[{"href":"https:\/\/mhuagroup.com\/fr\/wp-json\/wp\/v2\/product\/5267","targetHints":{"allow":["GET"]}}],"collection":[{"href":"https:\/\/mhuagroup.com\/fr\/wp-json\/wp\/v2\/product"}],"about":[{"href":"https:\/\/mhuagroup.com\/fr\/wp-json\/wp\/v2\/types\/product"}],"version-history":[{"count":14,"href":"https:\/\/mhuagroup.com\/fr\/wp-json\/wp\/v2\/product\/5267\/revisions"}],"predecessor-version":[{"id":5825,"href":"https:\/\/mhuagroup.com\/fr\/wp-json\/wp\/v2\/product\/5267\/revisions\/5825"}],"wp:featuredmedia":[{"embeddable":true,"href":"https:\/\/mhuagroup.com\/fr\/wp-json\/wp\/v2\/media\/5592"}],"wp:attachment":[{"href":"https:\/\/mhuagroup.com\/fr\/wp-json\/wp\/v2\/media?parent=5267"}],"wp:term":[{"taxonomy":"product_brand","embeddable":true,"href":"https:\/\/mhuagroup.com\/fr\/wp-json\/wp\/v2\/product_brand?post=5267"},{"taxonomy":"product_cat","embeddable":true,"href":"https:\/\/mhuagroup.com\/fr\/wp-json\/wp\/v2\/product_cat?post=5267"},{"taxonomy":"product_tag","embeddable":true,"href":"https:\/\/mhuagroup.com\/fr\/wp-json\/wp\/v2\/product_tag?post=5267"}],"curies":[{"name":"wp","href":"https:\/\/api.w.org\/{rel}","templated":true}]}}