{"id":5303,"date":"2025-11-21T06:18:24","date_gmt":"2025-11-21T06:18:24","guid":{"rendered":"https:\/\/mhuagroup.com\/?post_type=product&#038;p=5303"},"modified":"2025-12-04T01:52:11","modified_gmt":"2025-12-04T01:52:11","slug":"model-147-lightweight-flip-over-louvered-pergola","status":"publish","type":"product","link":"https:\/\/mhuagroup.com\/fr\/produit\/model-147-lightweight-flip-over-louvered-pergola\/","title":{"rendered":"Mod\u00e8le 147 Pergola l\u00e9g\u00e8re \u00e0 persiennes basculantes"},"content":{"rendered":"<h3>Un pavillon pratique con\u00e7u pour l'exportation en masse<\/h3>\n<p>Le mod\u00e8le 147 se caract\u00e9rise par un design concis et l\u00e9ger, fabriqu\u00e9 \u00e0 partir d'un alliage d'aluminium de haute qualit\u00e9 avec un rev\u00eatement en poudre haute densit\u00e9 pour r\u00e9sister \u00e0 la rouille et \u00e0 la corrosion, ce qui garantit sa robustesse et sa durabilit\u00e9.<br \/>\nDes versions \u00e9lectriques et manuelles sont disponibles, ainsi qu'un syst\u00e8me d'\u00e9clairage en option.<br \/>\nLe mod\u00e8le 147 n'est produit que pour des commandes de taille standard, ce qui le rend adapt\u00e9 aux clients engag\u00e9s dans le commerce de gros en vrac et l'exportation de produits \u00e9trangers pour \u00e9tendre rapidement leurs march\u00e9s.<\/p>\n<p><img alt=\"\" fetchpriority=\"high\" decoding=\"async\" class=\"size-large wp-image-5309 aligncenter\" src=\"https:\/\/mhuagroup.com\/wp-content\/uploads\/2025\/11\/\u51c9\u4ead-17-1024x1024.jpg\" width=\"1024\" height=\"1024\" srcset=\"https:\/\/mhuagroup.com\/wp-content\/uploads\/2025\/11\/\u51c9\u4ead-17-1024x1024.jpg 1024w, https:\/\/mhuagroup.com\/wp-content\/uploads\/2025\/11\/\u51c9\u4ead-17-300x300.jpg 300w, https:\/\/mhuagroup.com\/wp-content\/uploads\/2025\/11\/\u51c9\u4ead-17-150x150.jpg 150w, https:\/\/mhuagroup.com\/wp-content\/uploads\/2025\/11\/\u51c9\u4ead-17-768x768.jpg 768w, https:\/\/mhuagroup.com\/wp-content\/uploads\/2025\/11\/\u51c9\u4ead-17-1536x1536.jpg 1536w, https:\/\/mhuagroup.com\/wp-content\/uploads\/2025\/11\/\u51c9\u4ead-17-12x12.jpg 12w, https:\/\/mhuagroup.com\/wp-content\/uploads\/2025\/11\/\u51c9\u4ead-17-600x600.jpg 600w, https:\/\/mhuagroup.com\/wp-content\/uploads\/2025\/11\/\u51c9\u4ead-17-100x100.jpg 100w, https:\/\/mhuagroup.com\/wp-content\/uploads\/2025\/11\/\u51c9\u4ead-17.jpg 1667w\" sizes=\"(max-width: 1024px) 100vw, 1024px\" \/><\/p>\n<p><img alt=\"\" decoding=\"async\" class=\"size-large wp-image-5308 aligncenter\" src=\"https:\/\/mhuagroup.com\/wp-content\/uploads\/2025\/11\/\u51c9\u4ead-9-1024x1024.jpg\" width=\"1024\" height=\"1024\" srcset=\"https:\/\/mhuagroup.com\/wp-content\/uploads\/2025\/11\/\u51c9\u4ead-9-1024x1024.jpg 1024w, https:\/\/mhuagroup.com\/wp-content\/uploads\/2025\/11\/\u51c9\u4ead-9-300x300.jpg 300w, https:\/\/mhuagroup.com\/wp-content\/uploads\/2025\/11\/\u51c9\u4ead-9-150x150.jpg 150w, https:\/\/mhuagroup.com\/wp-content\/uploads\/2025\/11\/\u51c9\u4ead-9-768x768.jpg 768w, https:\/\/mhuagroup.com\/wp-content\/uploads\/2025\/11\/\u51c9\u4ead-9-1536x1536.jpg 1536w, https:\/\/mhuagroup.com\/wp-content\/uploads\/2025\/11\/\u51c9\u4ead-9-12x12.jpg 12w, https:\/\/mhuagroup.com\/wp-content\/uploads\/2025\/11\/\u51c9\u4ead-9-600x600.jpg 600w, https:\/\/mhuagroup.com\/wp-content\/uploads\/2025\/11\/\u51c9\u4ead-9-100x100.jpg 100w, https:\/\/mhuagroup.com\/wp-content\/uploads\/2025\/11\/\u51c9\u4ead-9.jpg 1667w\" sizes=\"(max-width: 1024px) 100vw, 1024px\" \/><\/p>\n<div><img alt=\"\" decoding=\"async\" class=\"wp-image-5315 size-large aligncenter\" src=\"https:\/\/mhuagroup.com\/wp-content\/uploads\/2025\/11\/ScreenShot_2025-11-21_144526_829-2-1024x389.png\" width=\"1024\" height=\"389\" srcset=\"https:\/\/mhuagroup.com\/wp-content\/uploads\/2025\/11\/ScreenShot_2025-11-21_144526_829-2-1024x389.png 1024w, https:\/\/mhuagroup.com\/wp-content\/uploads\/2025\/11\/ScreenShot_2025-11-21_144526_829-2-300x114.png 300w, https:\/\/mhuagroup.com\/wp-content\/uploads\/2025\/11\/ScreenShot_2025-11-21_144526_829-2-768x292.png 768w, https:\/\/mhuagroup.com\/wp-content\/uploads\/2025\/11\/ScreenShot_2025-11-21_144526_829-2-18x7.png 18w, https:\/\/mhuagroup.com\/wp-content\/uploads\/2025\/11\/ScreenShot_2025-11-21_144526_829-2-600x228.png 600w, https:\/\/mhuagroup.com\/wp-content\/uploads\/2025\/11\/ScreenShot_2025-11-21_144526_829-2.png 1477w\" sizes=\"(max-width: 1024px) 100vw, 1024px\" \/><\/div>\n<h4><strong>Param\u00e8tres d'emballage<\/strong><\/h4>\n<p>&nbsp;<\/p>\n<table>\n<tbody>\n<tr>\n<td width=\"264\">Caract\u00e9ristiques techniques(m)<\/td>\n<td width=\"425\">Poids net<\/td>\n<td width=\"425\">Poids brut<\/td>\n<td width=\"425\">Emballage de la colonne (mm)<\/td>\n<td width=\"425\">Emballage de la traverse (mm)<\/td>\n<td width=\"425\">Emballage de la lame (mm)<\/td>\n<td width=\"425\">Lames<\/td>\n<\/tr>\n<tr>\n<td width=\"264\">2.5 x 3<\/td>\n<td width=\"425\">103 kg<\/td>\n<td width=\"425\">129 kg<\/td>\n<td width=\"425\">2550*290*290*1<\/td>\n<td width=\"425\">2970*230*260*1<\/td>\n<td width=\"425\">2460*370*210*1<\/td>\n<td width=\"425\">Simple couche<\/td>\n<\/tr>\n<tr>\n<td width=\"264\">3 x 3<\/td>\n<td width=\"425\">113 kg<\/td>\n<td width=\"425\">141 kg<\/td>\n<td width=\"425\">2550*290*290*1<\/td>\n<td width=\"425\">2970*230*260*1<\/td>\n<td width=\"425\">2960*370*210*1<\/td>\n<td width=\"425\">Simple couche<\/td>\n<\/tr>\n<tr>\n<td width=\"264\">3 x 3.6<\/td>\n<td width=\"425\">125 kg<\/td>\n<td width=\"425\">155 kg<\/td>\n<td width=\"425\">2550*290*290*1<\/td>\n<td width=\"425\">3570*230*260*1<\/td>\n<td width=\"425\">2960*370*260*1<\/td>\n<td width=\"425\">Simple couche<\/td>\n<\/tr>\n<tr>\n<td width=\"264\">3 x 4<\/td>\n<td width=\"425\">136 kg<\/td>\n<td width=\"425\">167 kg<\/td>\n<td width=\"425\">2550*290*290*1<\/td>\n<td width=\"425\">3970*230*260*1<\/td>\n<td width=\"425\">2960*370*290*1<\/td>\n<td width=\"425\">Simple couche<\/td>\n<\/tr>\n<tr>\n<td width=\"264\">4 x 4<\/td>\n<td width=\"425\">190 kg<\/td>\n<td width=\"425\">223 kg<\/td>\n<td width=\"425\">2550*290*290*1<\/td>\n<td width=\"425\">3970*230*260*1<\/td>\n<td width=\"425\">3960*180*290*2<\/td>\n<td width=\"425\">Double couche<\/td>\n<\/tr>\n<tr>\n<td width=\"264\">3 x 6<\/td>\n<td width=\"425\">185 kg<\/td>\n<td width=\"425\">220 kg<\/td>\n<td width=\"425\">2550*290*290*1<\/td>\n<td width=\"425\">2970*305*260*1<\/td>\n<td width=\"425\">2960*370*210*2<\/td>\n<td width=\"425\">Simple couche<\/td>\n<\/tr>\n<\/tbody>\n<\/table>\n<h3>Avantages du produit<\/h3>\n<p>1.<strong>Structure enti\u00e8rement en alliage d'aluminium<\/strong><br \/>\nFabriqu\u00e9 en alliage d'aluminium, il est tr\u00e8s r\u00e9sistant et l\u00e9ger. L'alliage d'aluminium lui-m\u00eame ne rouille pas, ce qui prolonge la dur\u00e9e de vie du pavillon.<br \/>\n2.<strong>Pulv\u00e9risation de poudre \u00e0 haute densit\u00e9<\/strong><br \/>\nLa surface du pavillon est pulv\u00e9ris\u00e9e avec un m\u00e9lange de poudre haute densit\u00e9 de diamant polycristallin compact (PDC), de plastique et de r\u00e9sine, ce qui rend la surface du mat\u00e9riau inoxydable, sans entretien, s\u00fbre, respectueuse de l'environnement et sans formald\u00e9hyde. Il r\u00e9siste aux acides et aux alcalis et ne se d\u00e9colore pas pendant 10 ans.<br \/>\n3.<strong>Bande lumineuse bicolore froide et chaude<\/strong><br \/>\n147 Le pavillon utilise des bandes lumineuses bicolores froides et chaudes inclin\u00e9es \u00e0 45\u00b0 vers le bas. Il est possible de passer d'une couleur froide \u00e0 une couleur chaude en un seul clic, et la luminosit\u00e9 peut \u00e9galement \u00eatre r\u00e9gl\u00e9e, ce qui rend l'utilisation plus pratique.<\/p>\n<p><img alt=\"\" loading=\"lazy\" decoding=\"async\" class=\"alignnone size-full wp-image-5318\" src=\"https:\/\/mhuagroup.com\/wp-content\/uploads\/2025\/11\/ScreenShot_2025-11-21_151631_738.png\" width=\"300\" height=\"221\" srcset=\"https:\/\/mhuagroup.com\/wp-content\/uploads\/2025\/11\/ScreenShot_2025-11-21_151631_738.png 300w, https:\/\/mhuagroup.com\/wp-content\/uploads\/2025\/11\/ScreenShot_2025-11-21_151631_738-16x12.png 16w\" sizes=\"(max-width: 300px) 100vw, 300px\" \/> <img alt=\"\" loading=\"lazy\" decoding=\"async\" class=\"alignnone wp-image-5816\" src=\"https:\/\/mhuagroup.com\/wp-content\/uploads\/2025\/11\/\u51c9\u4ead-2-300x300.jpg\" width=\"221\" height=\"221\" \/> <img alt=\"\" loading=\"lazy\" decoding=\"async\" class=\"alignnone wp-image-5322 size-full\" src=\"https:\/\/mhuagroup.com\/wp-content\/uploads\/2025\/11\/WPS\u56fe\u72471-1.png\" width=\"335\" height=\"225\" srcset=\"https:\/\/mhuagroup.com\/wp-content\/uploads\/2025\/11\/WPS\u56fe\u72471-1.png 335w, https:\/\/mhuagroup.com\/wp-content\/uploads\/2025\/11\/WPS\u56fe\u72471-1-300x201.png 300w, https:\/\/mhuagroup.com\/wp-content\/uploads\/2025\/11\/WPS\u56fe\u72471-1-18x12.png 18w\" sizes=\"(max-width: 335px) 100vw, 335px\" \/> <img alt=\"\" loading=\"lazy\" decoding=\"async\" class=\"alignnone size-large wp-image-5321\" src=\"https:\/\/mhuagroup.com\/wp-content\/uploads\/2025\/11\/WPS\u56fe\u72472.png\" width=\"335\" height=\"225\" srcset=\"https:\/\/mhuagroup.com\/wp-content\/uploads\/2025\/11\/WPS\u56fe\u72472.png 335w, https:\/\/mhuagroup.com\/wp-content\/uploads\/2025\/11\/WPS\u56fe\u72472-300x201.png 300w, https:\/\/mhuagroup.com\/wp-content\/uploads\/2025\/11\/WPS\u56fe\u72472-18x12.png 18w\" sizes=\"(max-width: 335px) 100vw, 335px\" \/><\/p>\n<h3>Meilleure vente Taille :<b>3 x N<\/b><\/h3>\n<ol>\n<li>La plus grande quantit\u00e9 et la plus grande couverture (La gamme de taille avec le plus grand nombre de ventes de pavillons est de 3-4 m\u00e8tres : 3.Nx4.N, de sorte que la taille standard de 147 mod\u00e8les peut essentiellement couvrir les tailles d'utilisation requises par la plupart des utilisateurs ;)<\/li>\n<li>Configuration ext\u00e9rieure standard rapide et efficace (Le pavillon de type 147 offre aux utilisateurs le moyen le plus \u00e9conomique de disposer d'un espace ext\u00e9rieur. Ses principaux principes sont l'\u00e9conomie, la commodit\u00e9 et l'efficacit\u00e9. Il permet \u00e0 des produits initialement non standard de b\u00e9n\u00e9ficier des avantages des produits standard, maximisant ainsi les avantages \u00e9conomiques des clients.  Si les clients ont des exigences plus \u00e9lev\u00e9es, nous pouvons \u00e9galement fournir des solutions personnalis\u00e9es pour les pavillons de type 175 et 220.)<\/li>\n<li>Ouvrir rapidement le march\u00e9 (les produits personnalis\u00e9s non standard ont un cycle de vente long et des co\u00fbts \u00e9lev\u00e9s. Dans le contexte d'un march\u00e9 mondialis\u00e9, si l'on veut promouvoir rapidement des produits sur le march\u00e9 ext\u00e9rieur, des stocks suffisants, un cycle court, un recouvrement rapide des paiements, un service apr\u00e8s-vente r\u00e9duit, une grande efficacit\u00e9 et un faible co\u00fbt sont les facteurs cl\u00e9s de la r\u00e9ussite).<\/li>\n<\/ol>\n<p><img alt=\"\" loading=\"lazy\" decoding=\"async\" class=\"wp-image-5324 size-full aligncenter\" src=\"https:\/\/mhuagroup.com\/wp-content\/uploads\/2025\/11\/WPS\u56fe\u72471-2.png\" width=\"1000\" height=\"771\" srcset=\"https:\/\/mhuagroup.com\/wp-content\/uploads\/2025\/11\/WPS\u56fe\u72471-2.png 1000w, https:\/\/mhuagroup.com\/wp-content\/uploads\/2025\/11\/WPS\u56fe\u72471-2-300x231.png 300w, https:\/\/mhuagroup.com\/wp-content\/uploads\/2025\/11\/WPS\u56fe\u72471-2-768x592.png 768w, https:\/\/mhuagroup.com\/wp-content\/uploads\/2025\/11\/WPS\u56fe\u72471-2-16x12.png 16w, https:\/\/mhuagroup.com\/wp-content\/uploads\/2025\/11\/WPS\u56fe\u72471-2-600x463.png 600w\" sizes=\"(max-width: 1000px) 100vw, 1000px\" \/><\/p>\n<p><img alt=\"\" loading=\"lazy\" decoding=\"async\" class=\"wp-image-5325 size-full aligncenter\" src=\"https:\/\/mhuagroup.com\/wp-content\/uploads\/2025\/11\/WPS\u56fe\u72472-1.png\" width=\"1000\" height=\"672\" srcset=\"https:\/\/mhuagroup.com\/wp-content\/uploads\/2025\/11\/WPS\u56fe\u72472-1.png 1000w, https:\/\/mhuagroup.com\/wp-content\/uploads\/2025\/11\/WPS\u56fe\u72472-1-300x202.png 300w, https:\/\/mhuagroup.com\/wp-content\/uploads\/2025\/11\/WPS\u56fe\u72472-1-768x516.png 768w, https:\/\/mhuagroup.com\/wp-content\/uploads\/2025\/11\/WPS\u56fe\u72472-1-18x12.png 18w, https:\/\/mhuagroup.com\/wp-content\/uploads\/2025\/11\/WPS\u56fe\u72472-1-600x403.png 600w\" sizes=\"(max-width: 1000px) 100vw, 1000px\" \/><\/p>\n<p><img alt=\"\" loading=\"lazy\" decoding=\"async\" class=\"size-full wp-image-5328 aligncenter\" src=\"https:\/\/mhuagroup.com\/wp-content\/uploads\/2025\/11\/\u672a\u6807\u9898-1_02.png\" width=\"985\" height=\"297\" srcset=\"https:\/\/mhuagroup.com\/wp-content\/uploads\/2025\/11\/\u672a\u6807\u9898-1_02.png 985w, https:\/\/mhuagroup.com\/wp-content\/uploads\/2025\/11\/\u672a\u6807\u9898-1_02-300x90.png 300w, https:\/\/mhuagroup.com\/wp-content\/uploads\/2025\/11\/\u672a\u6807\u9898-1_02-768x232.png 768w, https:\/\/mhuagroup.com\/wp-content\/uploads\/2025\/11\/\u672a\u6807\u9898-1_02-18x5.png 18w, https:\/\/mhuagroup.com\/wp-content\/uploads\/2025\/11\/\u672a\u6807\u9898-1_02-600x181.png 600w\" sizes=\"(max-width: 985px) 100vw, 985px\" \/><\/p>\n<p><img alt=\"\" loading=\"lazy\" decoding=\"async\" class=\"wp-image-5329 aligncenter\" src=\"https:\/\/mhuagroup.com\/wp-content\/uploads\/2025\/11\/ScreenShot_2025-11-21_153528_612.png\" width=\"1000\" height=\"567\" srcset=\"https:\/\/mhuagroup.com\/wp-content\/uploads\/2025\/11\/ScreenShot_2025-11-21_153528_612.png 1375w, https:\/\/mhuagroup.com\/wp-content\/uploads\/2025\/11\/ScreenShot_2025-11-21_153528_612-300x170.png 300w, https:\/\/mhuagroup.com\/wp-content\/uploads\/2025\/11\/ScreenShot_2025-11-21_153528_612-1024x581.png 1024w, https:\/\/mhuagroup.com\/wp-content\/uploads\/2025\/11\/ScreenShot_2025-11-21_153528_612-768x436.png 768w, https:\/\/mhuagroup.com\/wp-content\/uploads\/2025\/11\/ScreenShot_2025-11-21_153528_612-18x10.png 18w, https:\/\/mhuagroup.com\/wp-content\/uploads\/2025\/11\/ScreenShot_2025-11-21_153528_612-600x340.png 600w\" sizes=\"(max-width: 1000px) 100vw, 1000px\" \/><\/p>\n<p><strong>Adaptabilit\u00e9 du sc\u00e9nario complet<\/strong>: Couvrant des sc\u00e9narios tels que les loisirs dans les cours, les si\u00e8ges ext\u00e9rieurs commerciaux, les installations d'appui aux zones pittoresques et les bases de camping ; permettant la personnalisation des mat\u00e9riaux (alliage d'aluminium\/bois massif\/panneaux PC), des tailles et des modules fonctionnels ; avec des propri\u00e9t\u00e9s de pare-soleil, d'\u00e9tanch\u00e9it\u00e9 \u00e0 la pluie, \u00e0 la neige et de ventilation ; s'adaptant \u00e0 diff\u00e9rents climats et besoins d'utilisation.<br \/>\n<strong>Technologie de pointe en mati\u00e8re de R&amp;D<\/strong>: Les cadres en alliage d'aluminium anticorrosion et antirouille sont associ\u00e9s \u00e0 des panneaux en polycarbonate solide PC \u00e0 haut coefficient de transmission, ce qui permet d'obtenir un taux de r\u00e9sistance aux UV de 98% et un taux de r\u00e9sistance au vent sup\u00e9rieur au niveau 10, avec une durabilit\u00e9 sup\u00e9rieure \u00e0 15 ans ; des pare-soleil intelligents, des lumi\u00e8res d'ambiance et des syst\u00e8mes de pulv\u00e9risation sont disponibles en option, et certains mod\u00e8les peuvent s'ouvrir et se fermer \u00e9lectriquement, ce qui facilite l'utilisation et am\u00e9liore l'efficacit\u00e9 \u00e9nerg\u00e9tique.<br \/>\n<strong>Approuv\u00e9 par Benchmark Collaborations<\/strong>: Ayant servi des clients tels que des stations baln\u00e9aires \u00e0 l'\u00e9tranger, des cha\u00eenes de restaurants et des communaut\u00e9s haut de gamme, ces cas ont permis une augmentation de 35% des revenus provenant des si\u00e8ges ext\u00e9rieurs commerciaux et une augmentation de 40% de la dur\u00e9e de s\u00e9jour des touristes dans les sites pittoresques, ce qui leur a valu d'\u00eatre reconnus pour leurs achats r\u00e9p\u00e9t\u00e9s par des clients dans de nombreux pays.<\/p>\n<div class=\"auto-hide-last-sibling-br paragraph-pP9ZLC paragraph-element br-paragraph-space\"><strong>La force de la production hardcore<\/strong>: La capacit\u00e9 de production annuelle d\u00e9passe 5 000 ensembles ; la production modulaire combin\u00e9e \u00e0 des processus d'installation standardis\u00e9s r\u00e9duit les heures d'installation de 50% ; la personnalisation OEM\/ODM est prise en charge, avec un contr\u00f4le complet du processus, de la conception \u00e0 la livraison, et une ex\u00e9cution rapide dans les 10 \u00e0 15 jours, respectant les d\u00e9lais de livraison transfrontaliers.<\/div>\n<div class=\"auto-hide-last-sibling-br paragraph-pP9ZLC paragraph-element br-paragraph-space\"><strong>Double assurance du volume des ventes et des stocks<\/strong>: Les ventes annuelles \u00e0 l'\u00e9tranger d\u00e9passent 3 000 unit\u00e9s, avec des stocks r\u00e9guliers pour les principaux mod\u00e8les conventionnels ; la quantit\u00e9 minimale de commande n'est que d'une unit\u00e9, ce qui permet d'accepter avec souplesse les commandes d'essai et les achats en gros ; combin\u00e9e \u00e0 des lignes logistiques transfrontali\u00e8res sp\u00e9cialis\u00e9es, la livraison est opportune et contr\u00f4lable.<\/div>","protected":false},"excerpt":{"rendered":"<p><strong>Nom :<\/strong> Mod\u00e8le 147 Pavillon<br \/>\n<strong>Mat\u00e9riau :<\/strong> Alliage d'aluminium 6063<br \/>\n<strong>Imperm\u00e9able :<\/strong> Enti\u00e8rement \u00e9tanche \u00e0 la pluie<br \/>\n<strong>Contr\u00f4le :<\/strong> Manuel\/\u00e9lectrique<br \/>\n<strong>Dimensions :<\/strong> 2,5\u00d73\/3\u00d73\/3\u00d73,6\/3\u00d74\/4\u00d74\/3\u00d76 (hauteur par d\u00e9faut : 2,8 m)<br \/>\n<strong>Largeur :<\/strong> Longueur maximale des lames 3m ; lames \u00e0 double couche disponibles pour les longueurs sup\u00e9rieures \u00e0 3m<br \/>\n<strong>Coupe-vent :<\/strong> R\u00e9siste \u00e0 des vents forts de niveau 10 (compl\u00e8tement ferm\u00e9)<br \/>\n<strong>Surface :<\/strong> Rev\u00eatement en poudre haute densit\u00e9<br \/>\n<strong>Couleur :<\/strong> Gris \/Blanc \/Couleur personnalis\u00e9e<\/p>","protected":false},"featured_media":5593,"template":"","meta":{"_seopress_robots_primary_cat":"none","_seopress_titles_title":"%%post_title%%","_seopress_titles_desc":"%%post_excerpt%%","_seopress_robots_index":"","_uag_custom_page_level_css":"","site-sidebar-layout":"default","site-content-layout":"","ast-site-content-layout":"default","site-content-style":"default","site-sidebar-style":"default","ast-global-header-display":"","ast-banner-title-visibility":"","ast-main-header-display":"","ast-hfb-above-header-display":"","ast-hfb-below-header-display":"","ast-hfb-mobile-header-display":"","site-post-title":"","ast-breadcrumbs-content":"","ast-featured-img":"","footer-sml-layout":"","theme-transparent-header-meta":"default","adv-header-id-meta":"","stick-header-meta":"default","header-above-stick-meta":"","header-main-stick-meta":"","header-below-stick-meta":"","astra-migrate-meta-layouts":"set","ast-page-background-enabled":"default","ast-page-background-meta":{"desktop":{"background-color":"","background-image":"","background-repeat":"repeat","background-position":"center center","background-size":"auto","background-attachment":"scroll","background-type":"","background-media":"","overlay-type":"","overlay-color":"","overlay-opacity":"","overlay-gradient":""},"tablet":{"background-color":"","background-image":"","background-repeat":"repeat","background-position":"center center","background-size":"auto","background-attachment":"scroll","background-type":"","background-media":"","overlay-type":"","overlay-color":"","overlay-opacity":"","overlay-gradient":""},"mobile":{"background-color":"","background-image":"","background-repeat":"repeat","background-position":"center center","background-size":"auto","background-attachment":"scroll","background-type":"","background-media":"","overlay-type":"","overlay-color":"","overlay-opacity":"","overlay-gradient":""}},"ast-content-background-meta":{"desktop":{"background-color":"var(--ast-global-color-5)","background-image":"","background-repeat":"repeat","background-position":"center center","background-size":"auto","background-attachment":"scroll","background-type":"","background-media":"","overlay-type":"","overlay-color":"","overlay-opacity":"","overlay-gradient":""},"tablet":{"background-color":"var(--ast-global-color-5)","background-image":"","background-repeat":"repeat","background-position":"center center","background-size":"auto","background-attachment":"scroll","background-type":"","background-media":"","overlay-type":"","overlay-color":"","overlay-opacity":"","overlay-gradient":""},"mobile":{"background-color":"var(--ast-global-color-5)","background-image":"","background-repeat":"repeat","background-position":"center center","background-size":"auto","background-attachment":"scroll","background-type":"","background-media":"","overlay-type":"","overlay-color":"","overlay-opacity":"","overlay-gradient":""}}},"product_brand":[],"product_cat":[72],"product_tag":[],"class_list":{"0":"post-5303","1":"product","2":"type-product","3":"status-publish","4":"has-post-thumbnail","6":"product_cat-pergola-pergola","7":"desktop-align-center","8":"tablet-align-left","9":"mobile-align-left","10":"ast-product-gallery-layout-horizontal-slider","11":"ast-product-tabs-layout-horizontal","13":"first","14":"instock","15":"shipping-taxable","16":"product-type-simple"},"uagb_featured_image_src":{"full":["https:\/\/mhuagroup.com\/wp-content\/uploads\/2025\/11\/\u51c9\u4ead-7.jpg",1667,1667,false],"thumbnail":["https:\/\/mhuagroup.com\/wp-content\/uploads\/2025\/11\/\u51c9\u4ead-7-150x150.jpg",150,150,true],"medium":["https:\/\/mhuagroup.com\/wp-content\/uploads\/2025\/11\/\u51c9\u4ead-7-300x300.jpg",300,300,true],"medium_large":["https:\/\/mhuagroup.com\/wp-content\/uploads\/2025\/11\/\u51c9\u4ead-7-768x768.jpg",768,768,true],"large":["https:\/\/mhuagroup.com\/wp-content\/uploads\/2025\/11\/\u51c9\u4ead-7-1024x1024.jpg",1024,1024,true],"1536x1536":["https:\/\/mhuagroup.com\/wp-content\/uploads\/2025\/11\/\u51c9\u4ead-7-1536x1536.jpg",1536,1536,true],"2048x2048":["https:\/\/mhuagroup.com\/wp-content\/uploads\/2025\/11\/\u51c9\u4ead-7.jpg",1667,1667,false],"trp-custom-language-flag":["https:\/\/mhuagroup.com\/wp-content\/uploads\/2025\/11\/\u51c9\u4ead-7-12x12.jpg",12,12,true],"woocommerce_thumbnail":["https:\/\/mhuagroup.com\/wp-content\/uploads\/2025\/11\/\u51c9\u4ead-7-300x300.jpg",300,300,true],"woocommerce_single":["https:\/\/mhuagroup.com\/wp-content\/uploads\/2025\/11\/\u51c9\u4ead-7-600x600.jpg",600,600,true],"woocommerce_gallery_thumbnail":["https:\/\/mhuagroup.com\/wp-content\/uploads\/2025\/11\/\u51c9\u4ead-7-100x100.jpg",100,100,true]},"uagb_author_info":{"display_name":"jinxing6611@gmail.com","author_link":"https:\/\/mhuagroup.com\/fr\/author\/"},"uagb_comment_info":0,"uagb_excerpt":"Name: Model 147 Pavilion Material: 6063 aluminum alloy Rainproof: Fully rainproof Control: Manual\/Electric Dimensions: 2.5x3\/3x3\/3x3.6\/3x4\/4x4\/3x6 (default height: 2.8m) Width: Maximum blade length 3m; double-layer blades available for lengths exceeding 3m Windproof: Withstands Level 10 strong winds (fully closed) Surface: High-density powder coating Color: Gray \/White \/Customized Color","_links":{"self":[{"href":"https:\/\/mhuagroup.com\/fr\/wp-json\/wp\/v2\/product\/5303","targetHints":{"allow":["GET"]}}],"collection":[{"href":"https:\/\/mhuagroup.com\/fr\/wp-json\/wp\/v2\/product"}],"about":[{"href":"https:\/\/mhuagroup.com\/fr\/wp-json\/wp\/v2\/types\/product"}],"version-history":[{"count":19,"href":"https:\/\/mhuagroup.com\/fr\/wp-json\/wp\/v2\/product\/5303\/revisions"}],"predecessor-version":[{"id":5817,"href":"https:\/\/mhuagroup.com\/fr\/wp-json\/wp\/v2\/product\/5303\/revisions\/5817"}],"wp:featuredmedia":[{"embeddable":true,"href":"https:\/\/mhuagroup.com\/fr\/wp-json\/wp\/v2\/media\/5593"}],"wp:attachment":[{"href":"https:\/\/mhuagroup.com\/fr\/wp-json\/wp\/v2\/media?parent=5303"}],"wp:term":[{"taxonomy":"product_brand","embeddable":true,"href":"https:\/\/mhuagroup.com\/fr\/wp-json\/wp\/v2\/product_brand?post=5303"},{"taxonomy":"product_cat","embeddable":true,"href":"https:\/\/mhuagroup.com\/fr\/wp-json\/wp\/v2\/product_cat?post=5303"},{"taxonomy":"product_tag","embeddable":true,"href":"https:\/\/mhuagroup.com\/fr\/wp-json\/wp\/v2\/product_tag?post=5303"}],"curies":[{"name":"wp","href":"https:\/\/api.w.org\/{rel}","templated":true}]}}