{"id":6165,"date":"2026-03-04T01:24:18","date_gmt":"2026-03-04T01:24:18","guid":{"rendered":"https:\/\/mhuagroup.com\/?post_type=product&#038;p=6165"},"modified":"2026-03-04T03:26:20","modified_gmt":"2026-03-04T03:26:20","slug":"retractable-roof-awning-outdoor-y-style-motorized-waterproof-pavilion-shade-supplier-for-patio-and-restaurants","status":"publish","type":"product","link":"https:\/\/mhuagroup.com\/fr\/produit\/retractable-roof-awning-outdoor-y-style-motorized-waterproof-pavilion-shade-supplier-for-patio-and-restaurants\/","title":{"rendered":"Auvent de toit r\u00e9tractable pour l'ext\u00e9rieur Y Style Motoris\u00e9 Imperm\u00e9able Pavillon Ombrage Fournisseur pour Patio et Restaurants"},"content":{"rendered":"<table>\n<tbody>\n<tr>\n<td width=\"264\">Mod\u00e8le NO.<\/td>\n<td width=\"425\">Pare-soleil en Y<\/td>\n<td width=\"425\">Indice d'imperm\u00e9abilit\u00e9 de la tente ext\u00e9rieure<\/td>\n<td width=\"425\">&gt;3000 mm<\/td>\n<\/tr>\n<tr>\n<td width=\"264\">Couleur<\/td>\n<td width=\"425\">Sur mesure<\/td>\n<td width=\"264\">Contr\u00f4le<\/td>\n<td width=\"425\">Contr\u00f4le moteur\/manuel<\/td>\n<\/tr>\n<tr>\n<td width=\"264\">Finition des voiles<\/td>\n<td width=\"425\">Rev\u00eatement PV<\/td>\n<td width=\"264\">Taille<\/td>\n<td width=\"425\">Dimensions personnalis\u00e9es<\/td>\n<\/tr>\n<tr>\n<td width=\"264\">Fonction<\/td>\n<td width=\"425\">Protection solaire<\/td>\n<td width=\"264\">Utilisation<\/td>\n<td width=\"425\">PatioJardinCottageCourPlage<\/td>\n<\/tr>\n<tr>\n<td width=\"264\">Saison<\/td>\n<td width=\"425\">Toutes les saisons<\/td>\n<td width=\"264\">Style<\/td>\n<td width=\"425\">Luxe<\/td>\n<\/tr>\n<tr>\n<td width=\"264\">Fonctionnalit\u00e9<\/td>\n<td width=\"425\">Extensible<\/td>\n<td width=\"264\">Paquet de transport<\/td>\n<td width=\"425\">Carton ou emballage en bois<\/td>\n<\/tr>\n<tr>\n<td width=\"264\">Marque d\u00e9pos\u00e9e<\/td>\n<td width=\"425\">Mhua<\/td>\n<td width=\"264\">Origine<\/td>\n<td width=\"425\">Chine<\/td>\n<\/tr>\n<\/tbody>\n<\/table>\n<h6 style=\"text-align: center;\">Isolation thermique et protection contre la pluie R\u00e9sistance au vent renforc\u00e9e Blindage multicouche pour l'ombrage du soleil Blocage de la pluie et r\u00e9sistance \u00e0 la neige<\/h6>\n<p><img alt=\"\" fetchpriority=\"high\" decoding=\"async\" class=\"aligncenter wp-image-6171 size-large\" src=\"https:\/\/mhuagroup.com\/wp-content\/uploads\/2026\/03\/Y\u578b\u906e\u9633\u68da-14-1024x1024.jpg\" width=\"1024\" height=\"1024\" srcset=\"https:\/\/mhuagroup.com\/wp-content\/uploads\/2026\/03\/Y\u578b\u906e\u9633\u68da-14-1024x1024.jpg 1024w, https:\/\/mhuagroup.com\/wp-content\/uploads\/2026\/03\/Y\u578b\u906e\u9633\u68da-14-300x300.jpg 300w, https:\/\/mhuagroup.com\/wp-content\/uploads\/2026\/03\/Y\u578b\u906e\u9633\u68da-14-150x150.jpg 150w, https:\/\/mhuagroup.com\/wp-content\/uploads\/2026\/03\/Y\u578b\u906e\u9633\u68da-14-768x768.jpg 768w, https:\/\/mhuagroup.com\/wp-content\/uploads\/2026\/03\/Y\u578b\u906e\u9633\u68da-14-1536x1536.jpg 1536w, https:\/\/mhuagroup.com\/wp-content\/uploads\/2026\/03\/Y\u578b\u906e\u9633\u68da-14-12x12.jpg 12w, https:\/\/mhuagroup.com\/wp-content\/uploads\/2026\/03\/Y\u578b\u906e\u9633\u68da-14-600x600.jpg 600w, https:\/\/mhuagroup.com\/wp-content\/uploads\/2026\/03\/Y\u578b\u906e\u9633\u68da-14-100x100.jpg 100w, https:\/\/mhuagroup.com\/wp-content\/uploads\/2026\/03\/Y\u578b\u906e\u9633\u68da-14.jpg 1667w\" sizes=\"(max-width: 1024px) 100vw, 1024px\" \/><\/p>\n<h6 style=\"text-align: center;\">Syst\u00e8me de protection solaire bionique en forme de Y<\/h6>\n<p style=\"text-align: center;\">Les deux bras de soutien forment une zone stable triangulaire.<\/p>\n<p style=\"text-align: center;\">La structure en forme de Y imite la logique de support de charge efficace dans la nature, ce qui permet d'obtenir un \u00e9quilibre dynamique entre la dispersion et la concentration de la force.<\/p>\n<p><img alt=\"\" decoding=\"async\" class=\"aligncenter wp-image-6172 size-large\" src=\"https:\/\/mhuagroup.com\/wp-content\/uploads\/2026\/03\/\u672a\u6807\u9898-1_\u753b\u677f-1-1024x1024.jpg\" width=\"1024\" height=\"1024\" srcset=\"https:\/\/mhuagroup.com\/wp-content\/uploads\/2026\/03\/\u672a\u6807\u9898-1_\u753b\u677f-1-1024x1024.jpg 1024w, https:\/\/mhuagroup.com\/wp-content\/uploads\/2026\/03\/\u672a\u6807\u9898-1_\u753b\u677f-1-300x300.jpg 300w, https:\/\/mhuagroup.com\/wp-content\/uploads\/2026\/03\/\u672a\u6807\u9898-1_\u753b\u677f-1-150x150.jpg 150w, https:\/\/mhuagroup.com\/wp-content\/uploads\/2026\/03\/\u672a\u6807\u9898-1_\u753b\u677f-1-768x768.jpg 768w, https:\/\/mhuagroup.com\/wp-content\/uploads\/2026\/03\/\u672a\u6807\u9898-1_\u753b\u677f-1-1536x1536.jpg 1536w, https:\/\/mhuagroup.com\/wp-content\/uploads\/2026\/03\/\u672a\u6807\u9898-1_\u753b\u677f-1-12x12.jpg 12w, https:\/\/mhuagroup.com\/wp-content\/uploads\/2026\/03\/\u672a\u6807\u9898-1_\u753b\u677f-1-600x600.jpg 600w, https:\/\/mhuagroup.com\/wp-content\/uploads\/2026\/03\/\u672a\u6807\u9898-1_\u753b\u677f-1-100x100.jpg 100w, https:\/\/mhuagroup.com\/wp-content\/uploads\/2026\/03\/\u672a\u6807\u9898-1_\u753b\u677f-1.jpg 1667w\" sizes=\"(max-width: 1024px) 100vw, 1024px\" \/><\/p>\n<h6 style=\"text-align: center;\">Polyvalent Rupture des limites d'installation Design esth\u00e9tique avec une faible emprise au sol et une large plage de protection solaire<\/h6>\n<p><img alt=\"\" decoding=\"async\" class=\"aligncenter wp-image-6169 size-large\" src=\"https:\/\/mhuagroup.com\/wp-content\/uploads\/2026\/03\/Y\u578b\u906e\u9633\u68da-36-1024x1024.jpg\" width=\"1024\" height=\"1024\" srcset=\"https:\/\/mhuagroup.com\/wp-content\/uploads\/2026\/03\/Y\u578b\u906e\u9633\u68da-36-1024x1024.jpg 1024w, https:\/\/mhuagroup.com\/wp-content\/uploads\/2026\/03\/Y\u578b\u906e\u9633\u68da-36-300x300.jpg 300w, https:\/\/mhuagroup.com\/wp-content\/uploads\/2026\/03\/Y\u578b\u906e\u9633\u68da-36-150x150.jpg 150w, https:\/\/mhuagroup.com\/wp-content\/uploads\/2026\/03\/Y\u578b\u906e\u9633\u68da-36-768x768.jpg 768w, https:\/\/mhuagroup.com\/wp-content\/uploads\/2026\/03\/Y\u578b\u906e\u9633\u68da-36-1536x1536.jpg 1536w, https:\/\/mhuagroup.com\/wp-content\/uploads\/2026\/03\/Y\u578b\u906e\u9633\u68da-36-12x12.jpg 12w, https:\/\/mhuagroup.com\/wp-content\/uploads\/2026\/03\/Y\u578b\u906e\u9633\u68da-36-600x600.jpg 600w, https:\/\/mhuagroup.com\/wp-content\/uploads\/2026\/03\/Y\u578b\u906e\u9633\u68da-36-100x100.jpg 100w, https:\/\/mhuagroup.com\/wp-content\/uploads\/2026\/03\/Y\u578b\u906e\u9633\u68da-36.jpg 1667w\" sizes=\"(max-width: 1024px) 100vw, 1024px\" \/><\/p>\n<p style=\"text-align: center;\">Il peut conserver sa couleur et ses performances d'origine m\u00eame dans des environnements soumis \u00e0 la lumi\u00e8re directe du soleil pendant de longues p\u00e9riodes, \u00e0 une forte humidit\u00e9 et \u00e0 de fortes pluies.<\/p>\n<p><img alt=\"\" loading=\"lazy\" decoding=\"async\" class=\"aligncenter wp-image-6173 size-large\" src=\"https:\/\/mhuagroup.com\/wp-content\/uploads\/2026\/03\/Y\u578b\u906e\u9633\u68da-28-1024x1024.jpg\" width=\"1024\" height=\"1024\" srcset=\"https:\/\/mhuagroup.com\/wp-content\/uploads\/2026\/03\/Y\u578b\u906e\u9633\u68da-28-1024x1024.jpg 1024w, https:\/\/mhuagroup.com\/wp-content\/uploads\/2026\/03\/Y\u578b\u906e\u9633\u68da-28-300x300.jpg 300w, https:\/\/mhuagroup.com\/wp-content\/uploads\/2026\/03\/Y\u578b\u906e\u9633\u68da-28-150x150.jpg 150w, https:\/\/mhuagroup.com\/wp-content\/uploads\/2026\/03\/Y\u578b\u906e\u9633\u68da-28-768x768.jpg 768w, https:\/\/mhuagroup.com\/wp-content\/uploads\/2026\/03\/Y\u578b\u906e\u9633\u68da-28-1536x1536.jpg 1536w, https:\/\/mhuagroup.com\/wp-content\/uploads\/2026\/03\/Y\u578b\u906e\u9633\u68da-28-12x12.jpg 12w, https:\/\/mhuagroup.com\/wp-content\/uploads\/2026\/03\/Y\u578b\u906e\u9633\u68da-28-600x600.jpg 600w, https:\/\/mhuagroup.com\/wp-content\/uploads\/2026\/03\/Y\u578b\u906e\u9633\u68da-28-100x100.jpg 100w, https:\/\/mhuagroup.com\/wp-content\/uploads\/2026\/03\/Y\u578b\u906e\u9633\u68da-28.jpg 1667w\" sizes=\"(max-width: 1024px) 100vw, 1024px\" \/><\/p>\n<h6 style=\"text-align: center;\">Robuste et stable sans secousses R\u00e9sistant \u00e0 la rouille<\/h6>\n<p><img alt=\"\" loading=\"lazy\" decoding=\"async\" class=\"aligncenter wp-image-6174 size-large\" src=\"https:\/\/mhuagroup.com\/wp-content\/uploads\/2026\/03\/Y\u578b\u906e\u9633\u68da-25-1024x1024.jpg\" width=\"1024\" height=\"1024\" srcset=\"https:\/\/mhuagroup.com\/wp-content\/uploads\/2026\/03\/Y\u578b\u906e\u9633\u68da-25-1024x1024.jpg 1024w, https:\/\/mhuagroup.com\/wp-content\/uploads\/2026\/03\/Y\u578b\u906e\u9633\u68da-25-300x300.jpg 300w, https:\/\/mhuagroup.com\/wp-content\/uploads\/2026\/03\/Y\u578b\u906e\u9633\u68da-25-150x150.jpg 150w, https:\/\/mhuagroup.com\/wp-content\/uploads\/2026\/03\/Y\u578b\u906e\u9633\u68da-25-768x768.jpg 768w, https:\/\/mhuagroup.com\/wp-content\/uploads\/2026\/03\/Y\u578b\u906e\u9633\u68da-25-1536x1536.jpg 1536w, https:\/\/mhuagroup.com\/wp-content\/uploads\/2026\/03\/Y\u578b\u906e\u9633\u68da-25-12x12.jpg 12w, https:\/\/mhuagroup.com\/wp-content\/uploads\/2026\/03\/Y\u578b\u906e\u9633\u68da-25-600x600.jpg 600w, https:\/\/mhuagroup.com\/wp-content\/uploads\/2026\/03\/Y\u578b\u906e\u9633\u68da-25-100x100.jpg 100w, https:\/\/mhuagroup.com\/wp-content\/uploads\/2026\/03\/Y\u578b\u906e\u9633\u68da-25.jpg 1667w\" sizes=\"(max-width: 1024px) 100vw, 1024px\" \/><\/p>\n<p style=\"text-align: center;\"><strong>\u00a0Ajustement flexible et forte capacit\u00e9 d'adaptation<\/strong><\/p>\n<p style=\"text-align: center;\"><strong>\u00a0R\u00e9glez la lumi\u00e8re en fonction des besoins de l'utilisateur pour un meilleur confort.<\/strong><\/p>\n<p><img alt=\"\" loading=\"lazy\" decoding=\"async\" class=\"aligncenter wp-image-6175 size-large\" src=\"https:\/\/mhuagroup.com\/wp-content\/uploads\/2026\/03\/Y\u578b\u906e\u9633\u68da-27-1024x1024.jpg\" width=\"1024\" height=\"1024\" srcset=\"https:\/\/mhuagroup.com\/wp-content\/uploads\/2026\/03\/Y\u578b\u906e\u9633\u68da-27-1024x1024.jpg 1024w, https:\/\/mhuagroup.com\/wp-content\/uploads\/2026\/03\/Y\u578b\u906e\u9633\u68da-27-300x300.jpg 300w, https:\/\/mhuagroup.com\/wp-content\/uploads\/2026\/03\/Y\u578b\u906e\u9633\u68da-27-150x150.jpg 150w, https:\/\/mhuagroup.com\/wp-content\/uploads\/2026\/03\/Y\u578b\u906e\u9633\u68da-27-768x768.jpg 768w, https:\/\/mhuagroup.com\/wp-content\/uploads\/2026\/03\/Y\u578b\u906e\u9633\u68da-27-1536x1536.jpg 1536w, https:\/\/mhuagroup.com\/wp-content\/uploads\/2026\/03\/Y\u578b\u906e\u9633\u68da-27-12x12.jpg 12w, https:\/\/mhuagroup.com\/wp-content\/uploads\/2026\/03\/Y\u578b\u906e\u9633\u68da-27-600x600.jpg 600w, https:\/\/mhuagroup.com\/wp-content\/uploads\/2026\/03\/Y\u578b\u906e\u9633\u68da-27-100x100.jpg 100w, https:\/\/mhuagroup.com\/wp-content\/uploads\/2026\/03\/Y\u578b\u906e\u9633\u68da-27.jpg 1667w\" sizes=\"(max-width: 1024px) 100vw, 1024px\" \/><\/p>\n<p style=\"text-align: center;\"><strong>Auvent en alliage d'aluminium am\u00e9lior\u00e9 Isolation thermique, protection multicouche \u00e9tanche \u00e0 la pluie, renforc\u00e9e et r\u00e9sistante au vent.\u00a0<\/strong><\/p>\n<p style=\"text-align: center;\"><strong>Large gamme d'applications, installation facile.  Il excelle dans les espaces ext\u00e9rieurs r\u00e9sidentiels et commerciaux.<\/strong><\/p>\n<p style=\"text-align: center;\"><strong>s'int\u00e9grant parfaitement \u00e0 tous les styles de d\u00e9coration.<\/strong><\/p>\n<p><img alt=\"\" loading=\"lazy\" decoding=\"async\" class=\"aligncenter wp-image-6183 size-large\" src=\"https:\/\/mhuagroup.com\/wp-content\/uploads\/2026\/03\/Y\u578b\u906e\u9633\u68da-17-1024x1024.jpg\" width=\"1024\" height=\"1024\" srcset=\"https:\/\/mhuagroup.com\/wp-content\/uploads\/2026\/03\/Y\u578b\u906e\u9633\u68da-17-1024x1024.jpg 1024w, https:\/\/mhuagroup.com\/wp-content\/uploads\/2026\/03\/Y\u578b\u906e\u9633\u68da-17-300x300.jpg 300w, https:\/\/mhuagroup.com\/wp-content\/uploads\/2026\/03\/Y\u578b\u906e\u9633\u68da-17-150x150.jpg 150w, https:\/\/mhuagroup.com\/wp-content\/uploads\/2026\/03\/Y\u578b\u906e\u9633\u68da-17-768x768.jpg 768w, https:\/\/mhuagroup.com\/wp-content\/uploads\/2026\/03\/Y\u578b\u906e\u9633\u68da-17-1536x1536.jpg 1536w, https:\/\/mhuagroup.com\/wp-content\/uploads\/2026\/03\/Y\u578b\u906e\u9633\u68da-17-12x12.jpg 12w, https:\/\/mhuagroup.com\/wp-content\/uploads\/2026\/03\/Y\u578b\u906e\u9633\u68da-17-600x600.jpg 600w, https:\/\/mhuagroup.com\/wp-content\/uploads\/2026\/03\/Y\u578b\u906e\u9633\u68da-17-100x100.jpg 100w, https:\/\/mhuagroup.com\/wp-content\/uploads\/2026\/03\/Y\u578b\u906e\u9633\u68da-17.jpg 1667w\" sizes=\"(max-width: 1024px) 100vw, 1024px\" \/><\/p>\n<p style=\"text-align: center;\"><strong>Convient \u00e0 la fois pour un usage r\u00e9sidentiel et commercial. <\/strong><\/p>\n<p style=\"text-align: center;\"><strong>Il peut r\u00e9pondre aux besoins d'ombrage de divers espaces ext\u00e9rieurs.<\/strong><\/p>\n<p><img alt=\"\" loading=\"lazy\" decoding=\"async\" class=\"aligncenter wp-image-6184 size-large\" src=\"https:\/\/mhuagroup.com\/wp-content\/uploads\/2026\/03\/Y\u578b\u906e\u9633\u68da-32-1024x1024.jpg\" width=\"1024\" height=\"1024\" srcset=\"https:\/\/mhuagroup.com\/wp-content\/uploads\/2026\/03\/Y\u578b\u906e\u9633\u68da-32-1024x1024.jpg 1024w, https:\/\/mhuagroup.com\/wp-content\/uploads\/2026\/03\/Y\u578b\u906e\u9633\u68da-32-300x300.jpg 300w, https:\/\/mhuagroup.com\/wp-content\/uploads\/2026\/03\/Y\u578b\u906e\u9633\u68da-32-150x150.jpg 150w, https:\/\/mhuagroup.com\/wp-content\/uploads\/2026\/03\/Y\u578b\u906e\u9633\u68da-32-768x768.jpg 768w, https:\/\/mhuagroup.com\/wp-content\/uploads\/2026\/03\/Y\u578b\u906e\u9633\u68da-32-1536x1536.jpg 1536w, https:\/\/mhuagroup.com\/wp-content\/uploads\/2026\/03\/Y\u578b\u906e\u9633\u68da-32-12x12.jpg 12w, https:\/\/mhuagroup.com\/wp-content\/uploads\/2026\/03\/Y\u578b\u906e\u9633\u68da-32-600x600.jpg 600w, https:\/\/mhuagroup.com\/wp-content\/uploads\/2026\/03\/Y\u578b\u906e\u9633\u68da-32-100x100.jpg 100w, https:\/\/mhuagroup.com\/wp-content\/uploads\/2026\/03\/Y\u578b\u906e\u9633\u68da-32.jpg 1667w\" sizes=\"(max-width: 1024px) 100vw, 1024px\" \/><\/p>\n<p style=\"text-align: center;\"><strong>Faible encombrement, grande surface d'ombrage. La conception de l'auvent offre non seulement un espace de repos confortable pour les clients de grande valeur, mais pr\u00e9serve \u00e9galement la vue sur le paysage.<\/strong><\/p>\n<p style=\"text-align: center;\"><strong>atteindre un \u00e9quilibre optimal entre l'exp\u00e9rience du consommateur et une vue d\u00e9gag\u00e9e.<\/strong><\/p>\n<p><img alt=\"\" loading=\"lazy\" decoding=\"async\" class=\"aligncenter wp-image-6185 size-large\" src=\"https:\/\/mhuagroup.com\/wp-content\/uploads\/2026\/03\/Y\u578b\u906e\u9633\u68da-23-1024x1024.jpg\" width=\"1024\" height=\"1024\" srcset=\"https:\/\/mhuagroup.com\/wp-content\/uploads\/2026\/03\/Y\u578b\u906e\u9633\u68da-23-1024x1024.jpg 1024w, https:\/\/mhuagroup.com\/wp-content\/uploads\/2026\/03\/Y\u578b\u906e\u9633\u68da-23-300x300.jpg 300w, https:\/\/mhuagroup.com\/wp-content\/uploads\/2026\/03\/Y\u578b\u906e\u9633\u68da-23-150x150.jpg 150w, https:\/\/mhuagroup.com\/wp-content\/uploads\/2026\/03\/Y\u578b\u906e\u9633\u68da-23-768x768.jpg 768w, https:\/\/mhuagroup.com\/wp-content\/uploads\/2026\/03\/Y\u578b\u906e\u9633\u68da-23-1536x1536.jpg 1536w, https:\/\/mhuagroup.com\/wp-content\/uploads\/2026\/03\/Y\u578b\u906e\u9633\u68da-23-12x12.jpg 12w, https:\/\/mhuagroup.com\/wp-content\/uploads\/2026\/03\/Y\u578b\u906e\u9633\u68da-23-600x600.jpg 600w, https:\/\/mhuagroup.com\/wp-content\/uploads\/2026\/03\/Y\u578b\u906e\u9633\u68da-23-100x100.jpg 100w, https:\/\/mhuagroup.com\/wp-content\/uploads\/2026\/03\/Y\u578b\u906e\u9633\u68da-23.jpg 1667w\" sizes=\"(max-width: 1024px) 100vw, 1024px\" \/><\/p>\n<h6 style=\"text-align: center;\">Convient \u00e0 une utilisation commerciale et r\u00e9sidentielle Red\u00e9finir la protection solaire en renversant la tradition<\/h6>\n<p style=\"text-align: center;\">Faible encombrement, grande surface de protection solaire<\/p>\n<p><img alt=\"\" loading=\"lazy\" decoding=\"async\" class=\"wp-image-5679 aligncenter\" src=\"https:\/\/mhuagroup.com\/wp-content\/uploads\/2025\/11\/Outdoor-Retractable-Awning-Patio-Garden-Canopy-Sun-Shade-Y-Type-Retractable-Sunshade-Awning-1_02.jpg\" width=\"1000\" height=\"916\" srcset=\"https:\/\/mhuagroup.com\/wp-content\/uploads\/2025\/11\/Outdoor-Retractable-Awning-Patio-Garden-Canopy-Sun-Shade-Y-Type-Retractable-Sunshade-Awning-1_02.jpg 1233w, https:\/\/mhuagroup.com\/wp-content\/uploads\/2025\/11\/Outdoor-Retractable-Awning-Patio-Garden-Canopy-Sun-Shade-Y-Type-Retractable-Sunshade-Awning-1_02-300x275.jpg 300w, https:\/\/mhuagroup.com\/wp-content\/uploads\/2025\/11\/Outdoor-Retractable-Awning-Patio-Garden-Canopy-Sun-Shade-Y-Type-Retractable-Sunshade-Awning-1_02-1024x938.jpg 1024w, https:\/\/mhuagroup.com\/wp-content\/uploads\/2025\/11\/Outdoor-Retractable-Awning-Patio-Garden-Canopy-Sun-Shade-Y-Type-Retractable-Sunshade-Awning-1_02-768x704.jpg 768w, https:\/\/mhuagroup.com\/wp-content\/uploads\/2025\/11\/Outdoor-Retractable-Awning-Patio-Garden-Canopy-Sun-Shade-Y-Type-Retractable-Sunshade-Awning-1_02-13x12.jpg 13w, https:\/\/mhuagroup.com\/wp-content\/uploads\/2025\/11\/Outdoor-Retractable-Awning-Patio-Garden-Canopy-Sun-Shade-Y-Type-Retractable-Sunshade-Awning-1_02-600x550.jpg 600w\" sizes=\"(max-width: 1000px) 100vw, 1000px\" \/><\/p>\n<p>&nbsp;<\/p>\n<h3>FAQ<\/h3>\n<p><strong>1. \u00eates-vous une usine ou une agence ?<\/strong><br \/>\nNotre usine a \u00e9t\u00e9 fond\u00e9e en 2010 et poss\u00e8de plus de 15 ans d'exp\u00e9rience dans la fabrication de stores ext\u00e9rieurs.<br \/>\n<strong>2. comment effectuer un contr\u00f4le de qualit\u00e9 ?<\/strong><br \/>\nL'entreprise dispose d'un \u00e9quipement de test avanc\u00e9 et d'un processus de contr\u00f4le de la qualit\u00e9 strict, de la mati\u00e8re premi\u00e8re au produit final. Nous effectuons un test 100% avant la livraison.<br \/>\n<strong>3. quelles sont vos conditions de paiement ?<\/strong><br \/>\nT\/T 30% comme d\u00e9p\u00f4t, et 70% avant la livraison. Nous vous montrerons les photos des produits et des emballages avant que vous ne payiez le solde. Nous pouvons certainement accepter les L\/C \u00e0 vue apr\u00e8s n\u00e9gociation.<br \/>\n<strong>4. Quelles sont vos conditions de livraison ?<\/strong><br \/>\nFOB, CFR, CIF, DDP, etc.<br \/>\n<strong>5. permet-il la personnalisation ?<\/strong><br \/>\nBien s\u00fbr, qu'il s'agisse de la taille, de la couleur, de la marque ou de toute autre exigence, n'h\u00e9sitez pas \u00e0 me le faire savoir, les produits seront personnalis\u00e9s en fonction de vos besoins.<br \/>\n<strong>6. Quel est votre d\u00e9lai de livraison ?<\/strong><br \/>\nEn r\u00e8gle g\u00e9n\u00e9rale, le d\u00e9lai est de 7 \u00e0 10 jours apr\u00e8s r\u00e9ception de l'acompte. Le d\u00e9lai de livraison sp\u00e9cifique d\u00e9pend des articles et de la quantit\u00e9 de votre commande.<br \/>\n<strong>7. Comment faire en sorte que nos relations commerciales soient durables et de qualit\u00e9 ?<\/strong><br \/>\nR : Nous assurons une bonne qualit\u00e9 et des prix comp\u00e9titifs pour le plus grand b\u00e9n\u00e9fice de nos clients ;<br \/>\nB : Nous consid\u00e9rons chaque client comme un ami et nous faisons sinc\u00e8rement des affaires et nous nous lions d'amiti\u00e9 avec lui, quel que soit son pays d'origine.<\/p>","protected":false},"excerpt":{"rendered":"<p>Personnalisation : disponible<br \/>\nM\u00e9thode de fonctionnement : commutateur manuel\/t\u00e9l\u00e9command\u00e9<br \/>\nMat\u00e9riau du cadre : alliage d'aluminium<\/p>","protected":false},"featured_media":6179,"template":"","meta":{"_seopress_robots_primary_cat":"none","_seopress_titles_title":"%%post_title%%","_seopress_titles_desc":"%%post_excerpt%%","_seopress_robots_index":"","_uag_custom_page_level_css":"","site-sidebar-layout":"default","site-content-layout":"","ast-site-content-layout":"default","site-content-style":"default","site-sidebar-style":"default","ast-global-header-display":"","ast-banner-title-visibility":"","ast-main-header-display":"","ast-hfb-above-header-display":"","ast-hfb-below-header-display":"","ast-hfb-mobile-header-display":"","site-post-title":"","ast-breadcrumbs-content":"","ast-featured-img":"","footer-sml-layout":"","theme-transparent-header-meta":"default","adv-header-id-meta":"","stick-header-meta":"default","header-above-stick-meta":"","header-main-stick-meta":"","header-below-stick-meta":"","astra-migrate-meta-layouts":"set","ast-page-background-enabled":"default","ast-page-background-meta":{"desktop":{"background-color":"","background-image":"","background-repeat":"repeat","background-position":"center center","background-size":"auto","background-attachment":"scroll","background-type":"","background-media":"","overlay-type":"","overlay-color":"","overlay-opacity":"","overlay-gradient":""},"tablet":{"background-color":"","background-image":"","background-repeat":"repeat","background-position":"center center","background-size":"auto","background-attachment":"scroll","background-type":"","background-media":"","overlay-type":"","overlay-color":"","overlay-opacity":"","overlay-gradient":""},"mobile":{"background-color":"","background-image":"","background-repeat":"repeat","background-position":"center center","background-size":"auto","background-attachment":"scroll","background-type":"","background-media":"","overlay-type":"","overlay-color":"","overlay-opacity":"","overlay-gradient":""}},"ast-content-background-meta":{"desktop":{"background-color":"var(--ast-global-color-5)","background-image":"","background-repeat":"repeat","background-position":"center center","background-size":"auto","background-attachment":"scroll","background-type":"","background-media":"","overlay-type":"","overlay-color":"","overlay-opacity":"","overlay-gradient":""},"tablet":{"background-color":"var(--ast-global-color-5)","background-image":"","background-repeat":"repeat","background-position":"center center","background-size":"auto","background-attachment":"scroll","background-type":"","background-media":"","overlay-type":"","overlay-color":"","overlay-opacity":"","overlay-gradient":""},"mobile":{"background-color":"var(--ast-global-color-5)","background-image":"","background-repeat":"repeat","background-position":"center center","background-size":"auto","background-attachment":"scroll","background-type":"","background-media":"","overlay-type":"","overlay-color":"","overlay-opacity":"","overlay-gradient":""}}},"product_brand":[],"product_cat":[69],"product_tag":[],"class_list":{"0":"post-6165","1":"product","2":"type-product","3":"status-publish","4":"has-post-thumbnail","6":"product_cat-y-shaped-awning","7":"desktop-align-center","8":"tablet-align-left","9":"mobile-align-left","10":"ast-product-gallery-layout-horizontal-slider","11":"ast-product-tabs-layout-horizontal","13":"first","14":"instock","15":"featured","16":"shipping-taxable","17":"product-type-simple"},"uagb_featured_image_src":{"full":["https:\/\/mhuagroup.com\/wp-content\/uploads\/2026\/03\/Y\u578b\u906e\u9633\u68da-35.jpg",1667,1667,false],"thumbnail":["https:\/\/mhuagroup.com\/wp-content\/uploads\/2026\/03\/Y\u578b\u906e\u9633\u68da-35-150x150.jpg",150,150,true],"medium":["https:\/\/mhuagroup.com\/wp-content\/uploads\/2026\/03\/Y\u578b\u906e\u9633\u68da-35-300x300.jpg",300,300,true],"medium_large":["https:\/\/mhuagroup.com\/wp-content\/uploads\/2026\/03\/Y\u578b\u906e\u9633\u68da-35-768x768.jpg",768,768,true],"large":["https:\/\/mhuagroup.com\/wp-content\/uploads\/2026\/03\/Y\u578b\u906e\u9633\u68da-35-1024x1024.jpg",1024,1024,true],"1536x1536":["https:\/\/mhuagroup.com\/wp-content\/uploads\/2026\/03\/Y\u578b\u906e\u9633\u68da-35-1536x1536.jpg",1536,1536,true],"2048x2048":["https:\/\/mhuagroup.com\/wp-content\/uploads\/2026\/03\/Y\u578b\u906e\u9633\u68da-35.jpg",1667,1667,false],"trp-custom-language-flag":["https:\/\/mhuagroup.com\/wp-content\/uploads\/2026\/03\/Y\u578b\u906e\u9633\u68da-35-12x12.jpg",12,12,true],"woocommerce_thumbnail":["https:\/\/mhuagroup.com\/wp-content\/uploads\/2026\/03\/Y\u578b\u906e\u9633\u68da-35-300x300.jpg",300,300,true],"woocommerce_single":["https:\/\/mhuagroup.com\/wp-content\/uploads\/2026\/03\/Y\u578b\u906e\u9633\u68da-35-600x600.jpg",600,600,true],"woocommerce_gallery_thumbnail":["https:\/\/mhuagroup.com\/wp-content\/uploads\/2026\/03\/Y\u578b\u906e\u9633\u68da-35-100x100.jpg",100,100,true]},"uagb_author_info":{"display_name":"jinxing6611@gmail.com","author_link":"https:\/\/mhuagroup.com\/fr\/author\/"},"uagb_comment_info":0,"uagb_excerpt":"Customization:Available Operation Method:Manual\/Remote Control Switch Frame Material:Aluminum Alloy","_links":{"self":[{"href":"https:\/\/mhuagroup.com\/fr\/wp-json\/wp\/v2\/product\/6165","targetHints":{"allow":["GET"]}}],"collection":[{"href":"https:\/\/mhuagroup.com\/fr\/wp-json\/wp\/v2\/product"}],"about":[{"href":"https:\/\/mhuagroup.com\/fr\/wp-json\/wp\/v2\/types\/product"}],"version-history":[{"count":1,"href":"https:\/\/mhuagroup.com\/fr\/wp-json\/wp\/v2\/product\/6165\/revisions"}],"predecessor-version":[{"id":6186,"href":"https:\/\/mhuagroup.com\/fr\/wp-json\/wp\/v2\/product\/6165\/revisions\/6186"}],"wp:featuredmedia":[{"embeddable":true,"href":"https:\/\/mhuagroup.com\/fr\/wp-json\/wp\/v2\/media\/6179"}],"wp:attachment":[{"href":"https:\/\/mhuagroup.com\/fr\/wp-json\/wp\/v2\/media?parent=6165"}],"wp:term":[{"taxonomy":"product_brand","embeddable":true,"href":"https:\/\/mhuagroup.com\/fr\/wp-json\/wp\/v2\/product_brand?post=6165"},{"taxonomy":"product_cat","embeddable":true,"href":"https:\/\/mhuagroup.com\/fr\/wp-json\/wp\/v2\/product_cat?post=6165"},{"taxonomy":"product_tag","embeddable":true,"href":"https:\/\/mhuagroup.com\/fr\/wp-json\/wp\/v2\/product_tag?post=6165"}],"curies":[{"name":"wp","href":"https:\/\/api.w.org\/{rel}","templated":true}]}}