{"id":6250,"date":"2026-04-02T01:08:00","date_gmt":"2026-04-02T01:08:00","guid":{"rendered":"https:\/\/mhuagroup.com\/?post_type=product&#038;p=6250"},"modified":"2026-04-02T03:09:07","modified_gmt":"2026-04-02T03:09:07","slug":"remote-control-cassette-awning-electric-terrace-roof-for-flexible-sun-shade-and-light-rain","status":"publish","type":"product","link":"https:\/\/mhuagroup.com\/fr\/produit\/remote-control-cassette-awning-electric-terrace-roof-for-flexible-sun-shade-and-light-rain\/","title":{"rendered":"Store \u00e0 cassette t\u00e9l\u00e9command\u00e9 Toit de terrasse \u00e9lectrique pour une protection solaire flexible et une pluie l\u00e9g\u00e8re"},"content":{"rendered":"<h3 style=\"text-align: center;\"><strong><b>Store \u00e0 cassette complet<\/b><\/strong><\/h3>\n<p style=\"text-align: center;\"><strong><b>Auvents<\/b><\/strong><strong><b>\u00a0\u00a0<\/b><\/strong><strong><b>peut<\/b><\/strong><strong><b>\u00a0\u00a0<\/b><\/strong><strong><b>\u00e9galement<\/b><\/strong><strong><b>\u00a0\u00a0<\/b><\/strong><strong><b>\u00eatre<\/b><\/strong><strong><b>\u00a0\u00a0<\/b><\/strong><strong><b>haut de gamme<\/b><\/strong><\/p>\n<h6><strong>Des capacit\u00e9s et des technologies de R&amp;D de premier plan :<\/strong><\/h6>\n<p>Des mat\u00e9riaux de haute performance tels que le PVC \u00e9paissi et la fibre de polyester recycl\u00e9e sont adopt\u00e9s. Il atteint un taux de protection contre les UV de plus de 95%, peut r\u00e9sister \u00e0 des vents de niveau 8 \u00e0 12 et conserve des performances fiables pendant plus de 15 ans. \u00c9quip\u00e9 d'un syst\u00e8me de contr\u00f4le intelligent int\u00e9gr\u00e9, il prend en charge deux modes de fonctionnement - \u00e9lectrique et manuel. Il r\u00e9alise une r\u00e9gulation environnementale adaptative et un contr\u00f4le \u00e0 distance, contribuant \u00e0 une \u00e9conomie d'\u00e9nergie de plus de 30%.<\/p>\n<p>En tant que nouvelle g\u00e9n\u00e9ration de stores t\u00e9lescopiques, le store \u00e0 caisson plein est beaucoup plus avanc\u00e9 que le store t\u00e9lescopique traditionnel en ce qui concerne la conception de la forme, l'intelligence technologique et la durabilit\u00e9.<\/p>\n<ul>\n<li>Gr\u00e2ce \u00e0 la conception de la bo\u00eete tout-en-un, le tissu et le bras incurv\u00e9 peuvent \u00eatre enti\u00e8rement emball\u00e9s dans la bo\u00eete, ce qui peut non seulement jouer un r\u00f4le de protection, mais aussi donner \u00e0 l'ensemble du produit un aspect plus soign\u00e9 et plus beau.<\/li>\n<li>L'apparence du store \u00e0 caisson plein rend l'application de l'espace ext\u00e9rieur haut de gamme plus riche, la mod\u00e9lisation est br\u00e8ve, l'installation occupe moins de surface, sans affecter la structure originale du paysage, pour fournir des services d'ombrage et de pluie pour l'espace ext\u00e9rieur, pour cr\u00e9er un espace de loisir plus confortable et plus avanc\u00e9.<\/li>\n<\/ul>\n<p><img alt=\"\" fetchpriority=\"high\" decoding=\"async\" class=\"aligncenter wp-image-6252 size-large\" src=\"https:\/\/mhuagroup.com\/wp-content\/uploads\/2026\/04\/\u906e\u9633\u7bf7_\u65b0-62-1024x1024.jpg\" width=\"1024\" height=\"1024\" srcset=\"https:\/\/mhuagroup.com\/wp-content\/uploads\/2026\/04\/\u906e\u9633\u7bf7_\u65b0-62-1024x1024.jpg 1024w, https:\/\/mhuagroup.com\/wp-content\/uploads\/2026\/04\/\u906e\u9633\u7bf7_\u65b0-62-300x300.jpg 300w, https:\/\/mhuagroup.com\/wp-content\/uploads\/2026\/04\/\u906e\u9633\u7bf7_\u65b0-62-150x150.jpg 150w, https:\/\/mhuagroup.com\/wp-content\/uploads\/2026\/04\/\u906e\u9633\u7bf7_\u65b0-62-768x768.jpg 768w, https:\/\/mhuagroup.com\/wp-content\/uploads\/2026\/04\/\u906e\u9633\u7bf7_\u65b0-62-1536x1536.jpg 1536w, https:\/\/mhuagroup.com\/wp-content\/uploads\/2026\/04\/\u906e\u9633\u7bf7_\u65b0-62-12x12.jpg 12w, https:\/\/mhuagroup.com\/wp-content\/uploads\/2026\/04\/\u906e\u9633\u7bf7_\u65b0-62-600x600.jpg 600w, https:\/\/mhuagroup.com\/wp-content\/uploads\/2026\/04\/\u906e\u9633\u7bf7_\u65b0-62-100x100.jpg 100w, https:\/\/mhuagroup.com\/wp-content\/uploads\/2026\/04\/\u906e\u9633\u7bf7_\u65b0-62.jpg 1667w\" sizes=\"(max-width: 1024px) 100vw, 1024px\" \/><\/p>\n<h3 style=\"text-align: center;\"><strong><b>Int\u00e9gr\u00e9<\/b><\/strong><strong><b>\u00a0\u00a0\u00a0<\/b><\/strong><strong><b>Sceau\u00a0\u00a0<\/b><\/strong><strong><b>Conception<\/b><\/strong><\/h3>\n<h5 style=\"text-align: center;\">Aucun d\u00e9flecteur de pluie suppl\u00e9mentaire n'est n\u00e9cessaire<\/h5>\n<p style=\"text-align: left;\">Le d\u00e9flecteur de pluie et le corps de la bo\u00eete sont \u00e9galement int\u00e9gr\u00e9s, et il n'est pas n\u00e9cessaire d'installer un d\u00e9flecteur de pluie suppl\u00e9mentaire, ce qui rend la forme plus belle.<img alt=\"\" decoding=\"async\" class=\"aligncenter size-full wp-image-5879\" src=\"https:\/\/mhuagroup.com\/wp-content\/uploads\/2025\/06\/\u5fae\u4fe1\u56fe\u7247_20251205170230_1008_211.jpg\" width=\"1280\" height=\"582\" srcset=\"https:\/\/mhuagroup.com\/wp-content\/uploads\/2025\/06\/\u5fae\u4fe1\u56fe\u7247_20251205170230_1008_211.jpg 1280w, https:\/\/mhuagroup.com\/wp-content\/uploads\/2025\/06\/\u5fae\u4fe1\u56fe\u7247_20251205170230_1008_211-300x136.jpg 300w, https:\/\/mhuagroup.com\/wp-content\/uploads\/2025\/06\/\u5fae\u4fe1\u56fe\u7247_20251205170230_1008_211-1024x466.jpg 1024w, https:\/\/mhuagroup.com\/wp-content\/uploads\/2025\/06\/\u5fae\u4fe1\u56fe\u7247_20251205170230_1008_211-768x349.jpg 768w, https:\/\/mhuagroup.com\/wp-content\/uploads\/2025\/06\/\u5fae\u4fe1\u56fe\u7247_20251205170230_1008_211-18x8.jpg 18w, https:\/\/mhuagroup.com\/wp-content\/uploads\/2025\/06\/\u5fae\u4fe1\u56fe\u7247_20251205170230_1008_211-600x273.jpg 600w\" sizes=\"(max-width: 1280px) 100vw, 1280px\" \/><\/p>\n<h3 style=\"text-align: center;\"><strong><b>Mise \u00e0 niveau de l'\u00e9quilibre<\/b><\/strong><strong><b>\u00a0S<\/b><\/strong><strong><b>ystem<\/b><\/strong><\/h3>\n<h5 style=\"text-align: center;\">Ajustable, fermeture plus stable, dur\u00e9e de vie plus longue<\/h5>\n<p style=\"text-align: center;\">Adopte le syst\u00e8me d'\u00e9quilibre professionnel le plus performant de l'industrie, la fermeture du bras de flexion est plus stable, la dur\u00e9e de vie est plus longue !<br \/>\nR\u00e9glable de haut en bas jusqu'\u00e0 un maximum de 30\u00b0.<\/p>\n<p><img alt=\"\" decoding=\"async\" class=\"aligncenter size-full wp-image-4859\" src=\"https:\/\/mhuagroup.com\/wp-content\/uploads\/2025\/06\/\u56fe\u72471.png\" width=\"1024\" height=\"279\" srcset=\"https:\/\/mhuagroup.com\/wp-content\/uploads\/2025\/06\/\u56fe\u72471.png 1024w, https:\/\/mhuagroup.com\/wp-content\/uploads\/2025\/06\/\u56fe\u72471-300x82.png 300w, https:\/\/mhuagroup.com\/wp-content\/uploads\/2025\/06\/\u56fe\u72471-768x209.png 768w, https:\/\/mhuagroup.com\/wp-content\/uploads\/2025\/06\/\u56fe\u72471-18x5.png 18w, https:\/\/mhuagroup.com\/wp-content\/uploads\/2025\/06\/\u56fe\u72471-600x163.png 600w\" sizes=\"(max-width: 1024px) 100vw, 1024px\" \/><\/p>\n<h3 style=\"text-align: center;\"><strong>Nouveau type<\/strong><\/h3>\n<p style=\"text-align: left;\">Gr\u00e2ce \u00e0 l'adoption d'un syst\u00e8me d'\u00e9quilibre brevet\u00e9, les parties sup\u00e9rieure et inf\u00e9rieure du bras de flexion peuvent \u00eatre ajust\u00e9es de 30\u00b0 pour un positionnement pr\u00e9cis, et la force est support\u00e9e par le mur, ce qui am\u00e9liore consid\u00e9rablement la stabilit\u00e9 et la fermet\u00e9 du bras de flexion et peut r\u00e9soudre le probl\u00e8me de pliage serr\u00e9 du bras de flexion de grande taille.<\/p>\n<p><img alt=\"\" loading=\"lazy\" decoding=\"async\" class=\"aligncenter size-full wp-image-4860\" src=\"https:\/\/mhuagroup.com\/wp-content\/uploads\/2025\/06\/\u56fe\u72472.png\" width=\"998\" height=\"244\" srcset=\"https:\/\/mhuagroup.com\/wp-content\/uploads\/2025\/06\/\u56fe\u72472.png 998w, https:\/\/mhuagroup.com\/wp-content\/uploads\/2025\/06\/\u56fe\u72472-300x73.png 300w, https:\/\/mhuagroup.com\/wp-content\/uploads\/2025\/06\/\u56fe\u72472-768x188.png 768w, https:\/\/mhuagroup.com\/wp-content\/uploads\/2025\/06\/\u56fe\u72472-18x4.png 18w, https:\/\/mhuagroup.com\/wp-content\/uploads\/2025\/06\/\u56fe\u72472-600x147.png 600w\" sizes=\"(max-width: 998px) 100vw, 998px\" \/><\/p>\n<h4 style=\"text-align: center;\">Ancien type<\/h4>\n<p>L'ancien mod\u00e8le adopte une connexion ordinaire sans aucun traitement. Le bras de flexion se desserre facilement lorsqu'on utilise des vis pendant une longue p\u00e9riode, ce qui entra\u00eene l'affaissement du bras de flexion, l'impossibilit\u00e9 de fermer compl\u00e8tement l'ensemble de la bo\u00eete et une stabilit\u00e9 m\u00e9diocre.<\/p>\n<h3 style=\"text-align: center;\"><strong><b>Haute qualit\u00e9 A<\/b><\/strong><strong><b>Alliage d'aluminium<\/b><\/strong><\/h3>\n<h5 style=\"text-align: center;\">Pulv\u00e9risation de poudres \u00e0 haute densit\u00e9<\/h5>\n<p>La surface est pulv\u00e9ris\u00e9e avec un composite de diamant polycristallin (PDC), un m\u00e9lange de plastique et de r\u00e9sine en poudre de haute densit\u00e9, ce qui rend la surface du mat\u00e9riau sans corrosion, sans entretien, s\u00fbre et protectrice de l'environnement, sans formald\u00e9hyde, r\u00e9sistante \u00e0 l'acide et \u00e0 l'alcali pendant 20 ans sans se d\u00e9colorer.<img alt=\"\" loading=\"lazy\" decoding=\"async\" class=\"aligncenter size-full wp-image-5928\" src=\"https:\/\/mhuagroup.com\/wp-content\/uploads\/2025\/12\/\u8be6\u60c5-6-01.jpg\" width=\"2000\" height=\"954\" srcset=\"https:\/\/mhuagroup.com\/wp-content\/uploads\/2025\/12\/\u8be6\u60c5-6-01.jpg 2000w, https:\/\/mhuagroup.com\/wp-content\/uploads\/2025\/12\/\u8be6\u60c5-6-01-300x143.jpg 300w, https:\/\/mhuagroup.com\/wp-content\/uploads\/2025\/12\/\u8be6\u60c5-6-01-1024x488.jpg 1024w, https:\/\/mhuagroup.com\/wp-content\/uploads\/2025\/12\/\u8be6\u60c5-6-01-768x366.jpg 768w, https:\/\/mhuagroup.com\/wp-content\/uploads\/2025\/12\/\u8be6\u60c5-6-01-1536x733.jpg 1536w, https:\/\/mhuagroup.com\/wp-content\/uploads\/2025\/12\/\u8be6\u60c5-6-01-18x9.jpg 18w, https:\/\/mhuagroup.com\/wp-content\/uploads\/2025\/12\/\u8be6\u60c5-6-01-600x286.jpg 600w\" sizes=\"(max-width: 2000px) 100vw, 2000px\" \/><\/p>\n<p><img alt=\"\" loading=\"lazy\" decoding=\"async\" class=\"aligncenter size-full wp-image-4871\" src=\"https:\/\/mhuagroup.com\/wp-content\/uploads\/2025\/06\/\u8be6\u60c5-8-1.jpg\" width=\"1000\" height=\"373\" srcset=\"https:\/\/mhuagroup.com\/wp-content\/uploads\/2025\/06\/\u8be6\u60c5-8-1.jpg 1000w, https:\/\/mhuagroup.com\/wp-content\/uploads\/2025\/06\/\u8be6\u60c5-8-1-300x112.jpg 300w, https:\/\/mhuagroup.com\/wp-content\/uploads\/2025\/06\/\u8be6\u60c5-8-1-768x286.jpg 768w, https:\/\/mhuagroup.com\/wp-content\/uploads\/2025\/06\/\u8be6\u60c5-8-1-18x7.jpg 18w, https:\/\/mhuagroup.com\/wp-content\/uploads\/2025\/06\/\u8be6\u60c5-8-1-600x224.jpg 600w\" sizes=\"(max-width: 1000px) 100vw, 1000px\" \/><img alt=\"\" loading=\"lazy\" decoding=\"async\" class=\"aligncenter size-full wp-image-4872\" src=\"https:\/\/mhuagroup.com\/wp-content\/uploads\/2025\/06\/\u8be6\u60c5-9-1.jpg\" width=\"1000\" height=\"359\" srcset=\"https:\/\/mhuagroup.com\/wp-content\/uploads\/2025\/06\/\u8be6\u60c5-9-1.jpg 1000w, https:\/\/mhuagroup.com\/wp-content\/uploads\/2025\/06\/\u8be6\u60c5-9-1-300x108.jpg 300w, https:\/\/mhuagroup.com\/wp-content\/uploads\/2025\/06\/\u8be6\u60c5-9-1-768x276.jpg 768w, https:\/\/mhuagroup.com\/wp-content\/uploads\/2025\/06\/\u8be6\u60c5-9-1-18x6.jpg 18w, https:\/\/mhuagroup.com\/wp-content\/uploads\/2025\/06\/\u8be6\u60c5-9-1-600x215.jpg 600w\" sizes=\"(max-width: 1000px) 100vw, 1000px\" \/><\/p>\n<h3 style=\"text-align: center;\"><strong><b>Ombrage des fen\u00eatres et des portes<\/b><\/strong><\/h3>\n<p>Il peut \u00eatre install\u00e9 sur le bord sup\u00e9rieur du cadre de la porte et du cadre de la fen\u00eatre pour jouer le r\u00f4le d'ombrage et de protection contre la pluie. La conception int\u00e9gr\u00e9e haut de gamme permet non seulement de conserver la beaut\u00e9 de la conception originale du b\u00e2timent, mais aussi d'ajouter une touche d'avant-garde.<img alt=\"\" loading=\"lazy\" decoding=\"async\" class=\"aligncenter wp-image-6254 size-full\" src=\"https:\/\/mhuagroup.com\/wp-content\/uploads\/2026\/04\/\u72ec\u7acb\u7ad9_\u753b\u677f-1-\u526f\u672c-3-scaled.jpg\" width=\"2560\" height=\"1027\" srcset=\"https:\/\/mhuagroup.com\/wp-content\/uploads\/2026\/04\/\u72ec\u7acb\u7ad9_\u753b\u677f-1-\u526f\u672c-3-scaled.jpg 2560w, https:\/\/mhuagroup.com\/wp-content\/uploads\/2026\/04\/\u72ec\u7acb\u7ad9_\u753b\u677f-1-\u526f\u672c-3-300x120.jpg 300w, https:\/\/mhuagroup.com\/wp-content\/uploads\/2026\/04\/\u72ec\u7acb\u7ad9_\u753b\u677f-1-\u526f\u672c-3-1024x411.jpg 1024w, https:\/\/mhuagroup.com\/wp-content\/uploads\/2026\/04\/\u72ec\u7acb\u7ad9_\u753b\u677f-1-\u526f\u672c-3-768x308.jpg 768w, https:\/\/mhuagroup.com\/wp-content\/uploads\/2026\/04\/\u72ec\u7acb\u7ad9_\u753b\u677f-1-\u526f\u672c-3-1536x616.jpg 1536w, https:\/\/mhuagroup.com\/wp-content\/uploads\/2026\/04\/\u72ec\u7acb\u7ad9_\u753b\u677f-1-\u526f\u672c-3-2048x822.jpg 2048w, https:\/\/mhuagroup.com\/wp-content\/uploads\/2026\/04\/\u72ec\u7acb\u7ad9_\u753b\u677f-1-\u526f\u672c-3-18x7.jpg 18w, https:\/\/mhuagroup.com\/wp-content\/uploads\/2026\/04\/\u72ec\u7acb\u7ad9_\u753b\u677f-1-\u526f\u672c-3-600x241.jpg 600w\" sizes=\"(max-width: 2560px) 100vw, 2560px\" \/><\/p>\n<h3 style=\"text-align: center;\"><strong><b>Terrasse\/Cour<\/b><\/strong><\/h3>\n<p style=\"text-align: center;\">Peut \u00eatre utilis\u00e9 pour ombrager les terrasses des immeubles de grande hauteur, les cours des villas, pour cr\u00e9er son propre espace ext\u00e9rieur et profiter d'un rythme de vie agr\u00e9able et lent.<\/p>\n<p><img alt=\"\" loading=\"lazy\" decoding=\"async\" class=\"aligncenter wp-image-6253 size-full\" src=\"https:\/\/mhuagroup.com\/wp-content\/uploads\/2026\/04\/\u72ec\u7acb\u7ad9_\u753b\u677f-1-scaled.jpg\" width=\"2560\" height=\"1027\" srcset=\"https:\/\/mhuagroup.com\/wp-content\/uploads\/2026\/04\/\u72ec\u7acb\u7ad9_\u753b\u677f-1-scaled.jpg 2560w, https:\/\/mhuagroup.com\/wp-content\/uploads\/2026\/04\/\u72ec\u7acb\u7ad9_\u753b\u677f-1-300x120.jpg 300w, https:\/\/mhuagroup.com\/wp-content\/uploads\/2026\/04\/\u72ec\u7acb\u7ad9_\u753b\u677f-1-1024x411.jpg 1024w, https:\/\/mhuagroup.com\/wp-content\/uploads\/2026\/04\/\u72ec\u7acb\u7ad9_\u753b\u677f-1-768x308.jpg 768w, https:\/\/mhuagroup.com\/wp-content\/uploads\/2026\/04\/\u72ec\u7acb\u7ad9_\u753b\u677f-1-1536x616.jpg 1536w, https:\/\/mhuagroup.com\/wp-content\/uploads\/2026\/04\/\u72ec\u7acb\u7ad9_\u753b\u677f-1-2048x822.jpg 2048w, https:\/\/mhuagroup.com\/wp-content\/uploads\/2026\/04\/\u72ec\u7acb\u7ad9_\u753b\u677f-1-18x7.jpg 18w, https:\/\/mhuagroup.com\/wp-content\/uploads\/2026\/04\/\u72ec\u7acb\u7ad9_\u753b\u677f-1-600x241.jpg 600w\" sizes=\"(max-width: 2560px) 100vw, 2560px\" \/><\/p>\n<h3 style=\"text-align: center;\"><strong><b>Jardin<\/b><\/strong><strong><b>\u00a0P<\/b><\/strong><strong><b>ool<\/b><\/strong><\/h3>\n<p style=\"text-align: center;\">En \u00e9t\u00e9, la piscine ext\u00e9rieure et la piscine de jardin sont les lieux de loisirs et de d\u00e9tente pr\u00e9f\u00e9r\u00e9s de tous. Un store int\u00e9gral install\u00e9 dans la piscine ext\u00e9rieure n'est pas seulement haut de gamme et beau, mais il peut aussi prot\u00e9ger du soleil, ce qui est id\u00e9al pour se reposer et discuter apr\u00e8s avoir fait du sport.<img alt=\"\" loading=\"lazy\" decoding=\"async\" class=\"aligncenter wp-image-6255 size-full\" src=\"https:\/\/mhuagroup.com\/wp-content\/uploads\/2026\/04\/\u72ec\u7acb\u7ad9_\u753b\u677f-1-\u526f\u672c-scaled.jpg\" width=\"2560\" height=\"1027\" srcset=\"https:\/\/mhuagroup.com\/wp-content\/uploads\/2026\/04\/\u72ec\u7acb\u7ad9_\u753b\u677f-1-\u526f\u672c-scaled.jpg 2560w, https:\/\/mhuagroup.com\/wp-content\/uploads\/2026\/04\/\u72ec\u7acb\u7ad9_\u753b\u677f-1-\u526f\u672c-300x120.jpg 300w, https:\/\/mhuagroup.com\/wp-content\/uploads\/2026\/04\/\u72ec\u7acb\u7ad9_\u753b\u677f-1-\u526f\u672c-1024x411.jpg 1024w, https:\/\/mhuagroup.com\/wp-content\/uploads\/2026\/04\/\u72ec\u7acb\u7ad9_\u753b\u677f-1-\u526f\u672c-768x308.jpg 768w, https:\/\/mhuagroup.com\/wp-content\/uploads\/2026\/04\/\u72ec\u7acb\u7ad9_\u753b\u677f-1-\u526f\u672c-1536x616.jpg 1536w, https:\/\/mhuagroup.com\/wp-content\/uploads\/2026\/04\/\u72ec\u7acb\u7ad9_\u753b\u677f-1-\u526f\u672c-2048x822.jpg 2048w, https:\/\/mhuagroup.com\/wp-content\/uploads\/2026\/04\/\u72ec\u7acb\u7ad9_\u753b\u677f-1-\u526f\u672c-18x7.jpg 18w, https:\/\/mhuagroup.com\/wp-content\/uploads\/2026\/04\/\u72ec\u7acb\u7ad9_\u753b\u677f-1-\u526f\u672c-600x241.jpg 600w\" sizes=\"(max-width: 2560px) 100vw, 2560px\" \/><\/p>\n<h3 style=\"text-align: center;\"><strong><b>Fa\u00e7ade de magasin<\/b><\/strong><\/h3>\n<p style=\"text-align: center;\">Une vari\u00e9t\u00e9 de couleurs, de styles de tissu en option, peut \u00eatre personnalis\u00e9e avec un texte imprim\u00e9, un logo, convient \u00e0 l'ombrage des fa\u00e7ades de magasins, ainsi qu'aux clubs haut de gamme, aux caf\u00e9s et \u00e0 d'autres applications, mettant en valeur le go\u00fbt.<\/p>\n<p><img alt=\"\" loading=\"lazy\" decoding=\"async\" class=\"aligncenter wp-image-6256 size-full\" src=\"https:\/\/mhuagroup.com\/wp-content\/uploads\/2026\/04\/\u72ec\u7acb\u7ad9_\u753b\u677f-1-\u526f\u672c-2-scaled.jpg\" width=\"2560\" height=\"1027\" srcset=\"https:\/\/mhuagroup.com\/wp-content\/uploads\/2026\/04\/\u72ec\u7acb\u7ad9_\u753b\u677f-1-\u526f\u672c-2-scaled.jpg 2560w, https:\/\/mhuagroup.com\/wp-content\/uploads\/2026\/04\/\u72ec\u7acb\u7ad9_\u753b\u677f-1-\u526f\u672c-2-300x120.jpg 300w, https:\/\/mhuagroup.com\/wp-content\/uploads\/2026\/04\/\u72ec\u7acb\u7ad9_\u753b\u677f-1-\u526f\u672c-2-1024x411.jpg 1024w, https:\/\/mhuagroup.com\/wp-content\/uploads\/2026\/04\/\u72ec\u7acb\u7ad9_\u753b\u677f-1-\u526f\u672c-2-768x308.jpg 768w, https:\/\/mhuagroup.com\/wp-content\/uploads\/2026\/04\/\u72ec\u7acb\u7ad9_\u753b\u677f-1-\u526f\u672c-2-1536x616.jpg 1536w, https:\/\/mhuagroup.com\/wp-content\/uploads\/2026\/04\/\u72ec\u7acb\u7ad9_\u753b\u677f-1-\u526f\u672c-2-2048x822.jpg 2048w, https:\/\/mhuagroup.com\/wp-content\/uploads\/2026\/04\/\u72ec\u7acb\u7ad9_\u753b\u677f-1-\u526f\u672c-2-18x7.jpg 18w, https:\/\/mhuagroup.com\/wp-content\/uploads\/2026\/04\/\u72ec\u7acb\u7ad9_\u753b\u677f-1-\u526f\u672c-2-600x241.jpg 600w\" sizes=\"(max-width: 2560px) 100vw, 2560px\" \/><\/p>\n<p><strong>R\u00e9alisations en mati\u00e8re de coop\u00e9ration renforc\u00e9es<\/strong>: Nous avons fourni des solutions personnalis\u00e9es pour des caf\u00e9s, des restaurants, des entreprises sportives et culturelles, des magasins de rue ancienne, des vendeurs de march\u00e9 nocturne et d'autres op\u00e9rateurs. Nous avons obtenu des r\u00e9sultats tangibles tels qu'une augmentation de 20% de la fr\u00e9quentation des clients et une expansion de 40% de l'espace commercial, la r\u00e9putation du march\u00e9 validant notre capacit\u00e9 \u00e0 nous adapter \u00e0 divers sc\u00e9narios commerciaux.<\/p>\n<p><strong>De fortes capacit\u00e9s de production et d'ex\u00e9cution<\/strong>: La capacit\u00e9 de production annuelle d\u00e9passe les 10 000 m\u00e8tres carr\u00e9s. La conception modulaire permet un d\u00e9ploiement rapide, avec un temps d'ouverture \u00e9lectrique de 30 secondes et une livraison rapide dans les 7 \u00e0 10 jours. Nous proposons des services OEM\/ODM dans de nombreux sc\u00e9narios, avec un taux de pr\u00e9fabrication des composants de 90% et une r\u00e9duction de 60% des heures de travail li\u00e9es \u00e0 l'installation.<\/p>\n<p><strong>Soutien suffisant aux stocks<\/strong>: Nous maintenons des stocks r\u00e9guliers pour les mod\u00e8les de base, la quantit\u00e9 minimale de commande n'\u00e9tant que d'un seul jeu. Cela nous permet de r\u00e9pondre \u00e0 la fois aux besoins de commandes d'essai en petits lots et \u00e0 ceux de l'industrie.<\/p>\n<p>les besoins d'approvisionnement \u00e0 grande \u00e9chelle. Associ\u00e9e \u00e0 des services de livraison directe transfrontali\u00e8re, notre logistique est efficace et g\u00e9rable.<\/p>\n<h4 class=\"elementor-heading-title elementor-size-default\">Obtenir le dernier prix ? Nous vous r\u00e9pondrons d\u00e8s que possible (dans les 12 heures).<\/h4>","protected":false},"excerpt":{"rendered":"<p><strong>Marque\uff1a<\/strong>Mhua<br \/>\n<strong>Montage mural Longueur\uff1a<\/strong>Taille personnalis\u00e9e<br \/>\n<strong>Emballage \uff1a<\/strong>Carton ou emballage en bois<br \/>\n<strong>Mod\u00e8le NO.\uff1a<\/strong>Aw001<br \/>\n<strong>Mat\u00e9riau du cadre\uff1a<\/strong>Alliage d'aluminium<br \/>\n<strong>Usage\uff1a<\/strong>PatioJardinCottageCourPlage<br \/>\n<strong>Caract\u00e9ristiques\uff1a<\/strong>Extensible<\/p>","protected":false},"featured_media":6257,"template":"","meta":{"_seopress_robots_primary_cat":"none","_seopress_titles_title":"%%post_title%%","_seopress_titles_desc":"%%post_excerpt%%","_seopress_robots_index":"","_uag_custom_page_level_css":"","site-sidebar-layout":"default","site-content-layout":"","ast-site-content-layout":"default","site-content-style":"default","site-sidebar-style":"default","ast-global-header-display":"","ast-banner-title-visibility":"","ast-main-header-display":"","ast-hfb-above-header-display":"","ast-hfb-below-header-display":"","ast-hfb-mobile-header-display":"","site-post-title":"","ast-breadcrumbs-content":"","ast-featured-img":"","footer-sml-layout":"","ast-disable-related-posts":"","theme-transparent-header-meta":"default","adv-header-id-meta":"","stick-header-meta":"default","header-above-stick-meta":"","header-main-stick-meta":"","header-below-stick-meta":"","astra-migrate-meta-layouts":"set","ast-page-background-enabled":"default","ast-page-background-meta":{"desktop":{"background-color":"","background-image":"","background-repeat":"repeat","background-position":"center center","background-size":"auto","background-attachment":"scroll","background-type":"","background-media":"","overlay-type":"","overlay-color":"","overlay-opacity":"","overlay-gradient":""},"tablet":{"background-color":"","background-image":"","background-repeat":"repeat","background-position":"center center","background-size":"auto","background-attachment":"scroll","background-type":"","background-media":"","overlay-type":"","overlay-color":"","overlay-opacity":"","overlay-gradient":""},"mobile":{"background-color":"","background-image":"","background-repeat":"repeat","background-position":"center center","background-size":"auto","background-attachment":"scroll","background-type":"","background-media":"","overlay-type":"","overlay-color":"","overlay-opacity":"","overlay-gradient":""}},"ast-content-background-meta":{"desktop":{"background-color":"var(--ast-global-color-5)","background-image":"","background-repeat":"repeat","background-position":"center center","background-size":"auto","background-attachment":"scroll","background-type":"","background-media":"","overlay-type":"","overlay-color":"","overlay-opacity":"","overlay-gradient":""},"tablet":{"background-color":"var(--ast-global-color-5)","background-image":"","background-repeat":"repeat","background-position":"center center","background-size":"auto","background-attachment":"scroll","background-type":"","background-media":"","overlay-type":"","overlay-color":"","overlay-opacity":"","overlay-gradient":""},"mobile":{"background-color":"var(--ast-global-color-5)","background-image":"","background-repeat":"repeat","background-position":"center center","background-size":"auto","background-attachment":"scroll","background-type":"","background-media":"","overlay-type":"","overlay-color":"","overlay-opacity":"","overlay-gradient":""}}},"product_brand":[],"product_cat":[68],"product_tag":[],"class_list":{"0":"post-6250","1":"product","2":"type-product","3":"status-publish","4":"has-post-thumbnail","6":"product_cat-full-cassette-awning","7":"desktop-align-center","8":"tablet-align-left","9":"mobile-align-left","10":"ast-product-gallery-layout-horizontal-slider","11":"ast-product-tabs-layout-horizontal","13":"first","14":"instock","15":"shipping-taxable","16":"product-type-simple"},"uagb_featured_image_src":{"full":["https:\/\/mhuagroup.com\/wp-content\/uploads\/2026\/04\/\u906e\u9633\u7bf7_\u65b0-6.jpg",1667,1667,false],"thumbnail":["https:\/\/mhuagroup.com\/wp-content\/uploads\/2026\/04\/\u906e\u9633\u7bf7_\u65b0-6-150x150.jpg",150,150,true],"medium":["https:\/\/mhuagroup.com\/wp-content\/uploads\/2026\/04\/\u906e\u9633\u7bf7_\u65b0-6-300x300.jpg",300,300,true],"medium_large":["https:\/\/mhuagroup.com\/wp-content\/uploads\/2026\/04\/\u906e\u9633\u7bf7_\u65b0-6-768x768.jpg",768,768,true],"large":["https:\/\/mhuagroup.com\/wp-content\/uploads\/2026\/04\/\u906e\u9633\u7bf7_\u65b0-6-1024x1024.jpg",1024,1024,true],"1536x1536":["https:\/\/mhuagroup.com\/wp-content\/uploads\/2026\/04\/\u906e\u9633\u7bf7_\u65b0-6-1536x1536.jpg",1536,1536,true],"2048x2048":["https:\/\/mhuagroup.com\/wp-content\/uploads\/2026\/04\/\u906e\u9633\u7bf7_\u65b0-6.jpg",1667,1667,false],"trp-custom-language-flag":["https:\/\/mhuagroup.com\/wp-content\/uploads\/2026\/04\/\u906e\u9633\u7bf7_\u65b0-6-12x12.jpg",12,12,true],"woocommerce_thumbnail":["https:\/\/mhuagroup.com\/wp-content\/uploads\/2026\/04\/\u906e\u9633\u7bf7_\u65b0-6-300x300.jpg",300,300,true],"woocommerce_single":["https:\/\/mhuagroup.com\/wp-content\/uploads\/2026\/04\/\u906e\u9633\u7bf7_\u65b0-6-600x600.jpg",600,600,true],"woocommerce_gallery_thumbnail":["https:\/\/mhuagroup.com\/wp-content\/uploads\/2026\/04\/\u906e\u9633\u7bf7_\u65b0-6-100x100.jpg",100,100,true]},"uagb_author_info":{"display_name":"jinxing6611@gmail.com","author_link":"https:\/\/mhuagroup.com\/fr\/author\/"},"uagb_comment_info":0,"uagb_excerpt":"Brand\uff1aMhua Wall-mounted Length\uff1aCustomized Size Packaging \uff1aCarton or Wooden Package Model NO.\uff1aAw001 Frame Material\uff1aAluminum Alloy Usage\uff1aPatioGardenCottageCourtyardBeach Feature\uff1aExtendable","_links":{"self":[{"href":"https:\/\/mhuagroup.com\/fr\/wp-json\/wp\/v2\/product\/6250","targetHints":{"allow":["GET"]}}],"collection":[{"href":"https:\/\/mhuagroup.com\/fr\/wp-json\/wp\/v2\/product"}],"about":[{"href":"https:\/\/mhuagroup.com\/fr\/wp-json\/wp\/v2\/types\/product"}],"version-history":[{"count":1,"href":"https:\/\/mhuagroup.com\/fr\/wp-json\/wp\/v2\/product\/6250\/revisions"}],"predecessor-version":[{"id":6264,"href":"https:\/\/mhuagroup.com\/fr\/wp-json\/wp\/v2\/product\/6250\/revisions\/6264"}],"wp:featuredmedia":[{"embeddable":true,"href":"https:\/\/mhuagroup.com\/fr\/wp-json\/wp\/v2\/media\/6257"}],"wp:attachment":[{"href":"https:\/\/mhuagroup.com\/fr\/wp-json\/wp\/v2\/media?parent=6250"}],"wp:term":[{"taxonomy":"product_brand","embeddable":true,"href":"https:\/\/mhuagroup.com\/fr\/wp-json\/wp\/v2\/product_brand?post=6250"},{"taxonomy":"product_cat","embeddable":true,"href":"https:\/\/mhuagroup.com\/fr\/wp-json\/wp\/v2\/product_cat?post=6250"},{"taxonomy":"product_tag","embeddable":true,"href":"https:\/\/mhuagroup.com\/fr\/wp-json\/wp\/v2\/product_tag?post=6250"}],"curies":[{"name":"wp","href":"https:\/\/api.w.org\/{rel}","templated":true}]}}